{"id":220305,"date":"2023-08-08T09:48:12","date_gmt":"2023-08-08T07:48:12","guid":{"rendered":"https:\/\/www.noitech.net\/?page_id=220305"},"modified":"2023-08-08T09:57:28","modified_gmt":"2023-08-08T07:57:28","slug":"thank-you-page-preventivo-piano-scuola","status":"publish","type":"page","link":"https:\/\/www.noitech.net\/en\/thank-you-page-quote-school-plan\/","title":{"rendered":"Thank you page school plan quote"},"content":{"rendered":"<div data-elementor-type=\"wp-page\" data-elementor-id=\"220305\" class=\"elementor elementor-220305\" data-elementor-post-type=\"page\">\n\t\t\t\t\t\t<section class=\"elementor-section elementor-top-section elementor-element elementor-element-6fe5004 elementor-section-height-min-height elementor-section-boxed elementor-section-height-default elementor-section-items-middle\" data-id=\"6fe5004\" data-element_type=\"section\">\n\t\t\t\t\t\t<div class=\"elementor-container elementor-column-gap-default\">\n\t\t\t\t\t<div class=\"elementor-column elementor-col-100 elementor-top-column elementor-element elementor-element-9b2ca0e\" data-id=\"9b2ca0e\" data-element_type=\"column\">\n\t\t\t<div class=\"elementor-widget-wrap elementor-element-populated\">\n\t\t\t\t\t\t<div class=\"elementor-element elementor-element-47e8d00 elementor-widget elementor-widget-heading\" data-id=\"47e8d00\" data-element_type=\"widget\" data-widget_type=\"heading.default\">\n\t\t\t\t<div class=\"elementor-widget-container\">\n\t\t\t\t\t<h1 class=\"elementor-heading-title elementor-size-default\">Thanks for contacting us!<\/h1>\t\t\t\t<\/div>\n\t\t\t\t<\/div>\n\t\t\t\t<div class=\"elementor-element elementor-element-297ab0a elementor-widget elementor-widget-text-editor\" data-id=\"297ab0a\" data-element_type=\"widget\" data-widget_type=\"text-editor.default\">\n\t\t\t\t<div class=\"elementor-widget-container\">\n\t\t\t\t\t\t\t\t\t<h3>Your request has been forwarded and will be treated with the highest priority, you will receive a response from our team shortly.<\/h3>\t\t\t\t\t\t\t\t<\/div>\n\t\t\t\t<\/div>\n\t\t\t\t<div class=\"elementor-element elementor-element-150e5a0 elementor-mobile-align-justify elementor-align-center elementor-widget elementor-widget-button\" data-id=\"150e5a0\" data-element_type=\"widget\" data-widget_type=\"button.default\">\n\t\t\t\t<div class=\"elementor-widget-container\">\n\t\t\t\t\t\t\t\t\t<div class=\"elementor-button-wrapper\">\n\t\t\t\t\t<a class=\"elementor-button elementor-button-link elementor-size-lg\" href=\"https:\/\/www.noitech.net\/en\/\">\n\t\t\t\t\t\t<span class=\"elementor-button-content-wrapper\">\n\t\t\t\t\t\t\t\t\t<span class=\"elementor-button-text\">Return to home<\/span>\n\t\t\t\t\t<\/span>\n\t\t\t\t\t<\/a>\n\t\t\t\t<\/div>\n\t\t\t\t\t\t\t\t<\/div>\n\t\t\t\t<\/div>\n\t\t\t\t\t<\/div>\n\t\t<\/div>\n\t\t\t\t\t<\/div>\n\t\t<\/section>\n\t\t\t\t<\/div>","protected":false},"excerpt":{"rendered":"<p>Grazie, per averci contattato! La tua richiesta \u00e8 stata inoltrata e verr\u00e0 trattata con la massima priorit\u00e0, a breve riceverai una risposta dal nostro team. Ritorna alla home<\/p>","protected":false},"author":1,"featured_media":0,"parent":0,"menu_order":0,"comment_status":"closed","ping_status":"closed","template":"","meta":{"footnotes":""},"class_list":{"0":"post-220305","1":"page","2":"type-page","3":"status-publish","5":"no-featured-image-padding"},"_links":{"self":[{"href":"https:\/\/www.noitech.net\/en\/wp-json\/wp\/v2\/pages\/220305","targetHints":{"allow":["GET"]}}],"collection":[{"href":"https:\/\/www.noitech.net\/en\/wp-json\/wp\/v2\/pages"}],"about":[{"href":"https:\/\/www.noitech.net\/en\/wp-json\/wp\/v2\/types\/page"}],"author":[{"embeddable":true,"href":"https:\/\/www.noitech.net\/en\/wp-json\/wp\/v2\/users\/1"}],"replies":[{"embeddable":true,"href":"https:\/\/www.noitech.net\/en\/wp-json\/wp\/v2\/comments?post=220305"}],"version-history":[{"count":10,"href":"https:\/\/www.noitech.net\/en\/wp-json\/wp\/v2\/pages\/220305\/revisions"}],"predecessor-version":[{"id":220316,"href":"https:\/\/www.noitech.net\/en\/wp-json\/wp\/v2\/pages\/220305\/revisions\/220316"}],"wp:attachment":[{"href":"https:\/\/www.noitech.net\/en\/wp-json\/wp\/v2\/media?parent=220305"}],"curies":[{"name":"wp","href":"https:\/\/api.w.org\/{rel}","templated":true}]}}