{"id":206288,"date":"2019-01-16T16:30:40","date_gmt":"2019-01-16T16:30:40","guid":{"rendered":"http:\/\/www.noitech.net\/it\/?page_id=206288"},"modified":"2023-08-31T12:32:50","modified_gmt":"2023-08-31T10:32:50","slug":"contatti","status":"publish","type":"page","link":"https:\/\/www.noitech.net\/es\/contactos\/","title":{"rendered":"Ponerse en contacto"},"content":{"rendered":"<div data-elementor-type=\"wp-page\" data-elementor-id=\"206288\" class=\"elementor elementor-206288\" data-elementor-post-type=\"page\">\n\t\t\t\t\t\t<section class=\"elementor-section elementor-top-section elementor-element elementor-element-c11f0e0 elementor-section-boxed elementor-section-height-default elementor-section-height-default\" data-id=\"c11f0e0\" data-element_type=\"section\" data-settings=\"{&quot;background_background&quot;:&quot;classic&quot;}\">\n\t\t\t\t\t\t\t<div class=\"elementor-background-overlay\"><\/div>\n\t\t\t\t\t\t\t<div class=\"elementor-container elementor-column-gap-default\">\n\t\t\t\t\t<div class=\"elementor-column elementor-col-50 elementor-top-column elementor-element elementor-element-55cc2bc\" data-id=\"55cc2bc\" data-element_type=\"column\">\n\t\t\t<div class=\"elementor-widget-wrap elementor-element-populated\">\n\t\t\t\t\t\t<div class=\"elementor-element elementor-element-7c467de elementor-widget elementor-widget-spacer\" data-id=\"7c467de\" data-element_type=\"widget\" data-widget_type=\"spacer.default\">\n\t\t\t\t<div class=\"elementor-widget-container\">\n\t\t\t\t\t\t\t<div class=\"elementor-spacer\">\n\t\t\t<div class=\"elementor-spacer-inner\"><\/div>\n\t\t<\/div>\n\t\t\t\t\t\t<\/div>\n\t\t\t\t<\/div>\n\t\t\t\t<div class=\"elementor-element elementor-element-2759feb elementor-widget__width-auto elementor-widget elementor-widget-text-editor\" data-id=\"2759feb\" data-element_type=\"widget\" data-widget_type=\"text-editor.default\">\n\t\t\t\t<div class=\"elementor-widget-container\">\n\t\t\t\t\t\t\t\t\tPonerse en contacto\t\t\t\t\t\t\t\t<\/div>\n\t\t\t\t<\/div>\n\t\t\t\t<div class=\"elementor-element elementor-element-a1e7509 elementor-widget__width-inherit elementor-widget-tablet__width-auto elementor-widget-mobile__width-inherit animated-fast elementor-widget elementor-widget-text-editor\" data-id=\"a1e7509\" data-element_type=\"widget\" data-settings=\"{&quot;_animation&quot;:&quot;none&quot;}\" data-widget_type=\"text-editor.default\">\n\t\t\t\t<div class=\"elementor-widget-container\">\n\t\t\t\t\t\t\t\t\t<h1 style=\"color: #fff;\">Ponerse en contacto<\/h1>\t\t\t\t\t\t\t\t<\/div>\n\t\t\t\t<\/div>\n\t\t\t\t<div class=\"elementor-element elementor-element-13153ec elementor-widget elementor-widget-text-editor\" data-id=\"13153ec\" data-element_type=\"widget\" data-widget_type=\"text-editor.default\">\n\t\t\t\t<div class=\"elementor-widget-container\">\n\t\t\t\t\t\t\t\t\tDisfrute de la experiencia de expertos con una d\u00e9cada de experiencia en el campo del desarrollo de software empresarial, listos para satisfacer todas sus solicitudes. \t\t\t\t\t\t\t\t<\/div>\n\t\t\t\t<\/div>\n\t\t\t\t<div class=\"elementor-element elementor-element-dcd6cb2 elementor-widget elementor-widget-spacer\" data-id=\"dcd6cb2\" data-element_type=\"widget\" data-widget_type=\"spacer.default\">\n\t\t\t\t<div class=\"elementor-widget-container\">\n\t\t\t\t\t\t\t<div class=\"elementor-spacer\">\n\t\t\t<div class=\"elementor-spacer-inner\"><\/div>\n\t\t<\/div>\n\t\t\t\t\t\t<\/div>\n\t\t\t\t<\/div>\n\t\t\t\t\t<\/div>\n\t\t<\/div>\n\t\t\t\t<div class=\"elementor-column elementor-col-50 elementor-top-column elementor-element elementor-element-57b989c\" data-id=\"57b989c\" data-element_type=\"column\" data-settings=\"{&quot;background_background&quot;:&quot;classic&quot;}\">\n\t\t\t<div class=\"elementor-widget-wrap\">\n\t\t\t\t\t<div class=\"elementor-background-overlay\"><\/div>\n\t\t\t\t\t\t\t<\/div>\n\t\t<\/div>\n\t\t\t\t\t<\/div>\n\t\t<\/section>\n\t\t\t\t<section class=\"elementor-section elementor-top-section elementor-element elementor-element-6a51dfc elementor-section-boxed elementor-section-height-default elementor-section-height-default\" data-id=\"6a51dfc\" data-element_type=\"section\">\n\t\t\t\t\t\t<div class=\"elementor-container elementor-column-gap-default\">\n\t\t\t\t\t<div class=\"elementor-column elementor-col-50 elementor-top-column elementor-element elementor-element-b116408\" data-id=\"b116408\" data-element_type=\"column\">\n\t\t\t<div class=\"elementor-widget-wrap elementor-element-populated\">\n\t\t\t\t\t\t<div class=\"elementor-element elementor-element-3d50970 elementor-widget elementor-widget-text-editor\" data-id=\"3d50970\" data-element_type=\"widget\" data-widget_type=\"text-editor.default\">\n\t\t\t\t<div class=\"elementor-widget-container\">\n\t\t\t\t\t\t\t\t\t<p>Para solicitar un presupuesto sin compromiso o para obtener m\u00e1s informaci\u00f3n sobre nuestro negocio, env\u00ede un correo electr\u00f3nico o ll\u00e1menos.<\/p><p>Somos una Pyme innovadora que tiene la misi\u00f3n de apoyar a las empresas en la consultor\u00eda, dise\u00f1o y desarrollo de soluciones TI aprovechando las siguientes habilidades b\u00e1sicas: profesionalismo, confiabilidad, organizaci\u00f3n y eficiencia del equipo. <\/p>\t\t\t\t\t\t\t\t<\/div>\n\t\t\t\t<\/div>\n\t\t\t\t<div class=\"elementor-element elementor-element-4fc8fe9c elementor-widget elementor-widget-text-editor\" data-id=\"4fc8fe9c\" data-element_type=\"widget\" data-widget_type=\"text-editor.default\">\n\t\t\t\t<div class=\"elementor-widget-container\">\n\t\t\t\t\t\t\t\t\tNuestro servicio de atenci\u00f3n al cliente \t\t\t\t\t\t\t\t<\/div>\n\t\t\t\t<\/div>\n\t\t\t\t<section class=\"elementor-section elementor-inner-section elementor-element elementor-element-39290bf1 elementor-section-boxed elementor-section-height-default elementor-section-height-default\" data-id=\"39290bf1\" data-element_type=\"section\">\n\t\t\t\t\t\t<div class=\"elementor-container elementor-column-gap-default\">\n\t\t\t\t\t<div class=\"elementor-column elementor-col-100 elementor-inner-column elementor-element elementor-element-52a692d7\" data-id=\"52a692d7\" data-element_type=\"column\" data-settings=\"{&quot;background_background&quot;:&quot;classic&quot;}\">\n\t\t\t<div class=\"elementor-widget-wrap elementor-element-populated\">\n\t\t\t\t\t\t<div class=\"elementor-element elementor-element-324d0c61 elementor-position-right elementor-mobile-position-right elementor-view-default elementor-widget elementor-widget-icon-box\" data-id=\"324d0c61\" data-element_type=\"widget\" data-widget_type=\"icon-box.default\">\n\t\t\t\t<div class=\"elementor-widget-container\">\n\t\t\t\t\t\t\t<div class=\"elementor-icon-box-wrapper\">\n\n\t\t\t\t\t\t<div class=\"elementor-icon-box-icon\">\n\t\t\t\t<a href=\"tel: 393883742900\" class=\"elementor-icon\" tabindex=\"-1\" aria-label=\"(+39) 388 374 2900\">\n\t\t\t\t<i aria-hidden=\"true\" class=\"fab fa-whatsapp\"><\/i>\t\t\t\t<\/a>\n\t\t\t<\/div>\n\t\t\t\n\t\t\t\t\t\t<div class=\"elementor-icon-box-content\">\n\n\t\t\t\t\t\t\t\t\t<h3 class=\"elementor-icon-box-title\">\n\t\t\t\t\t\t<a href=\"tel: 393883742900\" >\n\t\t\t\t\t\t\t(+39) 388 374 2900\t\t\t\t\t\t<\/a>\n\t\t\t\t\t<\/h3>\n\t\t\t\t\n\t\t\t\t\t\t\t\t\t<p class=\"elementor-icon-box-description\">\n\t\t\t\t\t\tenv\u00edanos un whatsapp\t\t\t\t\t<\/p>\n\t\t\t\t\n\t\t\t<\/div>\n\t\t\t\n\t\t<\/div>\n\t\t\t\t\t\t<\/div>\n\t\t\t\t<\/div>\n\t\t\t\t\t<\/div>\n\t\t<\/div>\n\t\t\t\t\t<\/div>\n\t\t<\/section>\n\t\t\t\t<section class=\"elementor-section elementor-inner-section elementor-element elementor-element-57cd1685 elementor-section-boxed elementor-section-height-default elementor-section-height-default\" data-id=\"57cd1685\" data-element_type=\"section\">\n\t\t\t\t\t\t<div class=\"elementor-container elementor-column-gap-default\">\n\t\t\t\t\t<div class=\"elementor-column elementor-col-100 elementor-inner-column elementor-element elementor-element-1acc5064\" data-id=\"1acc5064\" data-element_type=\"column\" data-settings=\"{&quot;background_background&quot;:&quot;classic&quot;}\">\n\t\t\t<div class=\"elementor-widget-wrap elementor-element-populated\">\n\t\t\t\t\t\t<div class=\"elementor-element elementor-element-4f34cfed elementor-position-right elementor-mobile-position-right elementor-view-default elementor-widget elementor-widget-icon-box\" data-id=\"4f34cfed\" data-element_type=\"widget\" data-widget_type=\"icon-box.default\">\n\t\t\t\t<div class=\"elementor-widget-container\">\n\t\t\t\t\t\t\t<div class=\"elementor-icon-box-wrapper\">\n\n\t\t\t\t\t\t<div class=\"elementor-icon-box-icon\">\n\t\t\t\t<a href=\"tel: 390282954043 \" class=\"elementor-icon\" tabindex=\"-1\" aria-label=\"(+39) 02 8295 4043 \">\n\t\t\t\t<i aria-hidden=\"true\" class=\"fas fa-phone-alt\"><\/i>\t\t\t\t<\/a>\n\t\t\t<\/div>\n\t\t\t\n\t\t\t\t\t\t<div class=\"elementor-icon-box-content\">\n\n\t\t\t\t\t\t\t\t\t<h3 class=\"elementor-icon-box-title\">\n\t\t\t\t\t\t<a href=\"tel: 390282954043 \" >\n\t\t\t\t\t\t\t(+39) 02 8295 4043 \t\t\t\t\t\t<\/a>\n\t\t\t\t\t<\/h3>\n\t\t\t\t\n\t\t\t\t\t\t\t\t\t<p class=\"elementor-icon-box-description\">\n\t\t\t\t\t\tCont\u00e1ctanos por tel\u00e9fono\t\t\t\t\t<\/p>\n\t\t\t\t\n\t\t\t<\/div>\n\t\t\t\n\t\t<\/div>\n\t\t\t\t\t\t<\/div>\n\t\t\t\t<\/div>\n\t\t\t\t\t<\/div>\n\t\t<\/div>\n\t\t\t\t\t<\/div>\n\t\t<\/section>\n\t\t\t\t<section class=\"elementor-section elementor-inner-section elementor-element elementor-element-4b7d6bff elementor-section-boxed elementor-section-height-default elementor-section-height-default\" data-id=\"4b7d6bff\" data-element_type=\"section\" data-settings=\"{&quot;background_background&quot;:&quot;classic&quot;}\">\n\t\t\t\t\t\t<div class=\"elementor-container elementor-column-gap-default\">\n\t\t\t\t\t<div class=\"elementor-column elementor-col-100 elementor-inner-column elementor-element elementor-element-411b1d66\" data-id=\"411b1d66\" data-element_type=\"column\" data-settings=\"{&quot;background_background&quot;:&quot;classic&quot;}\">\n\t\t\t<div class=\"elementor-widget-wrap elementor-element-populated\">\n\t\t\t\t\t\t<div class=\"elementor-element elementor-element-744de44a elementor-position-right elementor-mobile-position-right elementor-view-default elementor-widget elementor-widget-icon-box\" data-id=\"744de44a\" data-element_type=\"widget\" data-widget_type=\"icon-box.default\">\n\t\t\t\t<div class=\"elementor-widget-container\">\n\t\t\t\t\t\t\t<div class=\"elementor-icon-box-wrapper\">\n\n\t\t\t\t\t\t<div class=\"elementor-icon-box-icon\">\n\t\t\t\t<a href=\"mailto:info@noitech.net\" class=\"elementor-icon\" tabindex=\"-1\" aria-label=\"info@noitech.net\">\n\t\t\t\t<i aria-hidden=\"true\" class=\"far fa-envelope\"><\/i>\t\t\t\t<\/a>\n\t\t\t<\/div>\n\t\t\t\n\t\t\t\t\t\t<div class=\"elementor-icon-box-content\">\n\n\t\t\t\t\t\t\t\t\t<h3 class=\"elementor-icon-box-title\">\n\t\t\t\t\t\t<a href=\"mailto:info@noitech.net\" >\n\t\t\t\t\t\t\tinfo@noitech.net\t\t\t\t\t\t<\/a>\n\t\t\t\t\t<\/h3>\n\t\t\t\t\n\t\t\t\t\t\t\t\t\t<p class=\"elementor-icon-box-description\">\n\t\t\t\t\t\tEscr\u00edbenos un correo electr\u00f3nico\t\t\t\t\t<\/p>\n\t\t\t\t\n\t\t\t<\/div>\n\t\t\t\n\t\t<\/div>\n\t\t\t\t\t\t<\/div>\n\t\t\t\t<\/div>\n\t\t\t\t\t<\/div>\n\t\t<\/div>\n\t\t\t\t\t<\/div>\n\t\t<\/section>\n\t\t\t\t\t<\/div>\n\t\t<\/div>\n\t\t\t\t<div class=\"elementor-column elementor-col-50 elementor-top-column elementor-element elementor-element-b985c22\" data-id=\"b985c22\" data-element_type=\"column\">\n\t\t\t<div class=\"elementor-widget-wrap elementor-element-populated\">\n\t\t\t\t\t\t<div class=\"elementor-element elementor-element-df59ea0 elementor-widget elementor-widget-text-editor\" data-id=\"df59ea0\" data-element_type=\"widget\" data-widget_type=\"text-editor.default\">\n\t\t\t\t<div class=\"elementor-widget-container\">\n\t\t\t\t\t\t\t\t\tInformaci\u00f3n requerida \t\t\t\t\t\t\t\t<\/div>\n\t\t\t\t<\/div>\n\t\t\t\t<div class=\"elementor-element elementor-element-7ea9fc5 elementor-widget elementor-widget-text-editor\" data-id=\"7ea9fc5\" data-element_type=\"widget\" data-widget_type=\"text-editor.default\">\n\t\t\t\t<div class=\"elementor-widget-container\">\n\t\t\t\t\t\t\t\t\tUno de nuestros expertos te responder\u00e1 lo antes posible.\t\t\t\t\t\t\t\t<\/div>\n\t\t\t\t<\/div>\n\t\t\t\t<div class=\"elementor-element elementor-element-f9c0024 elementor-widget elementor-widget-wpforms\" data-id=\"f9c0024\" data-element_type=\"widget\" data-widget_type=\"wpforms.default\">\n\t\t\t\t<div class=\"elementor-widget-container\">\n\t\t\t\t\t<div class=\"wpforms-container wpforms-container-full wpf-center\" id=\"wpforms-208331\"><form id=\"wpforms-form-208331\" class=\"wpforms-validate wpforms-form\" data-formid=\"208331\" method=\"post\" enctype=\"multipart\/form-data\" action=\"\/es\/wp-json\/wp\/v2\/pages\/206288\" data-token=\"1a6ddcb3d9c8efdd7a1667eaa0d352f0\" data-token-time=\"1777353620\" data-trp-original-action=\"\/es\/wp-json\/wp\/v2\/pages\/206288\"><noscript class=\"wpforms-error-noscript\">Active JavaScript en su navegador para completar este formulario.<\/noscript><div class=\"wpforms-field-container\"><div id=\"wpforms-208331-field_0-container\" class=\"wpforms-field wpforms-field-name\" data-field-id=\"0\"><label class=\"wpforms-field-label wpforms-label-hide\" for=\"wpforms-208331-field_0\">Nombre y apellido <span class=\"wpforms-required-label\">*<\/span><\/label><input type=\"text\" id=\"wpforms-208331-field_0\" class=\"wpforms-field-large wpforms-field-required\" name=\"wpforms[fields][0]\" placeholder=\"Nombre y apellido*\" required><\/div><div id=\"wpforms-208331-field_1-container\" class=\"wpforms-field wpforms-field-email\" data-field-id=\"1\"><label class=\"wpforms-field-label wpforms-label-hide\" for=\"wpforms-208331-field_1\">Correo electr\u00f3nico <span class=\"wpforms-required-label\">*<\/span><\/label><input type=\"email\" id=\"wpforms-208331-field_1\" class=\"wpforms-field-large wpforms-field-required\" name=\"wpforms[fields][1]\" placeholder=\"Correo electr\u00f3nico*\" spellcheck=\"false\" required><\/div><div id=\"wpforms-208331-field_4-container\" class=\"wpforms-field wpforms-field-name\" data-field-id=\"4\"><label class=\"wpforms-field-label wpforms-label-hide\" for=\"wpforms-208331-field_4\">Agencia<\/label><input type=\"text\" id=\"wpforms-208331-field_4\" class=\"wpforms-field-large\" name=\"wpforms[fields][4]\" placeholder=\"Agencia\" ><\/div><div id=\"wpforms-208331-field_5-container\" class=\"wpforms-field wpforms-field-name\" data-field-id=\"5\"><label class=\"wpforms-field-label wpforms-label-hide\" for=\"wpforms-208331-field_5\">Tel\u00e9fono<\/label><input type=\"text\" id=\"wpforms-208331-field_5\" class=\"wpforms-field-large\" name=\"wpforms[fields][5]\" placeholder=\"Tel\u00e9fono\" ><\/div><div id=\"wpforms-208331-field_2-container\" class=\"wpforms-field wpforms-field-textarea\" data-field-id=\"2\"><label class=\"wpforms-field-label wpforms-label-hide\" for=\"wpforms-208331-field_2\">Mensaje <span class=\"wpforms-required-label\">*<\/span><\/label><textarea id=\"wpforms-208331-field_2\" class=\"wpforms-field-medium wpforms-field-required\" name=\"wpforms[fields][2]\" placeholder=\"Mensaje\" required><\/textarea><\/div><div id=\"wpforms-208331-field_3-container\" class=\"wpforms-field wpforms-field-checkbox label-form-footer\" data-field-id=\"3\"><ul id=\"wpforms-208331-field_3\" class=\"wpforms-field-required\"><li class=\"choice-1 depth-1\"><input type=\"checkbox\" id=\"wpforms-208331-field_3_1\" name=\"wpforms[fields][3][]\" value=\"Acconsento al &lt;a href=&quot;https:\/\/noitech.net\/privacy-policy\/&quot; target=&quot;_blank&quot;&gt;trattamento dati personali&lt;\/a&gt;\" required><label class=\"wpforms-field-label-inline\" for=\"wpforms-208331-field_3_1\">estoy de acuerdo con <a href=\"https:\/\/www.noitech.net\/es\/politica-de-privacidad\/\" target=\"_blank\" rel=\"noopener\">procesamiento de datos personales<\/a><\/label><\/li><\/ul><\/div><\/div><!-- .wpforms-field-container --><div class=\"wpforms-field wpforms-field-hp\"><label for=\"wpforms-208331-field-hp\" class=\"wpforms-field-label\">Correo electr\u00f3nico<\/label><input type=\"text\" name=\"wpforms[hp]\" id=\"wpforms-208331-field-hp\" class=\"wpforms-field-medium\"><\/div><div class=\"wpforms-recaptcha-container wpforms-is-recaptcha wpforms-is-recaptcha-type-v2\" ><div class=\"g-recaptcha\" data-sitekey=\"6LdUE4oaAAAAAHIYt2sVi8eTkwGcbXOKOC67IKNj\"><\/div><input type=\"text\" name=\"g-recaptcha-hidden\" class=\"wpforms-recaptcha-hidden\" style=\"position:absolute!important;clip:rect(0,0,0,0)!important;height:1px!important;width:1px!important;border:0!important;overflow:hidden!important;padding:0!important;margin:0!important;\" data-rule-recaptcha=\"1\"><\/div><div class=\"wpforms-submit-container\" ><input type=\"hidden\" name=\"wpforms[id]\" value=\"208331\"><input type=\"hidden\" name=\"page_title\" value=\"\"><input type=\"hidden\" name=\"page_url\" value=\"https:\/\/www.noitech.net\/es\/wp-json\/wp\/v2\/pages\/206288\"><input type=\"hidden\" name=\"url_referer\" value=\"\"><button type=\"submit\" name=\"wpforms[submit]\" id=\"wpforms-submit-208331\" class=\"wpforms-submit\" data-alt-text=\"Invio in corso...\" data-submit-text=\"Invia Modulo di Richiesta\" aria-live=\"assertive\" value=\"wpforms-submit\">Enviar formulario de solicitud<\/button><\/div><input type=\"hidden\" name=\"trp-form-language\" value=\"es\"\/><\/form><\/div>  <!-- .wpforms-container -->\t\t\t\t<\/div>\n\t\t\t\t<\/div>\n\t\t\t\t\t<\/div>\n\t\t<\/div>\n\t\t\t\t\t<\/div>\n\t\t<\/section>\n\t\t\t\t<\/div>","protected":false},"excerpt":{"rendered":"<p>P\u00f3ngase en contacto P\u00f3ngase en contacto Disfrute de la experiencia de expertos con una d\u00e9cada de experiencia en el campo del desarrollo de software empresarial, listos para satisfacer todas sus solicitudes. Para solicitar presupuesto sin compromiso o para m\u00e1s informaci\u00f3n en nuestro\u2026 <\/p>\n<p class=\"read-more-container\"><a title=\"Ponerse en contacto\" class=\"read-more button\" href=\"https:\/\/www.noitech.net\/es\/contactos\/#more-206288\" aria-label=\"M\u00e1s en Ponte en contacto\">Leer m\u00e1s<\/a><\/p>","protected":false},"author":1,"featured_media":0,"parent":0,"menu_order":0,"comment_status":"closed","ping_status":"closed","template":"","meta":{"footnotes":""},"class_list":{"0":"post-206288","1":"page","2":"type-page","3":"status-publish","5":"no-featured-image-padding"},"_links":{"self":[{"href":"https:\/\/www.noitech.net\/es\/wp-json\/wp\/v2\/pages\/206288","targetHints":{"allow":["GET"]}}],"collection":[{"href":"https:\/\/www.noitech.net\/es\/wp-json\/wp\/v2\/pages"}],"about":[{"href":"https:\/\/www.noitech.net\/es\/wp-json\/wp\/v2\/types\/page"}],"author":[{"embeddable":true,"href":"https:\/\/www.noitech.net\/es\/wp-json\/wp\/v2\/users\/1"}],"replies":[{"embeddable":true,"href":"https:\/\/www.noitech.net\/es\/wp-json\/wp\/v2\/comments?post=206288"}],"version-history":[{"count":64,"href":"https:\/\/www.noitech.net\/es\/wp-json\/wp\/v2\/pages\/206288\/revisions"}],"predecessor-version":[{"id":221763,"href":"https:\/\/www.noitech.net\/es\/wp-json\/wp\/v2\/pages\/206288\/revisions\/221763"}],"wp:attachment":[{"href":"https:\/\/www.noitech.net\/es\/wp-json\/wp\/v2\/media?parent=206288"}],"curies":[{"name":"wp","href":"https:\/\/api.w.org\/{rel}","templated":true}]}}