{"id":206911,"date":"2019-01-26T10:00:04","date_gmt":"2019-01-26T10:00:04","guid":{"rendered":"http:\/\/www.noitech.net\/it\/?page_id=206911"},"modified":"2023-12-01T18:24:11","modified_gmt":"2023-12-01T17:24:11","slug":"privacy-policy","status":"publish","type":"page","link":"https:\/\/www.noitech.net\/es\/politica-de-privacidad\/","title":{"rendered":"pol\u00edtica de privacidad"},"content":{"rendered":"<div data-elementor-type=\"wp-page\" data-elementor-id=\"206911\" class=\"elementor elementor-206911\" data-elementor-post-type=\"page\">\n\t\t\t\t\t\t<section class=\"elementor-section elementor-top-section elementor-element elementor-element-735aab45 elementor-section-boxed elementor-section-height-default elementor-section-height-default\" data-id=\"735aab45\" data-element_type=\"section\">\n\t\t\t\t\t\t<div class=\"elementor-container elementor-column-gap-default\">\n\t\t\t\t\t<div class=\"elementor-column elementor-col-100 elementor-top-column elementor-element elementor-element-23c6c446\" data-id=\"23c6c446\" data-element_type=\"column\">\n\t\t\t<div class=\"elementor-widget-wrap elementor-element-populated\">\n\t\t\t\t\t\t<div class=\"elementor-element elementor-element-cc25fcd elementor-widget elementor-widget-text-editor\" data-id=\"cc25fcd\" data-element_type=\"widget\" data-widget_type=\"text-editor.default\">\n\t\t\t\t<div class=\"elementor-widget-container\">\n\t\t\t\t\t\t\t\t\t<p><\/p>\n<p><strong>Premisa<\/strong><\/p>\n<p><\/p>\n<p><\/p>\n<p>En cumplimiento del decreto legislativo de 30 de junio de 2003 n. 196 (C\u00f3digo sobre protecci\u00f3n de datos personales) y modificaciones posteriores, Noitech Srl, con sede en Catanzaro, Via Poerio n. 86, como &quot;titular&quot; del tratamiento, est\u00e1 obligado a facilitar a los interesados, de conformidad con el art. 13, la siguiente informaci\u00f3n sobre el uso de los datos personales relevantes. La informaci\u00f3n tambi\u00e9n est\u00e1 inspirada en la Recomendaci\u00f3n n\u00fam. 2\/2001 que las autoridades europeas de protecci\u00f3n de datos personales, reunidas en el Grupo establecido por el art. 29 de la directiva n\u00fam. 95\/46\/CE, adoptada el 17 de mayo de 2001 para identificar algunos requisitos m\u00ednimos para la recogida de datos personales en l\u00ednea y, en particular, los m\u00e9todos, tiempos y naturaleza de la informaci\u00f3n que los responsables del tratamiento deben proporcionar a los interesados cuando estos conectarse a p\u00e1ginas web, independientemente del prop\u00f3sito de la conexi\u00f3n.<\/p>\n<p><\/p>\n<p><\/p>\n<p><strong>Objeto del Decreto Legislativo 196\/2003<\/strong><\/p>\n<p><\/p>\n<p><\/p>\n<p>El C\u00f3digo tiene como objetivo garantizar que el tratamiento de datos personales se realice respetando los derechos y libertades fundamentales, as\u00ed como la dignidad del interesado, con especial referencia a la confidencialidad, la identidad personal y el derecho a la protecci\u00f3n de datos personales. La ley tiene como objetivo proteger los datos del interesado del tratamiento inadecuado por parte del &quot;responsable del tratamiento&quot; y, en particular, de la divulgaci\u00f3n de los datos a terceros sin el consentimiento previo del interesado, de conformidad con el art. 23 del Decreto Legislativo 196\/2003, excluyendo las hip\u00f3tesis legalmente previstas por el art. 24.<\/p>\n<p><\/p>\n<p><\/p>\n<p><strong>Controlador de datos<\/strong><\/p>\n<p><\/p>\n<p><\/p>\n<p>Noitech Srl \u2013 v\u00eda Poerio 86 \u2013 8800 Catanzaro (Italia), info@noitech.net<\/p>\n<p><\/p>\n<p><\/p>\n<p><strong>Tipos de datos recopilados<\/strong><\/p>\n<p><\/p>\n<p><\/p>\n<p>Entre los Datos Personales que recoge esta Aplicaci\u00f3n, de forma independiente o a trav\u00e9s de terceros, se encuentran: Correo electr\u00f3nico, Nombre, Apellidos, Cookies y Datos de uso. Otros Datos Personales recogidos podr\u00e1n indicarse en otros apartados de esta pol\u00edtica de privacidad o a trav\u00e9s de textos informativos mostrados junto con la recogida de los propios Datos. Los Datos Personales pueden ser ingresados voluntariamente por el Usuario o recopilados autom\u00e1ticamente durante el uso de esta Aplicaci\u00f3n. Cualquier uso de Cookies (u otras herramientas de seguimiento) por parte de esta Aplicaci\u00f3n o por los propietarios de servicios de terceros utilizados por esta Aplicaci\u00f3n, a menos que se especifique lo contrario, tiene como objetivo identificar al Usuario y registrar las preferencias pertinentes para fines estrictamente vinculados a la prestaci\u00f3n. del servicio solicitado por el Usuario. El hecho de que el Usuario no proporcione algunos Datos Personales puede impedir que esta Aplicaci\u00f3n proporcione sus servicios. El Usuario asume la responsabilidad por los Datos Personales de terceros publicados o compartidos a trav\u00e9s de esta Aplicaci\u00f3n y garantiza que tiene derecho a comunicarlos o difundirlos, liberando al Titular de cualquier responsabilidad frente a terceros.<\/p>\n<p><\/p>\n<p><\/p>\n<p><strong>M\u00e9todo y lugar de procesamiento de los datos recopilados.<\/strong><\/p>\n<p><\/p>\n<p><\/p>\n<p><strong>M\u00e9todos de tratamiento<\/strong><\/p>\n<p><\/p>\n<p><\/p>\n<p>El Titular procesa los Datos Personales de los Usuarios adoptando medidas de seguridad adecuadas encaminadas a evitar el acceso no autorizado, la divulgaci\u00f3n, modificaci\u00f3n o destrucci\u00f3n de los Datos Personales. El tratamiento se realiza mediante herramientas inform\u00e1ticas y\/o telem\u00e1ticas, con m\u00e9todos organizativos y con una l\u00f3gica estrictamente relacionada con las finalidades indicadas. Adem\u00e1s del Responsable del tratamiento, en algunos casos, categor\u00edas de personas involucradas en la organizaci\u00f3n del sitio (administradores administrativos, comerciales, de marketing, legales, administradores de sistemas) o partes externas (como proveedores externos de servicios t\u00e9cnicos, correos postales, alojamiento proveedores, empresas inform\u00e1ticas, agencias de comunicaci\u00f3n) tambi\u00e9n designados, si es necesario, como Encargados del tratamiento por el Responsable del tratamiento. La lista actualizada de Responsables siempre podr\u00e1 solicitarse al Responsable del tratamiento.<\/p>\n<p><\/p>\n<p><\/p>\n<p><strong>Lugar<\/strong><\/p>\n<p><\/p>\n<p><\/p>\n<p>Los Datos son tratados en las oficinas operativas del Titular y en cualquier otro lugar donde se encuentren las partes involucradas en el tratamiento. Para m\u00e1s informaci\u00f3n contacte con el Propietario.<\/p>\n<p><\/p>\n<p><\/p>\n<p><strong>Veces<\/strong><\/p>\n<p><\/p>\n<p><\/p>\n<p>Los Datos son tratados durante el tiempo necesario para llevar a cabo el servicio solicitado por el Usuario, o requerido por las finalidades descritas en este documento, pudiendo el Usuario siempre solicitar la interrupci\u00f3n del Tratamiento o la supresi\u00f3n de los Datos.<\/p>\n<p><\/p>\n<p><\/p>\n<p><strong>Finalidad del tratamiento de los datos recopilados<\/strong><\/p>\n<p><\/p>\n<p><\/p>\n<p>Los Datos del Usuario son recogidos para permitir al Titular la prestaci\u00f3n de sus servicios, as\u00ed como para las siguientes finalidades: Contactar con el Usuario, Interacci\u00f3n con redes sociales y plataformas externas, Mostrar contenidos de plataformas externas y Estad\u00edsticas. Los tipos de Datos Personales utilizados para cada finalidad se indican en los apartados espec\u00edficos de este documento.<\/p>\n<p><\/p>\n<p><\/p>\n<p><strong>Contactar al usuario<\/strong><\/p>\n<p><\/p>\n<p><\/p>\n<p><strong>Lista de correo o bolet\u00edn informativo (esta aplicaci\u00f3n)<\/strong><\/p>\n<p><\/p>\n<p><\/p>\n<p>Al registrarse en la lista de correo o bolet\u00edn informativo, la direcci\u00f3n de correo electr\u00f3nico del Usuario se agrega autom\u00e1ticamente a una lista de contactos a la que se pueden enviar mensajes de correo electr\u00f3nico que contienen informaci\u00f3n, incluida informaci\u00f3n comercial y promocional, relacionada con esta Aplicaci\u00f3n. Su direcci\u00f3n de correo electr\u00f3nico tambi\u00e9n puede agregarse a esta lista como resultado de registrarse en esta Aplicaci\u00f3n o despu\u00e9s de realizar una compra.<br>Datos personales recabados: Correo electr\u00f3nico y Nombre.<\/p>\n<p><\/p>\n<p><\/p>\n<p><strong>Formulario de contacto (Esta Solicitud)<\/strong><\/p>\n<p><\/p>\n<p><\/p>\n<p>Al cumplimentar el formulario de contacto con sus datos, el Usuario consiente su uso para dar respuesta a las solicitudes de informaci\u00f3n, presupuestos o cualquier otra \u00edndole indicada en el encabezado del formulario.<br>Datos personales recabados: Correo electr\u00f3nico, Nombre y Apellidos.<\/p>\n<p><\/p>\n<p><\/p>\n<p><strong>Interacci\u00f3n con redes sociales y plataformas externas<\/strong><\/p>\n<p><\/p>\n<p><\/p>\n<p>Estos servicios le permiten interactuar con redes sociales, u otras plataformas externas, directamente desde las p\u00e1ginas de esta Aplicaci\u00f3n. Las interacciones y la informaci\u00f3n adquirida por esta Aplicaci\u00f3n est\u00e1n en cualquier caso sujetas a la configuraci\u00f3n de privacidad del Usuario relativa a cada red social. Si se instala un servicio de interacci\u00f3n con redes sociales, es posible que, incluso si los Usuarios no utilizan el servicio, recopile datos de tr\u00e1fico relacionados con las p\u00e1ginas en las que est\u00e1 instalado.<\/p>\n<p><\/p>\n<p><\/p>\n<p>Bot\u00f3n Me gusta de Facebook y widgets sociales (Facebook, Inc.)<br>El bot\u00f3n &quot;Me gusta&quot; y los widgets sociales de Facebook son servicios de interacci\u00f3n con la red social Facebook, proporcionados por Facebook, Inc.<br>Datos personales recogidos: Cookies y Datos de uso.<br>Lugar de procesamiento: EE.UU. \u2013 <a href=\"https:\/\/www.facebook.com\/privacy\/explanation\" target=\"_blank\" rel=\"noopener\">pol\u00edtica de privacidad<\/a><\/p>\n<p><\/p>\n<p><\/p>\n<p>Bot\u00f3n Tweet de Twitter y widgets sociales (Twitter, Inc.)<br>El bot\u00f3n Tweet y los widgets sociales de Twitter son servicios de interacci\u00f3n con la red social Twitter, proporcionados por Twitter, Inc.<br>Datos personales recogidos: Cookies y Datos de uso.<br>Lugar de procesamiento: EE.UU. \u2013<a href=\"https:\/\/twitter.com\/privacy?lang=it\" target=\"_blank\" rel=\"noopener\"> pol\u00edtica de privacidad<\/a><\/p>\n<p><\/p>\n<p><\/p>\n<p>Bot\u00f3n social y widgets de Linkedin (LinkedIn Corporation)<br>El bot\u00f3n Linkedin y los widgets sociales son servicios de interacci\u00f3n con la red social Linkedin, proporcionados por LinkedIn Corporation.<br>Datos personales recogidos: Cookies y Datos de uso.<br>Lugar de procesamiento: EE.UU. \u2013 <a href=\"https:\/\/www.linkedin.com\/legal\/privacy-policy\" target=\"_blank\" rel=\"noopener\">pol\u00edtica de privacidad<\/a><\/p>\n<p><\/p>\n<p><\/p>\n<p>Fuentes de Google (Google Inc.)<br>Google Fonts es un servicio de visualizaci\u00f3n de estilos de caracteres gestionado por Google Inc. que permite a esta Aplicaci\u00f3n integrar dicho contenido dentro de sus p\u00e1ginas.<br>Datos personales recogidos: Cookies y Datos de uso.<br>Lugar de procesamiento: EE.UU. \u2013 <a href=\"https:\/\/policies.google.com\/privacy?hl=it\" target=\"_blank\" rel=\"noopener\">pol\u00edtica de privacidad<\/a><\/p>\n<p><\/p>\n<p><\/p>\n<p>Widget de Google Maps (Google Inc.)<br>Google Maps es un servicio de visualizaci\u00f3n de mapas gestionado por Google Inc. que permite a esta Aplicaci\u00f3n integrar dicho contenido dentro de sus p\u00e1ginas.<br>Datos personales recogidos: Cookies y Datos de uso.<br>Lugar de procesamiento: EE.UU. \u2013 <a href=\"https:\/\/policies.google.com\/privacy?hl=it\" target=\"_blank\" rel=\"noopener\">pol\u00edtica de privacidad<\/a><\/p>\n<p><\/p>\n<p><\/p>\n<p><strong>Estad\u00edsticas<\/strong><\/p>\n<p><\/p>\n<p><\/p>\n<p>Los servicios contenidos en esta secci\u00f3n permiten al Responsable del tratamiento controlar y analizar los datos de tr\u00e1fico y sirven para realizar un seguimiento del comportamiento del Usuario.<\/p>\n<p><\/p>\n<p><\/p>\n<p><strong>Google Analytics (Google Inc.)<\/strong><\/p>\n<p><\/p>\n<p><\/p>\n<p>Google Analytics es un servicio de an\u00e1lisis web proporcionado por Google Inc. (\u201cGoogle\u201d). Google utiliza los Datos personales recopilados con el fin de rastrear y examinar el uso de esta Aplicaci\u00f3n, compilar informes y compartirlos con otros servicios desarrollados por Google. Google podr\u00e1 utilizar Datos Personales para contextualizar y personalizar los anuncios de su red publicitaria.<br>Datos personales recogidos: Cookies y Datos de uso.<br>Lugar de procesamiento: EE.UU. \u2013 <a href=\"https:\/\/policies.google.com\/privacy?hl=it\" target=\"_blank\" rel=\"noopener\">pol\u00edtica de privacidad<\/a> <a href=\"https:\/\/tools.google.com\/dlpage\/gaoptout?hl=it\" target=\"_blank\" rel=\"noopener\">Optar por no<\/a><\/p>\n<p><\/p>\n<p><\/p>\n<p><strong>Obtenga m\u00e1s informaci\u00f3n sobre el tratamiento.<\/strong><\/p>\n<p><\/p>\n<p><\/p>\n<p><strong>defensa en la corte<\/strong><\/p>\n<p><\/p>\n<p><\/p>\n<p>Los Datos Personales del Usuario podr\u00e1n ser utilizados para la defensa por el Titular ante tribunales o en las etapas preparatorias de su posible establecimiento, contra abusos en el uso de los mismos o servicios relacionados por parte del Usuario. El Usuario declara ser consciente de que el Titular puede verse obligado a revelar los Datos a petici\u00f3n de las autoridades p\u00fablicas.<\/p>\n<p><\/p>\n<p><\/p>\n<p><strong>Informaci\u00f3n espec\u00edfica<\/strong><\/p>\n<p><\/p>\n<p><\/p>\n<p>A solicitud del Usuario, adem\u00e1s de la informaci\u00f3n contenida en esta pol\u00edtica de privacidad, esta Aplicaci\u00f3n puede proporcionar al Usuario informaci\u00f3n adicional y contextual sobre servicios espec\u00edficos, o la recopilaci\u00f3n y procesamiento de Datos Personales.<\/p>\n<p><\/p>\n<p><\/p>\n<p><strong>Registros y mantenimiento del sistema<\/strong><\/p>\n<p><\/p>\n<p><\/p>\n<p>Para necesidades relacionadas con la operaci\u00f3n y el mantenimiento, esta Aplicaci\u00f3n y cualquier servicio de terceros utilizado por ella pueden recopilar registros del sistema, es decir, archivos que registran interacciones y que tambi\u00e9n pueden contener Datos personales, como la direcci\u00f3n IP del Usuario.<\/p>\n<p><\/p>\n<p><\/p>\n<p><strong>Informaci\u00f3n no contenida en esta declaraci\u00f3n<\/strong><\/p>\n<p><\/p>\n<p><\/p>\n<p>Se puede solicitar m\u00e1s informaci\u00f3n en relaci\u00f3n con el procesamiento de Datos personales en cualquier momento al Controlador de datos utilizando la informaci\u00f3n de contacto.<\/p>\n<p><\/p>\n<p><\/p>\n<p><strong>Ejercicio de derechos por parte de los Usuarios<\/strong><\/p>\n<p><\/p>\n<p><\/p>\n<p>Los sujetos a quienes se refieren los Datos Personales tienen derecho en cualquier momento a obtener del Responsable del tratamiento confirmaci\u00f3n de la existencia o no de los mismos, a conocer su contenido y origen, a verificar su exactitud o solicitar su integraci\u00f3n, cancelaci\u00f3n, actualizaci\u00f3n. , rectificaci\u00f3n, transformaci\u00f3n en forma an\u00f3nima o bloqueo de Datos Personales tratados en violaci\u00f3n de la ley, as\u00ed como oponerse en cualquier caso, por motivos leg\u00edtimos, a su tratamiento. Las solicitudes deben dirigirse al Responsable del tratamiento. Esta aplicaci\u00f3n no admite solicitudes de &quot;No rastrear&quot;. Para saber si alg\u00fan servicio de terceros utilizado los respalda, consulte sus pol\u00edticas de privacidad.<\/p>\n<p><\/p>\n<p><\/p>\n<p><strong>Cambios a esta pol\u00edtica<\/strong><\/p>\n<p><\/p>\n<p><\/p>\n<p>El Responsable del tratamiento se reserva el derecho de realizar cambios en esta pol\u00edtica de privacidad en cualquier momento public\u00e1ndolos a los Usuarios en esta p\u00e1gina. Por lo tanto, consulte esta p\u00e1gina con frecuencia, tomando como referencia la fecha de la \u00faltima modificaci\u00f3n indicada en la parte inferior. En caso de no aceptaci\u00f3n de los cambios realizados en esta informaci\u00f3n, el Usuario deber\u00e1 dejar de utilizar esta Aplicaci\u00f3n y podr\u00e1 solicitar al Responsable del Tratamiento la eliminaci\u00f3n de sus Datos Personales. A menos que se especifique lo contrario, la pol\u00edtica de privacidad anterior seguir\u00e1 aplic\u00e1ndose a los Datos Personales recopilados hasta ese momento.<\/p><p><b>Informaci\u00f3n principal<\/b><em><br><\/em>Utilizamos el servicio de generaci\u00f3n de leads proporcionado por Leadinfo BV, Rotterdam, Pa\u00edses Bajos, que detecta visitas de empresas a nuestro sitio web en funci\u00f3n de direcciones IP y nos muestra informaci\u00f3n relacionada disponible p\u00fablicamente, como nombres o direcciones de empresas. Adem\u00e1s, Leadinfo coloca dos cookies de origen para brindar transparencia sobre c\u00f3mo nuestros visitantes usan nuestro sitio web, y la herramienta procesa dominios a partir de las entradas proporcionadas (por ejemplo, &quot;leadinfo.com&quot;) para correlacionar direcciones IP con empresas y mejorar los servicios. Para m\u00e1s informaci\u00f3n visite&nbsp;<a href=\"https:\/\/www.leadinfo.com\/it\/\" target=\"_blank\" rel=\"noopener\">www.leadinfo.com<\/a>. En esta p\u00e1gina:&nbsp;<a href=\"http:\/\/www.leadinfo.com\/en\/opt-out\" target=\"_blank\" rel=\"noopener\">www.leadinfo.com\/en\/opt-out<\/a>&nbsp;encontrar\u00e1 la opci\u00f3n de exclusi\u00f3n voluntaria. En caso de exclusi\u00f3n voluntaria, Leadinfo ya no utilizar\u00e1 sus datos. <br><\/p>\n<p><\/p>\t\t\t\t\t\t\t\t<\/div>\n\t\t\t\t<\/div>\n\t\t\t\t\t<\/div>\n\t\t<\/div>\n\t\t\t\t\t<\/div>\n\t\t<\/section>\n\t\t\t\t<\/div>","protected":false},"excerpt":{"rendered":"<p>Introducci\u00f3n De conformidad con el decreto legislativo del 30 de junio de 2003 n. 196 (C\u00f3digo sobre protecci\u00f3n de datos personales) y modificaciones posteriores, Noitech Srl, con sede en Catanzaro, Via Poerio n. 86, como \u201ctitular\u201d del tratamiento, se requiere... <\/p>\n<p class=\"read-more-container\"><a title=\"pol\u00edtica de privacidad\" class=\"read-more button\" href=\"https:\/\/www.noitech.net\/es\/politica-de-privacidad\/#more-206911\" aria-label=\"M\u00e1s en Pol\u00edtica de Privacidad\">Leer m\u00e1s<\/a><\/p>","protected":false},"author":1,"featured_media":0,"parent":0,"menu_order":0,"comment_status":"closed","ping_status":"closed","template":"","meta":{"footnotes":""},"class_list":{"0":"post-206911","1":"page","2":"type-page","3":"status-publish","5":"no-featured-image-padding"},"_links":{"self":[{"href":"https:\/\/www.noitech.net\/es\/wp-json\/wp\/v2\/pages\/206911","targetHints":{"allow":["GET"]}}],"collection":[{"href":"https:\/\/www.noitech.net\/es\/wp-json\/wp\/v2\/pages"}],"about":[{"href":"https:\/\/www.noitech.net\/es\/wp-json\/wp\/v2\/types\/page"}],"author":[{"embeddable":true,"href":"https:\/\/www.noitech.net\/es\/wp-json\/wp\/v2\/users\/1"}],"replies":[{"embeddable":true,"href":"https:\/\/www.noitech.net\/es\/wp-json\/wp\/v2\/comments?post=206911"}],"version-history":[{"count":8,"href":"https:\/\/www.noitech.net\/es\/wp-json\/wp\/v2\/pages\/206911\/revisions"}],"predecessor-version":[{"id":222428,"href":"https:\/\/www.noitech.net\/es\/wp-json\/wp\/v2\/pages\/206911\/revisions\/222428"}],"wp:attachment":[{"href":"https:\/\/www.noitech.net\/es\/wp-json\/wp\/v2\/media?parent=206911"}],"curies":[{"name":"wp","href":"https:\/\/api.w.org\/{rel}","templated":true}]}}