{"id":208752,"date":"2020-09-23T18:35:14","date_gmt":"2020-09-23T16:35:14","guid":{"rendered":"https:\/\/www.noitech.net\/it\/?page_id=208752"},"modified":"2023-01-30T12:15:29","modified_gmt":"2023-01-30T11:15:29","slug":"realizzazione-siti-web-aziendali","status":"publish","type":"page","link":"https:\/\/www.noitech.net\/es\/creacion-de-sitios-web-empresariales\/","title":{"rendered":"Creaci\u00f3n de p\u00e1ginas web corporativas profesionales para pymes"},"content":{"rendered":"<div data-elementor-type=\"wp-page\" data-elementor-id=\"208752\" class=\"elementor elementor-208752\" data-elementor-post-type=\"page\">\n\t\t\t\t\t\t<section class=\"elementor-section elementor-top-section elementor-element elementor-element-efaf5b9 elementor-section-boxed elementor-section-height-default elementor-section-height-default\" data-id=\"efaf5b9\" data-element_type=\"section\">\n\t\t\t\t\t\t<div class=\"elementor-container elementor-column-gap-default\">\n\t\t\t\t\t<div class=\"elementor-column elementor-col-50 elementor-top-column elementor-element elementor-element-878a932\" data-id=\"878a932\" data-element_type=\"column\">\n\t\t\t<div class=\"elementor-widget-wrap elementor-element-populated\">\n\t\t\t\t\t\t<div class=\"elementor-element elementor-element-eaecf69 elementor-widget elementor-widget-text-editor\" data-id=\"eaecf69\" data-element_type=\"widget\" data-widget_type=\"text-editor.default\">\n\t\t\t\t<div class=\"elementor-widget-container\">\n\t\t\t\t\t\t\t\t\t<h2><span id=\"1\" class=\"HALYaf KKjvXb\" role=\"tabpanel\"><span class=\"zRhise\"><span class=\"PkjLuf\" >Creaci\u00f3n de webs corporativas personalizadas e innovadoras para profesionales y pymes<br \/><\/span><\/span><\/span><\/h2>\t\t\t\t\t\t\t\t<\/div>\n\t\t\t\t<\/div>\n\t\t\t\t<div class=\"elementor-element elementor-element-22e2f21 elementor-widget elementor-widget-text-editor\" data-id=\"22e2f21\" data-element_type=\"widget\" data-widget_type=\"text-editor.default\">\n\t\t\t\t<div class=\"elementor-widget-container\">\n\t\t\t\t\t\t\t\t\t<p>Nos especializamos en <b>creaci\u00f3n de sitios web corporativos y profesionales<\/b> con gr\u00e1ficos hechos a medida y un dise\u00f1o atractivo. En todos nuestros proyectos, ya sea una web corporativa, un e-commerce o una web escaparate, el dise\u00f1o est\u00e1 pensado para cada escritorio, tablet y dispositivo m\u00f3vil.<\/p>\n<p>El dise\u00f1o de sitios web corporativos y profesionales es un trabajo que requiere gran profesionalidad, experiencia y pasi\u00f3n.<\/p>\t\t\t\t\t\t\t\t<\/div>\n\t\t\t\t<\/div>\n\t\t\t\t\t<\/div>\n\t\t<\/div>\n\t\t\t\t<div class=\"elementor-column elementor-col-50 elementor-top-column elementor-element elementor-element-d622c3c\" data-id=\"d622c3c\" data-element_type=\"column\">\n\t\t\t<div class=\"elementor-widget-wrap elementor-element-populated\">\n\t\t\t\t\t\t<div class=\"elementor-element elementor-element-dd66a45 elementor-widget elementor-widget-image\" data-id=\"dd66a45\" data-element_type=\"widget\" data-widget_type=\"image.default\">\n\t\t\t\t<div class=\"elementor-widget-container\">\n\t\t\t\t\t\t\t\t\t\t\t\t\t\t\t<img fetchpriority=\"high\" decoding=\"async\" width=\"1536\" height=\"932\" src=\"https:\/\/www.noitech.net\/wp-content\/uploads\/2021\/10\/creazione-siti-web-aziendali-1.webp\" class=\"attachment-full size-full wp-image-212060\" alt=\"creacion-de-sitios-web-de-empresa-1\" srcset=\"https:\/\/www.noitech.net\/wp-content\/uploads\/2021\/10\/creazione-siti-web-aziendali-1.webp 1536w, https:\/\/www.noitech.net\/wp-content\/uploads\/2021\/10\/creazione-siti-web-aziendali-1-300x182.webp 300w, https:\/\/www.noitech.net\/wp-content\/uploads\/2021\/10\/creazione-siti-web-aziendali-1-1024x621.webp 1024w, https:\/\/www.noitech.net\/wp-content\/uploads\/2021\/10\/creazione-siti-web-aziendali-1-768x466.webp 768w\" sizes=\"(max-width: 1536px) 100vw, 1536px\" >\t\t\t\t\t\t\t\t\t\t\t\t\t\t\t<\/div>\n\t\t\t\t<\/div>\n\t\t\t\t\t<\/div>\n\t\t<\/div>\n\t\t\t\t\t<\/div>\n\t\t<\/section>\n\t\t\t\t<section class=\"elementor-section elementor-top-section elementor-element elementor-element-3ad9866 elementor-reverse-mobile elementor-section-boxed elementor-section-height-default elementor-section-height-default\" data-id=\"3ad9866\" data-element_type=\"section\">\n\t\t\t\t\t\t<div class=\"elementor-container elementor-column-gap-default\">\n\t\t\t\t\t<div class=\"elementor-column elementor-col-50 elementor-top-column elementor-element elementor-element-583d3f7\" data-id=\"583d3f7\" data-element_type=\"column\">\n\t\t\t<div class=\"elementor-widget-wrap elementor-element-populated\">\n\t\t\t\t\t\t<div class=\"elementor-element elementor-element-0559352 elementor-widget elementor-widget-image\" data-id=\"0559352\" data-element_type=\"widget\" data-widget_type=\"image.default\">\n\t\t\t\t<div class=\"elementor-widget-container\">\n\t\t\t\t\t\t\t\t\t\t\t\t\t\t\t<img decoding=\"async\" width=\"1536\" height=\"932\" src=\"https:\/\/www.noitech.net\/wp-content\/uploads\/2021\/10\/creazione-siti-web-aziendali-2-1.webp\" class=\"attachment-full size-full wp-image-212064\" alt=\"creacion-de-sitios-web-de-empresa-2\" srcset=\"https:\/\/www.noitech.net\/wp-content\/uploads\/2021\/10\/creazione-siti-web-aziendali-2-1.webp 1536w, https:\/\/www.noitech.net\/wp-content\/uploads\/2021\/10\/creazione-siti-web-aziendali-2-1-300x182.webp 300w, https:\/\/www.noitech.net\/wp-content\/uploads\/2021\/10\/creazione-siti-web-aziendali-2-1-1024x621.webp 1024w, https:\/\/www.noitech.net\/wp-content\/uploads\/2021\/10\/creazione-siti-web-aziendali-2-1-768x466.webp 768w\" sizes=\"(max-width: 1536px) 100vw, 1536px\" >\t\t\t\t\t\t\t\t\t\t\t\t\t\t\t<\/div>\n\t\t\t\t<\/div>\n\t\t\t\t\t<\/div>\n\t\t<\/div>\n\t\t\t\t<div class=\"elementor-column elementor-col-50 elementor-top-column elementor-element elementor-element-3312ff2\" data-id=\"3312ff2\" data-element_type=\"column\">\n\t\t\t<div class=\"elementor-widget-wrap elementor-element-populated\">\n\t\t\t\t\t\t<div class=\"elementor-element elementor-element-acbd76b elementor-widget elementor-widget-text-editor\" data-id=\"acbd76b\" data-element_type=\"widget\" data-widget_type=\"text-editor.default\">\n\t\t\t\t<div class=\"elementor-widget-container\">\n\t\t\t\t\t\t\t\t\t<h2>Resultados concretos y m\u00e1s ventas para tu negocio<\/h2>\t\t\t\t\t\t\t\t<\/div>\n\t\t\t\t<\/div>\n\t\t\t\t<div class=\"elementor-element elementor-element-20b667a elementor-widget elementor-widget-text-editor\" data-id=\"20b667a\" data-element_type=\"widget\" data-widget_type=\"text-editor.default\">\n\t\t\t\t<div class=\"elementor-widget-container\">\n\t\t\t\t\t\t\t\t\t<p>Nos especializamos en <b>creaci\u00f3n de sitios web en WordPress CMS con alta capacidad de conversi\u00f3n<\/b> para empresas de cualquier tama\u00f1o.<\/p>\n<p>Profesionales en la creaci\u00f3n de sitios web escaparate para profesionales, <a href=\"https:\/\/www.noitech.net\/es\/realizzazione-siti-ecommerce\/\" target=\"_blank\" rel=\"noopener\">creaci\u00f3n de comercio electr\u00f3nico<\/a> para empresas minoristas y mayoristas, <a href=\"https:\/\/www.noitech.net\/es\/desarrollo-de-sistemas-de-gestion-web\/\" target=\"_blank\" rel=\"noopener\">desarrollo de gesti\u00f3n web<\/a> y soluciones innovadoras para su negocio.<\/p>\t\t\t\t\t\t\t\t<\/div>\n\t\t\t\t<\/div>\n\t\t\t\t\t<\/div>\n\t\t<\/div>\n\t\t\t\t\t<\/div>\n\t\t<\/section>\n\t\t\t\t<section class=\"elementor-section elementor-top-section elementor-element elementor-element-3ef7b90 elementor-section-boxed elementor-section-height-default elementor-section-height-default\" data-id=\"3ef7b90\" data-element_type=\"section\">\n\t\t\t\t\t\t<div class=\"elementor-container elementor-column-gap-default\">\n\t\t\t\t\t<div class=\"elementor-column elementor-col-50 elementor-top-column elementor-element elementor-element-8f1b20d\" data-id=\"8f1b20d\" data-element_type=\"column\">\n\t\t\t<div class=\"elementor-widget-wrap elementor-element-populated\">\n\t\t\t\t\t\t<div class=\"elementor-element elementor-element-c93777f elementor-widget elementor-widget-text-editor\" data-id=\"c93777f\" data-element_type=\"widget\" data-widget_type=\"text-editor.default\">\n\t\t\t\t<div class=\"elementor-widget-container\">\n\t\t\t\t\t\t\t\t\t<h2>M\u00e1s de 10 a\u00f1os de experiencia en la creaci\u00f3n de sitios web corporativos profesionales<\/h2>\t\t\t\t\t\t\t\t<\/div>\n\t\t\t\t<\/div>\n\t\t\t\t<div class=\"elementor-element elementor-element-c30c80f elementor-widget elementor-widget-text-editor\" data-id=\"c30c80f\" data-element_type=\"widget\" data-widget_type=\"text-editor.default\">\n\t\t\t\t<div class=\"elementor-widget-container\">\n\t\t\t\t\t\t\t\t\t<p>Hoy en d\u00eda un sitio web juega un papel fundamental para cualquier empresa, ayuda a que su empresa sea moderna y perfectamente insertada en su mercado de referencia. <\/p><p>Es una inversi\u00f3n ya que te permite abrir un nuevo canal de promoci\u00f3n de la imagen de tu empresa y te permite encontrar nuevos clientes.<\/p>\t\t\t\t\t\t\t\t<\/div>\n\t\t\t\t<\/div>\n\t\t\t\t\t<\/div>\n\t\t<\/div>\n\t\t\t\t<div class=\"elementor-column elementor-col-50 elementor-top-column elementor-element elementor-element-d8e330c\" data-id=\"d8e330c\" data-element_type=\"column\">\n\t\t\t<div class=\"elementor-widget-wrap elementor-element-populated\">\n\t\t\t\t\t\t<div class=\"elementor-element elementor-element-24d5720 elementor-widget elementor-widget-image\" data-id=\"24d5720\" data-element_type=\"widget\" data-widget_type=\"image.default\">\n\t\t\t\t<div class=\"elementor-widget-container\">\n\t\t\t\t\t\t\t\t\t\t\t\t\t\t\t<img decoding=\"async\" width=\"1536\" height=\"932\" src=\"https:\/\/www.noitech.net\/wp-content\/uploads\/2021\/10\/creazione-siti-web-aziendali-3.webp\" class=\"attachment-full size-full wp-image-212069\" alt=\"creacion-de-sitios-web-de-empresa-3\" srcset=\"https:\/\/www.noitech.net\/wp-content\/uploads\/2021\/10\/creazione-siti-web-aziendali-3.webp 1536w, https:\/\/www.noitech.net\/wp-content\/uploads\/2021\/10\/creazione-siti-web-aziendali-3-300x182.webp 300w, https:\/\/www.noitech.net\/wp-content\/uploads\/2021\/10\/creazione-siti-web-aziendali-3-1024x621.webp 1024w, https:\/\/www.noitech.net\/wp-content\/uploads\/2021\/10\/creazione-siti-web-aziendali-3-768x466.webp 768w\" sizes=\"(max-width: 1536px) 100vw, 1536px\" >\t\t\t\t\t\t\t\t\t\t\t\t\t\t\t<\/div>\n\t\t\t\t<\/div>\n\t\t\t\t\t<\/div>\n\t\t<\/div>\n\t\t\t\t\t<\/div>\n\t\t<\/section>\n\t\t\t\t<section class=\"elementor-section elementor-top-section elementor-element elementor-element-b0ed59b elementor-section-height-min-height elementor-section-boxed elementor-section-height-default elementor-section-items-middle\" data-id=\"b0ed59b\" data-element_type=\"section\" data-settings=\"{&quot;background_background&quot;:&quot;classic&quot;}\">\n\t\t\t\t\t\t<div class=\"elementor-container elementor-column-gap-default\">\n\t\t\t\t\t<div class=\"elementor-column elementor-col-33 elementor-top-column elementor-element elementor-element-0d4a99a\" data-id=\"0d4a99a\" data-element_type=\"column\">\n\t\t\t<div class=\"elementor-widget-wrap elementor-element-populated\">\n\t\t\t\t\t\t<div class=\"elementor-element elementor-element-6e6544f elementor-position-left elementor-view-default elementor-mobile-position-top elementor-widget elementor-widget-icon-box\" data-id=\"6e6544f\" data-element_type=\"widget\" data-widget_type=\"icon-box.default\">\n\t\t\t\t<div class=\"elementor-widget-container\">\n\t\t\t\t\t\t\t<div class=\"elementor-icon-box-wrapper\">\n\n\t\t\t\t\t\t<div class=\"elementor-icon-box-icon\">\n\t\t\t\t<span  class=\"elementor-icon\">\n\t\t\t\t<i aria-hidden=\"true\" class=\"fas fa-dollar-sign\"><\/i>\t\t\t\t<\/span>\n\t\t\t<\/div>\n\t\t\t\n\t\t\t\t\t\t<div class=\"elementor-icon-box-content\">\n\n\t\t\t\t\t\t\t\t\t<h3 class=\"elementor-icon-box-title\">\n\t\t\t\t\t\t<span  >\n\t\t\t\t\t\t\tGratis 1er a\u00f1o Hosting y mantenimiento de dominio \t\t\t\t\t\t<\/span>\n\t\t\t\t\t<\/h3>\n\t\t\t\t\n\t\t\t\t\n\t\t\t<\/div>\n\t\t\t\n\t\t<\/div>\n\t\t\t\t\t\t<\/div>\n\t\t\t\t<\/div>\n\t\t\t\t\t<\/div>\n\t\t<\/div>\n\t\t\t\t<div class=\"elementor-column elementor-col-33 elementor-top-column elementor-element elementor-element-3991cad\" data-id=\"3991cad\" data-element_type=\"column\">\n\t\t\t<div class=\"elementor-widget-wrap elementor-element-populated\">\n\t\t\t\t\t\t<div class=\"elementor-element elementor-element-ff02ff2 elementor-position-left elementor-view-default elementor-mobile-position-top elementor-widget elementor-widget-icon-box\" data-id=\"ff02ff2\" data-element_type=\"widget\" data-widget_type=\"icon-box.default\">\n\t\t\t\t<div class=\"elementor-widget-container\">\n\t\t\t\t\t\t\t<div class=\"elementor-icon-box-wrapper\">\n\n\t\t\t\t\t\t<div class=\"elementor-icon-box-icon\">\n\t\t\t\t<span  class=\"elementor-icon\">\n\t\t\t\t<i aria-hidden=\"true\" class=\"fas fa-graduation-cap\"><\/i>\t\t\t\t<\/span>\n\t\t\t<\/div>\n\t\t\t\n\t\t\t\t\t\t<div class=\"elementor-icon-box-content\">\n\n\t\t\t\t\t\t\t\t\t<h3 class=\"elementor-icon-box-title\">\n\t\t\t\t\t\t<span  >\n\t\t\t\t\t\t\tAsistencia y formaci\u00f3n para la gesti\u00f3n de sitios web.\t\t\t\t\t\t<\/span>\n\t\t\t\t\t<\/h3>\n\t\t\t\t\n\t\t\t\t\n\t\t\t<\/div>\n\t\t\t\n\t\t<\/div>\n\t\t\t\t\t\t<\/div>\n\t\t\t\t<\/div>\n\t\t\t\t\t<\/div>\n\t\t<\/div>\n\t\t\t\t<div class=\"elementor-column elementor-col-33 elementor-top-column elementor-element elementor-element-467a8c3\" data-id=\"467a8c3\" data-element_type=\"column\">\n\t\t\t<div class=\"elementor-widget-wrap elementor-element-populated\">\n\t\t\t\t\t\t<div class=\"elementor-element elementor-element-7241713 elementor-position-left elementor-view-default elementor-mobile-position-top elementor-widget elementor-widget-icon-box\" data-id=\"7241713\" data-element_type=\"widget\" data-widget_type=\"icon-box.default\">\n\t\t\t\t<div class=\"elementor-widget-container\">\n\t\t\t\t\t\t\t<div class=\"elementor-icon-box-wrapper\">\n\n\t\t\t\t\t\t<div class=\"elementor-icon-box-icon\">\n\t\t\t\t<span  class=\"elementor-icon\">\n\t\t\t\t<i aria-hidden=\"true\" class=\"fab fa-wordpress-simple\"><\/i>\t\t\t\t<\/span>\n\t\t\t<\/div>\n\t\t\t\n\t\t\t\t\t\t<div class=\"elementor-icon-box-content\">\n\n\t\t\t\t\t\t\t\t\t<h3 class=\"elementor-icon-box-title\">\n\t\t\t\t\t\t<span  >\n\t\t\t\t\t\t\tSitio web en WordPress, m\u00f3vil y compatible con SEO\t\t\t\t\t\t<\/span>\n\t\t\t\t\t<\/h3>\n\t\t\t\t\n\t\t\t\t\n\t\t\t<\/div>\n\t\t\t\n\t\t<\/div>\n\t\t\t\t\t\t<\/div>\n\t\t\t\t<\/div>\n\t\t\t\t\t<\/div>\n\t\t<\/div>\n\t\t\t\t\t<\/div>\n\t\t<\/section>\n\t\t\t\t<section class=\"elementor-section elementor-top-section elementor-element elementor-element-643bed9 elementor-section-boxed elementor-section-height-default elementor-section-height-default\" data-id=\"643bed9\" data-element_type=\"section\" id=\"servizi\" data-settings=\"{&quot;background_background&quot;:&quot;classic&quot;}\">\n\t\t\t\t\t\t\t<div class=\"elementor-background-overlay\"><\/div>\n\t\t\t\t\t\t\t<div class=\"elementor-container elementor-column-gap-default\">\n\t\t\t\t\t<div class=\"elementor-column elementor-col-100 elementor-top-column elementor-element elementor-element-b12b6fa\" data-id=\"b12b6fa\" data-element_type=\"column\">\n\t\t\t<div class=\"elementor-widget-wrap elementor-element-populated\">\n\t\t\t\t\t\t<div class=\"elementor-element elementor-element-36cd623e elementor-widget elementor-widget-text-editor\" data-id=\"36cd623e\" data-element_type=\"widget\" data-widget_type=\"text-editor.default\">\n\t\t\t\t<div class=\"elementor-widget-container\">\n\t\t\t\t\t\t\t\t\t<h2>Creaci\u00f3n de sitios web corporativos a precios competitivos<\/h2>\t\t\t\t\t\t\t\t<\/div>\n\t\t\t\t<\/div>\n\t\t\t\t<div class=\"elementor-element elementor-element-5cb46df elementor-widget elementor-widget-text-editor\" data-id=\"5cb46df\" data-element_type=\"widget\" data-widget_type=\"text-editor.default\">\n\t\t\t\t<div class=\"elementor-widget-container\">\n\t\t\t\t\t\t\t\t\t<p>Noitech lleva m\u00e1s de 10 a\u00f1os en el sector manufacturero <b>creaci\u00f3n de sitios web corporativos <\/b>WordPress para empresas de cualquier tama\u00f1o, sitios web de comercio electr\u00f3nico y plataformas web con alta capacidad de conversi\u00f3n a precios competitivos.<b> <\/b>Entonces, si desea un socio seguro, confiable y profesional, est\u00e1 en el lugar correcto.<\/p>\t\t\t\t\t\t\t\t<\/div>\n\t\t\t\t<\/div>\n\t\t\t\t<div class=\"elementor-element elementor-element-e4b18b8 elementor-align-center elementor-widget elementor-widget-button\" data-id=\"e4b18b8\" data-element_type=\"widget\" data-widget_type=\"button.default\">\n\t\t\t\t<div class=\"elementor-widget-container\">\n\t\t\t\t\t\t\t\t\t<div class=\"elementor-button-wrapper\">\n\t\t\t\t\t<a class=\"elementor-button elementor-button-link elementor-size-sm elementor-animation-float\" href=\"https:\/\/www.noitech.net\/es\/contactos\/\" target=\"_blank\" rel=\"noopener\">\n\t\t\t\t\t\t<span class=\"elementor-button-content-wrapper\">\n\t\t\t\t\t\t\t\t\t<span class=\"elementor-button-text\">SOLICITE UNA COTIZACI\u00d3N GRATUITA<\/span>\n\t\t\t\t\t<\/span>\n\t\t\t\t\t<\/a>\n\t\t\t\t<\/div>\n\t\t\t\t\t\t\t\t<\/div>\n\t\t\t\t<\/div>\n\t\t\t\t\t<\/div>\n\t\t<\/div>\n\t\t\t\t\t<\/div>\n\t\t<\/section>\n\t\t\t\t<section class=\"elementor-section elementor-top-section elementor-element elementor-element-5d3befd1 elementor-section-boxed elementor-section-height-default elementor-section-height-default\" data-id=\"5d3befd1\" data-element_type=\"section\" data-settings=\"{&quot;background_background&quot;:&quot;classic&quot;}\">\n\t\t\t\t\t\t<div class=\"elementor-container elementor-column-gap-default\">\n\t\t\t\t\t<div class=\"elementor-column elementor-col-100 elementor-top-column elementor-element elementor-element-6e7851fc\" data-id=\"6e7851fc\" data-element_type=\"column\">\n\t\t\t<div class=\"elementor-widget-wrap elementor-element-populated\">\n\t\t\t\t\t\t<div class=\"elementor-element elementor-element-3b3ee1a elementor-widget elementor-widget-text-editor\" data-id=\"3b3ee1a\" data-element_type=\"widget\" data-widget_type=\"text-editor.default\">\n\t\t\t\t<div class=\"elementor-widget-container\">\n\t\t\t\t\t\t\t\t\t<h2>Creaci\u00f3n de sitios web profesionales de cualquier tipo. <\/h2>\t\t\t\t\t\t\t\t<\/div>\n\t\t\t\t<\/div>\n\t\t\t\t<div class=\"elementor-element elementor-element-71731e2 elementor-widget elementor-widget-text-editor\" data-id=\"71731e2\" data-element_type=\"widget\" data-widget_type=\"text-editor.default\">\n\t\t\t\t<div class=\"elementor-widget-container\">\n\t\t\t\t\t\t\t\t\t<p><b>Noitech se especializa en la creaci\u00f3n de sitios web para cualquier tipo de mercado:<\/b><\/p>\t\t\t\t\t\t\t\t<\/div>\n\t\t\t\t<\/div>\n\t\t\t\t\t<\/div>\n\t\t<\/div>\n\t\t\t\t\t<\/div>\n\t\t<\/section>\n\t\t\t\t<section class=\"elementor-section elementor-top-section elementor-element elementor-element-903bb34 elementor-section-boxed elementor-section-height-default elementor-section-height-default\" data-id=\"903bb34\" data-element_type=\"section\" data-settings=\"{&quot;background_background&quot;:&quot;classic&quot;}\">\n\t\t\t\t\t\t<div class=\"elementor-container elementor-column-gap-default\">\n\t\t\t\t\t<div class=\"elementor-column elementor-col-33 elementor-top-column elementor-element elementor-element-92886a3\" data-id=\"92886a3\" data-element_type=\"column\">\n\t\t\t<div class=\"elementor-widget-wrap elementor-element-populated\">\n\t\t\t\t\t\t<div class=\"elementor-element elementor-element-220f4e6 elementor-widget elementor-widget-text-editor\" data-id=\"220f4e6\" data-element_type=\"widget\" data-widget_type=\"text-editor.default\">\n\t\t\t\t<div class=\"elementor-widget-container\">\n\t\t\t\t\t\t\t\t\t<ul>\n \t<li>creaci\u00f3n de sitios web escaparate<\/li>\n \t<li><a href=\"https:\/\/www.noitech.net\/es\/creacion-de-sitios-profesionales-de-comercio-electronico\/\" target=\"_blank\" rel=\"noopener\">creaci\u00f3n de sitios web profesionales de comercio electr\u00f3nico<\/a><\/li>\n \t<li><a href=\"https:\/\/www.noitech.net\/es\/creacion-de-pagina-de-destino\/\" target=\"_blank\" rel=\"noopener\">creaci\u00f3n de sitios web de una sola p\u00e1gina (p\u00e1gina de destino)<\/a><\/li>\n \t<li><span id=\"1\" class=\"HALYaf KKjvXb\" role=\"tabpanel\"><span class=\"zRhise\"><span class=\"PkjLuf\" ><span class=\"PkjLuf\" >creaci\u00f3n de sitios de gu\u00eda tur\u00edstica<\/span><\/span><\/span><\/span><\/li>\n \t<li><a href=\"https:\/\/www.noitech.net\/es\/creacion-de-sitios-web-para-medicos-y-doctores\/\" target=\"_blank\" rel=\"noopener\">creaci\u00f3n de sitios web para Doctores y Doctores<\/a><\/li>\n \t<li>creaci\u00f3n de directorio web<\/li>\n \t<li><a href=\"https:\/\/www.noitech.net\/es\/creacion-de-sitios-web-empresariales\/\" target=\"_blank\" rel=\"noopener\">creaci\u00f3n de sitios web para abogados y despachos de abogados<\/a><\/li>\n \t<li>creaci\u00f3n de sitios web corporativos<\/li>\n \t<li><a href=\"https:\/\/www.noitech.net\/es\/creacion-de-blogs-corporativos\/\" target=\"_blank\" rel=\"noopener\">creaci\u00f3n de blogs corporativos<\/a><\/li>\n<\/ul>\t\t\t\t\t\t\t\t<\/div>\n\t\t\t\t<\/div>\n\t\t\t\t\t<\/div>\n\t\t<\/div>\n\t\t\t\t<div class=\"elementor-column elementor-col-33 elementor-top-column elementor-element elementor-element-e82ff80\" data-id=\"e82ff80\" data-element_type=\"column\">\n\t\t\t<div class=\"elementor-widget-wrap elementor-element-populated\">\n\t\t\t\t\t\t<div class=\"elementor-element elementor-element-7e93988 elementor-widget elementor-widget-text-editor\" data-id=\"7e93988\" data-element_type=\"widget\" data-widget_type=\"text-editor.default\">\n\t\t\t\t<div class=\"elementor-widget-container\">\n\t\t\t\t\t\t\t\t\t<ul><li>creaci\u00f3n de p\u00e1ginas web de moda y sector de la moda<\/li><li>creaci\u00f3n de sitios web para organizaciones sin fines de lucro<\/li><li>creaci\u00f3n de sitios web de cat\u00e1logo<\/li><li><a href=\"https:\/\/www.noitech.net\/es\/creacion-de-sitios-web-para-hoteles\/\" target=\"_blank\" rel=\"noopener\">creaci\u00f3n de sitios web para hoteles<\/a><\/li><li>creaci\u00f3n de sitios web para NCC (Alquiler de coches con conductor)<\/li><li><span id=\"1\" class=\"HALYaf KKjvXb\" role=\"tabpanel\"><span class=\"zRhise\"><span class=\"PkjLuf\" >creaci\u00f3n de sitios web de peri\u00f3dicos<\/span><\/span><\/span><\/li><li><span id=\"1\" class=\"HALYaf KKjvXb\" role=\"tabpanel\"><span class=\"zRhise\"><span class=\"PkjLuf\" >creaci\u00f3n de sitios web para empresas del sector m\u00e9dico<\/span><\/span><\/span><\/li><li><span id=\"1\" class=\"HALYaf KKjvXb\" role=\"tabpanel\"><span class=\"zRhise\"><span class=\"PkjLuf\" ><a href=\"https:\/\/www.noitech.net\/es\/creacion-de-sitios-web-para-centros-de-belleza\/\" target=\"_blank\" rel=\"noopener\">creaci\u00f3n de sitios web para centros de belleza<\/a> <\/span><\/span><\/span><\/li><\/ul>\t\t\t\t\t\t\t\t<\/div>\n\t\t\t\t<\/div>\n\t\t\t\t\t<\/div>\n\t\t<\/div>\n\t\t\t\t<div class=\"elementor-column elementor-col-33 elementor-top-column elementor-element elementor-element-2603a41\" data-id=\"2603a41\" data-element_type=\"column\">\n\t\t\t<div class=\"elementor-widget-wrap elementor-element-populated\">\n\t\t\t\t\t\t<div class=\"elementor-element elementor-element-9bed2c6 elementor-widget elementor-widget-text-editor\" data-id=\"9bed2c6\" data-element_type=\"widget\" data-widget_type=\"text-editor.default\">\n\t\t\t\t<div class=\"elementor-widget-container\">\n\t\t\t\t\t\t\t\t\t<ul><li>creaci\u00f3n de sitios web personalizados y a medida<\/li><li>creaci\u00f3n de sitios web para empresas comerciales y pymes<\/li><li>creaci\u00f3n de sitios web para grandes empresas<\/li><li>creaci\u00f3n de sitios web para startups y nuevos negocios<\/li><li>creaci\u00f3n de sitios web para artesanos<\/li><li><a href=\"https:\/\/www.noitech.net\/es\/creacion-de-sitios-web-para-colegios-e-institutos\/\" target=\"_blank\" rel=\"noopener\">creaci\u00f3n de sitios web para colegios e institutos<\/a><\/li><li><span id=\"1\" class=\"HALYaf KKjvXb\" role=\"tabpanel\"><span class=\"zRhise\"><span class=\"PkjLuf\" >creaci\u00f3n de sitios web para carpinteros<\/span><\/span><\/span><\/li><\/ul>\t\t\t\t\t\t\t\t<\/div>\n\t\t\t\t<\/div>\n\t\t\t\t\t<\/div>\n\t\t<\/div>\n\t\t\t\t\t<\/div>\n\t\t<\/section>\n\t\t\t\t<\/div>","protected":false},"excerpt":{"rendered":"<p>Realizzazione siti web aziendali custom e innovativi per professionisti e PMI Siamo specializzati nella realizzazione di siti web aziendali e professionali con una grafica su misura e un design accattivante. In tutti i nostri progetti, che sia un sito web &#8230; <\/p>\n<p class=\"read-more-container\"><a title=\"Creaci\u00f3n de p\u00e1ginas web corporativas profesionales para pymes\" class=\"read-more button\" href=\"https:\/\/www.noitech.net\/es\/creacion-de-sitios-web-empresariales\/#more-208752\" aria-label=\"M\u00e1s en Realizzazione siti web aziendali professionali per PMI\">Leer m\u00e1s<\/a><\/p>","protected":false},"author":1,"featured_media":0,"parent":0,"menu_order":0,"comment_status":"closed","ping_status":"closed","template":"","meta":{"footnotes":""},"class_list":{"0":"post-208752","1":"page","2":"type-page","3":"status-publish","5":"no-featured-image-padding"},"_links":{"self":[{"href":"https:\/\/www.noitech.net\/es\/wp-json\/wp\/v2\/pages\/208752","targetHints":{"allow":["GET"]}}],"collection":[{"href":"https:\/\/www.noitech.net\/es\/wp-json\/wp\/v2\/pages"}],"about":[{"href":"https:\/\/www.noitech.net\/es\/wp-json\/wp\/v2\/types\/page"}],"author":[{"embeddable":true,"href":"https:\/\/www.noitech.net\/es\/wp-json\/wp\/v2\/users\/1"}],"replies":[{"embeddable":true,"href":"https:\/\/www.noitech.net\/es\/wp-json\/wp\/v2\/comments?post=208752"}],"version-history":[{"count":22,"href":"https:\/\/www.noitech.net\/es\/wp-json\/wp\/v2\/pages\/208752\/revisions"}],"predecessor-version":[{"id":218109,"href":"https:\/\/www.noitech.net\/es\/wp-json\/wp\/v2\/pages\/208752\/revisions\/218109"}],"wp:attachment":[{"href":"https:\/\/www.noitech.net\/es\/wp-json\/wp\/v2\/media?parent=208752"}],"curies":[{"name":"wp","href":"https:\/\/api.w.org\/{rel}","templated":true}]}}