{"id":208762,"date":"2020-09-23T19:02:31","date_gmt":"2020-09-23T17:02:31","guid":{"rendered":"https:\/\/www.noitech.net\/it\/?page_id=208762"},"modified":"2023-05-12T12:23:31","modified_gmt":"2023-05-12T10:23:31","slug":"progettazione-grafica","status":"publish","type":"page","link":"https:\/\/www.noitech.net\/es\/diseno-grafico\/","title":{"rendered":"Dise\u00f1o gr\u00e1fico"},"content":{"rendered":"<div data-elementor-type=\"wp-page\" data-elementor-id=\"208762\" class=\"elementor elementor-208762\" data-elementor-post-type=\"page\">\n\t\t\t\t\t\t<section class=\"elementor-section elementor-top-section elementor-element elementor-element-5d3befd1 elementor-section-boxed elementor-section-height-default elementor-section-height-default\" data-id=\"5d3befd1\" data-element_type=\"section\">\n\t\t\t\t\t\t<div class=\"elementor-container elementor-column-gap-default\">\n\t\t\t\t\t<div class=\"elementor-column elementor-col-100 elementor-top-column elementor-element elementor-element-6e7851fc\" data-id=\"6e7851fc\" data-element_type=\"column\">\n\t\t\t<div class=\"elementor-widget-wrap elementor-element-populated\">\n\t\t\t\t\t\t<div class=\"elementor-element elementor-element-36cd623e elementor-widget elementor-widget-text-editor\" data-id=\"36cd623e\" data-element_type=\"widget\" data-widget_type=\"text-editor.default\">\n\t\t\t\t<div class=\"elementor-widget-container\">\n\t\t\t\t\t\t\t\t\t<h2>Noitech est\u00e1 a su servicio para definir mejor la presentaci\u00f3n de su negocio<\/h2>\n<p>El dise\u00f1o gr\u00e1fico es el primer paso para el \u00e9xito de su negocio. No s\u00f3lo con su sitio web: la importancia de los medios impresos contin\u00faa hasta el d\u00eda de hoy, ofreciendo un impulso al \u00e9xito de su marca. <br><\/p>\n<p>Estudiamos y creamos folletos, folletos, volantes, cat\u00e1logos, manuales, documentaci\u00f3n t\u00e9cnica y p\u00e1ginas publicitarias que representen el car\u00e1cter s\u00f3lido, din\u00e1mico, memorable y est\u00e9ticamente atractivo de su empresa de una forma original y \u00fanica.<\/p>\n<p><strong>El dise\u00f1o gr\u00e1fico es nuestro punto fuerte.<\/strong><\/p>\n<ul>\n<li>Estudiamos las mejores soluciones para cada empresa;<\/li>\n<li>Dise\u00f1o de soportes de papel;<\/li>\n<li>Desarrollo de formatos y maquetaciones innovadoras.<\/li>\n<\/ul>\t\t\t\t\t\t\t\t<\/div>\n\t\t\t\t<\/div>\n\t\t\t\t<div class=\"elementor-element elementor-element-2040bf5 elementor-widget elementor-widget-text-editor\" data-id=\"2040bf5\" data-element_type=\"widget\" data-widget_type=\"text-editor.default\">\n\t\t\t\t<div class=\"elementor-widget-container\">\n\t\t\t\t\t\t\t\t\t<h2>Descubra c\u00f3mo podemos mejorar la identidad visual de su marca<\/h2>\t\t\t\t\t\t\t\t<\/div>\n\t\t\t\t<\/div>\n\t\t\t\t<div class=\"elementor-element elementor-element-575068fe elementor-widget elementor-widget-toggle\" data-id=\"575068fe\" data-element_type=\"widget\" data-widget_type=\"toggle.default\">\n\t\t\t\t<div class=\"elementor-widget-container\">\n\t\t\t\t\t\t\t<div class=\"elementor-toggle\">\n\t\t\t\t\t\t\t<div class=\"elementor-toggle-item\">\n\t\t\t\t\t<div id=\"elementor-tab-title-1461\" class=\"elementor-tab-title\" data-tab=\"1\" role=\"button\" aria-controls=\"elementor-tab-content-1461\" aria-expanded=\"false\">\n\t\t\t\t\t\t\t\t\t\t\t\t<span class=\"elementor-toggle-icon elementor-toggle-icon-right\" aria-hidden=\"true\">\n\t\t\t\t\t\t\t\t\t\t\t\t\t\t\t<span class=\"elementor-toggle-icon-closed\"><i class=\"fas fa-plus\"><\/i><\/span>\n\t\t\t\t\t\t\t\t<span class=\"elementor-toggle-icon-opened\"><i class=\"elementor-toggle-icon-opened fas fa-minus\"><\/i><\/span>\n\t\t\t\t\t\t\t\t\t\t\t\t\t<\/span>\n\t\t\t\t\t\t\t\t\t\t\t\t<a class=\"elementor-toggle-title\" tabindex=\"0\">Logotipo<\/a>\n\t\t\t\t\t<\/div>\n\n\t\t\t\t\t<div id=\"elementor-tab-content-1461\" class=\"elementor-tab-content elementor-clearfix\" data-tab=\"1\" role=\"region\" aria-labelledby=\"elementor-tab-title-1461\"><p>Cuando se trata de desarrollar la marca de su empresa, el logotipo es el elemento de marca m\u00e1s importante que jam\u00e1s crear\u00e1.<\/p><p>Esto establece la apariencia de su marca.<\/p><p>Nuestro servicio de dise\u00f1o de logotipos personalizados viene con dise\u00f1os impecables.<\/p><p>Para nosotros en Noitech, dise\u00f1ar un logotipo significa crear nuevas identidades para sus marcas a nivel mundial que hablan m\u00e1s que las palabras.<\/p><\/div>\n\t\t\t\t<\/div>\n\t\t\t\t\t\t\t<div class=\"elementor-toggle-item\">\n\t\t\t\t\t<div id=\"elementor-tab-title-1462\" class=\"elementor-tab-title\" data-tab=\"2\" role=\"button\" aria-controls=\"elementor-tab-content-1462\" aria-expanded=\"false\">\n\t\t\t\t\t\t\t\t\t\t\t\t<span class=\"elementor-toggle-icon elementor-toggle-icon-right\" aria-hidden=\"true\">\n\t\t\t\t\t\t\t\t\t\t\t\t\t\t\t<span class=\"elementor-toggle-icon-closed\"><i class=\"fas fa-plus\"><\/i><\/span>\n\t\t\t\t\t\t\t\t<span class=\"elementor-toggle-icon-opened\"><i class=\"elementor-toggle-icon-opened fas fa-minus\"><\/i><\/span>\n\t\t\t\t\t\t\t\t\t\t\t\t\t<\/span>\n\t\t\t\t\t\t\t\t\t\t\t\t<a class=\"elementor-toggle-title\" tabindex=\"0\">Imagen coordinada<\/a>\n\t\t\t\t\t<\/div>\n\n\t\t\t\t\t<div id=\"elementor-tab-content-1462\" class=\"elementor-tab-content elementor-clearfix\" data-tab=\"2\" role=\"region\" aria-labelledby=\"elementor-tab-title-1462\"><p>La imagen, en un mercado tan competitivo como el que vivimos hoy, juega un papel de vital importancia.<\/p><p>Para dar una definici\u00f3n com\u00fan: &quot;la imagen se coordina cuando los diferentes fen\u00f3menos comunicativos son coherentes entre s\u00ed&quot;. La imagen coordinada representa la coherencia de una empresa, proponi\u00e9ndose como una soluci\u00f3n para escapar del anonimato.<\/p><\/div>\n\t\t\t\t<\/div>\n\t\t\t\t\t\t\t<div class=\"elementor-toggle-item\">\n\t\t\t\t\t<div id=\"elementor-tab-title-1463\" class=\"elementor-tab-title\" data-tab=\"3\" role=\"button\" aria-controls=\"elementor-tab-content-1463\" aria-expanded=\"false\">\n\t\t\t\t\t\t\t\t\t\t\t\t<span class=\"elementor-toggle-icon elementor-toggle-icon-right\" aria-hidden=\"true\">\n\t\t\t\t\t\t\t\t\t\t\t\t\t\t\t<span class=\"elementor-toggle-icon-closed\"><i class=\"fas fa-plus\"><\/i><\/span>\n\t\t\t\t\t\t\t\t<span class=\"elementor-toggle-icon-opened\"><i class=\"elementor-toggle-icon-opened fas fa-minus\"><\/i><\/span>\n\t\t\t\t\t\t\t\t\t\t\t\t\t<\/span>\n\t\t\t\t\t\t\t\t\t\t\t\t<a class=\"elementor-toggle-title\" tabindex=\"0\">Publicidad<\/a>\n\t\t\t\t\t<\/div>\n\n\t\t\t\t\t<div id=\"elementor-tab-content-1463\" class=\"elementor-tab-content elementor-clearfix\" data-tab=\"3\" role=\"region\" aria-labelledby=\"elementor-tab-title-1463\"><p>La comunicaci\u00f3n publicitaria es el conjunto de acciones publicitarias para interactuar con el consumidor.<\/p><p>Cuidaremos tu comunicaci\u00f3n publicitaria para ayudarte a comunicarte mejor con tus consumidores, teniendo en cuenta diversos aspectos, como:<\/p><ul><li>conocimiento del producto y del mercado de referencia;<\/li><li>imagen actual de la empresa;<\/li><li>objetivos comerciales;<\/li><\/ul><p>\u2026y mucho, mucho m\u00e1s.<\/p><\/div>\n\t\t\t\t<\/div>\n\t\t\t\t\t\t\t<div class=\"elementor-toggle-item\">\n\t\t\t\t\t<div id=\"elementor-tab-title-1464\" class=\"elementor-tab-title\" data-tab=\"4\" role=\"button\" aria-controls=\"elementor-tab-content-1464\" aria-expanded=\"false\">\n\t\t\t\t\t\t\t\t\t\t\t\t<span class=\"elementor-toggle-icon elementor-toggle-icon-right\" aria-hidden=\"true\">\n\t\t\t\t\t\t\t\t\t\t\t\t\t\t\t<span class=\"elementor-toggle-icon-closed\"><i class=\"fas fa-plus\"><\/i><\/span>\n\t\t\t\t\t\t\t\t<span class=\"elementor-toggle-icon-opened\"><i class=\"elementor-toggle-icon-opened fas fa-minus\"><\/i><\/span>\n\t\t\t\t\t\t\t\t\t\t\t\t\t<\/span>\n\t\t\t\t\t\t\t\t\t\t\t\t<a class=\"elementor-toggle-title\" tabindex=\"0\">Dise\u00f1o de embalaje<\/a>\n\t\t\t\t\t<\/div>\n\n\t\t\t\t\t<div id=\"elementor-tab-content-1464\" class=\"elementor-tab-content elementor-clearfix\" data-tab=\"4\" role=\"region\" aria-labelledby=\"elementor-tab-title-1464\">\n\nEl packaging de los productos representa un elemento esencial para ser competitivo en el mercado, en concreto hacer el packaging m\u00e1s reconocible, atractivo y est\u00e9ticamente atractivo es uno de los puntos fuertes de una buena estrategia de marketing, Noitech le ayuda a definir y crear el packaging de sus productos. El tama\u00f1o, la forma, los colores, la protecci\u00f3n del contenido, la usabilidad, la informaci\u00f3n de la etiqueta son s\u00f3lo algunos de los aspectos que te ayudaremos a desarrollar para crear un producto original y atractivo para tus clientes.<\/div>\n\t\t\t\t<\/div>\n\t\t\t\t\t\t\t\t<\/div>\n\t\t\t\t\t\t<\/div>\n\t\t\t\t<\/div>\n\t\t\t\t<div class=\"elementor-element elementor-element-cbe77a1 elementor-widget elementor-widget-html\" data-id=\"cbe77a1\" data-element_type=\"widget\" data-widget_type=\"html.default\">\n\t\t\t\t<div class=\"elementor-widget-container\">\n\t\t\t\t\t<script> \njQuery(document).ready(function($) { \nvar delay = 100; setTimeout(function() { \n$('.elementor-tab-title').removeClass('elementor-active');\n $('.elementor-tab-content').css('display', 'none'); }, delay); \n}); \n<\/script>\t\t\t\t<\/div>\n\t\t\t\t<\/div>\n\t\t\t\t\t<\/div>\n\t\t<\/div>\n\t\t\t\t\t<\/div>\n\t\t<\/section>\n\t\t\t\t<\/div>","protected":false},"excerpt":{"rendered":"<p>Noitech \u00e8 al tuo servizio per definire al meglio la presentazione della tua attivit\u00e0 La progettazione grafica \u00e8 il primo passo per il successo del tuo business. Non solo con il tuo sito Web. L\u2019importanza dei supporti cartacei persiste tuttora, &#8230; <\/p>\n<p class=\"read-more-container\"><a title=\"Dise\u00f1o gr\u00e1fico\" class=\"read-more button\" href=\"https:\/\/www.noitech.net\/es\/diseno-grafico\/#more-208762\" aria-label=\"M\u00e1s en Progettazione Grafica\">Leer m\u00e1s<\/a><\/p>","protected":false},"author":1,"featured_media":0,"parent":0,"menu_order":0,"comment_status":"closed","ping_status":"closed","template":"","meta":{"footnotes":""},"class_list":{"0":"post-208762","1":"page","2":"type-page","3":"status-publish","5":"no-featured-image-padding"},"_links":{"self":[{"href":"https:\/\/www.noitech.net\/es\/wp-json\/wp\/v2\/pages\/208762","targetHints":{"allow":["GET"]}}],"collection":[{"href":"https:\/\/www.noitech.net\/es\/wp-json\/wp\/v2\/pages"}],"about":[{"href":"https:\/\/www.noitech.net\/es\/wp-json\/wp\/v2\/types\/page"}],"author":[{"embeddable":true,"href":"https:\/\/www.noitech.net\/es\/wp-json\/wp\/v2\/users\/1"}],"replies":[{"embeddable":true,"href":"https:\/\/www.noitech.net\/es\/wp-json\/wp\/v2\/comments?post=208762"}],"version-history":[{"count":6,"href":"https:\/\/www.noitech.net\/es\/wp-json\/wp\/v2\/pages\/208762\/revisions"}],"predecessor-version":[{"id":218450,"href":"https:\/\/www.noitech.net\/es\/wp-json\/wp\/v2\/pages\/208762\/revisions\/218450"}],"wp:attachment":[{"href":"https:\/\/www.noitech.net\/es\/wp-json\/wp\/v2\/media?parent=208762"}],"curies":[{"name":"wp","href":"https:\/\/api.w.org\/{rel}","templated":true}]}}