{"id":208772,"date":"2020-09-24T08:11:12","date_gmt":"2020-09-24T06:11:12","guid":{"rendered":"https:\/\/www.noitech.net\/it\/?page_id=208772"},"modified":"2022-11-03T11:38:47","modified_gmt":"2022-11-03T10:38:47","slug":"consulenza-seo","status":"publish","type":"page","link":"https:\/\/www.noitech.net\/es\/consultoria-seo\/","title":{"rendered":"Servicios de SEO"},"content":{"rendered":"<div data-elementor-type=\"wp-page\" data-elementor-id=\"208772\" class=\"elementor elementor-208772\" data-elementor-post-type=\"page\">\n\t\t\t\t\t\t<section class=\"elementor-section elementor-top-section elementor-element elementor-element-057840c elementor-section-boxed elementor-section-height-default elementor-section-height-default\" data-id=\"057840c\" data-element_type=\"section\">\n\t\t\t\t\t\t<div class=\"elementor-container elementor-column-gap-default\">\n\t\t\t\t\t<div class=\"elementor-column elementor-col-100 elementor-top-column elementor-element elementor-element-9f8717b\" data-id=\"9f8717b\" data-element_type=\"column\">\n\t\t\t<div class=\"elementor-widget-wrap elementor-element-populated\">\n\t\t\t\t\t\t<div class=\"elementor-element elementor-element-36cd623e elementor-widget elementor-widget-text-editor\" data-id=\"36cd623e\" data-element_type=\"widget\" data-widget_type=\"text-editor.default\">\n\t\t\t\t<div class=\"elementor-widget-container\">\n\t\t\t\t\t\t\t\t\t<h3>Ayudamos a las empresas a aumentar su visibilidad en Google y otros buscadores, sus contactos y sus ventas.<\/h3>\t\t\t\t\t\t\t\t<\/div>\n\t\t\t\t<\/div>\n\t\t\t\t<div class=\"elementor-element elementor-element-1f87c26 elementor-widget elementor-widget-text-editor\" data-id=\"1f87c26\" data-element_type=\"widget\" data-widget_type=\"text-editor.default\">\n\t\t\t\t<div class=\"elementor-widget-container\">\n\t\t\t\t\t\t\t\t\t<p>La mayor\u00eda de los internautas empiezan el d\u00eda buscando algo, que es una necesidad. La gente utiliza Internet para satisfacer su necesidad de informaci\u00f3n, ya sea para encontrar un restaurante local, la prenda de vestir perfecta o el contratista ideal para la renovaci\u00f3n de una casa.<\/p><p>La optimizaci\u00f3n de motores de b\u00fasqueda (SEO) es el proceso de ayudar a los clientes a conectarse con su empresa en l\u00ednea.<\/p><p>Nuestro equipo utiliza herramientas SEO modernas, respaldadas por las mejores pr\u00e1cticas digitales, para aumentar el tr\u00e1fico en l\u00ednea a su sitio.<\/p>\t\t\t\t\t\t\t\t<\/div>\n\t\t\t\t<\/div>\n\t\t\t\t\t<\/div>\n\t\t<\/div>\n\t\t\t\t\t<\/div>\n\t\t<\/section>\n\t\t\t\t<section class=\"elementor-section elementor-top-section elementor-element elementor-element-ec2833f elementor-section-boxed elementor-section-height-default elementor-section-height-default\" data-id=\"ec2833f\" data-element_type=\"section\">\n\t\t\t\t\t\t<div class=\"elementor-container elementor-column-gap-default\">\n\t\t\t\t\t<div class=\"elementor-column elementor-col-50 elementor-top-column elementor-element elementor-element-f1b2eaf\" data-id=\"f1b2eaf\" data-element_type=\"column\">\n\t\t\t<div class=\"elementor-widget-wrap elementor-element-populated\">\n\t\t\t\t\t\t<div class=\"elementor-element elementor-element-5ea833f elementor-widget elementor-widget-text-editor\" data-id=\"5ea833f\" data-element_type=\"widget\" data-widget_type=\"text-editor.default\">\n\t\t\t\t<div class=\"elementor-widget-container\">\n\t\t\t\t\t\t\t\t\t<h2>Auditor\u00eda SEO<\/h2>\t\t\t\t\t\t\t\t<\/div>\n\t\t\t\t<\/div>\n\t\t\t\t<div class=\"elementor-element elementor-element-e7dabe7 elementor-widget elementor-widget-text-editor\" data-id=\"e7dabe7\" data-element_type=\"widget\" data-widget_type=\"text-editor.default\">\n\t\t\t\t<div class=\"elementor-widget-container\">\n\t\t\t\t\t\t\t\t\t<p>\u00bfQu\u00e9 es la auditor\u00eda SEO? Un documento avanzado en el que se enmarca el estado del arte de su sitio web, destacando los aspectos t\u00e9cnicos y de contenido cr\u00edticos en los motores de b\u00fasqueda.<\/p><p>Es un informe avanzado en el que se destacan todas las cuestiones t\u00e9cnicas y de contenido cr\u00edticas en los motores de b\u00fasqueda. Gracias a este informe podemos evaluar, mejorar y planificar la estrategia y las actividades individuales necesarias para alcanzar los objetivos de negocio en los motores de b\u00fasqueda. <\/p>\t\t\t\t\t\t\t\t<\/div>\n\t\t\t\t<\/div>\n\t\t\t\t\t<\/div>\n\t\t<\/div>\n\t\t\t\t<div class=\"elementor-column elementor-col-50 elementor-top-column elementor-element elementor-element-fd83324\" data-id=\"fd83324\" data-element_type=\"column\">\n\t\t\t<div class=\"elementor-widget-wrap elementor-element-populated\">\n\t\t\t\t\t\t<div class=\"elementor-element elementor-element-f4cb232 elementor-widget elementor-widget-text-editor\" data-id=\"f4cb232\" data-element_type=\"widget\" data-widget_type=\"text-editor.default\">\n\t\t\t\t<div class=\"elementor-widget-container\">\n\t\t\t\t\t\t\t\t\t<h2>An\u00e1lisis de la competencia<\/h2>\t\t\t\t\t\t\t\t<\/div>\n\t\t\t\t<\/div>\n\t\t\t\t<div class=\"elementor-element elementor-element-d0f74a4 elementor-widget elementor-widget-text-editor\" data-id=\"d0f74a4\" data-element_type=\"widget\" data-widget_type=\"text-editor.default\">\n\t\t\t\t<div class=\"elementor-widget-container\">\n\t\t\t\t\t\t\t\t\t<p>Probar las acciones de sus competidores es una forma comprobada de distinguir su propuesta de valor \u00fanica.<\/p><p>Esto tambi\u00e9n ayuda a nuestro equipo de SEO a resaltar las fortalezas de su empresa, mientras se mantiene en sinton\u00eda con el panorama competitivo de su industria.<\/p>\t\t\t\t\t\t\t\t<\/div>\n\t\t\t\t<\/div>\n\t\t\t\t\t<\/div>\n\t\t<\/div>\n\t\t\t\t\t<\/div>\n\t\t<\/section>\n\t\t\t\t<section class=\"elementor-section elementor-top-section elementor-element elementor-element-361eff3 elementor-section-boxed elementor-section-height-default elementor-section-height-default\" data-id=\"361eff3\" data-element_type=\"section\">\n\t\t\t\t\t\t<div class=\"elementor-container elementor-column-gap-default\">\n\t\t\t\t\t<div class=\"elementor-column elementor-col-50 elementor-top-column elementor-element elementor-element-03f9d7d\" data-id=\"03f9d7d\" data-element_type=\"column\">\n\t\t\t<div class=\"elementor-widget-wrap elementor-element-populated\">\n\t\t\t\t\t\t<div class=\"elementor-element elementor-element-390a229 elementor-widget elementor-widget-text-editor\" data-id=\"390a229\" data-element_type=\"widget\" data-widget_type=\"text-editor.default\">\n\t\t\t\t<div class=\"elementor-widget-container\">\n\t\t\t\t\t\t\t\t\t<h2>Investigaci\u00f3n de palabras clave<\/h2>\t\t\t\t\t\t\t\t<\/div>\n\t\t\t\t<\/div>\n\t\t\t\t<div class=\"elementor-element elementor-element-42799d6 elementor-widget elementor-widget-text-editor\" data-id=\"42799d6\" data-element_type=\"widget\" data-widget_type=\"text-editor.default\">\n\t\t\t\t<div class=\"elementor-widget-container\">\n\t\t\t\t\t\t\t\t\t<p>Esta fase cr\u00edtica implica un an\u00e1lisis en profundidad de los t\u00e9rminos de b\u00fasqueda m\u00e1s populares, combinado con informaci\u00f3n \u00fatil sobre c\u00f3mo realizan b\u00fasquedas sus clientes.<\/p><p>Nuestro equipo analiza el volumen de b\u00fasqueda, la competencia y las oportunidades a trav\u00e9s de una variedad de herramientas de palabras clave para identificar los t\u00e9rminos que son m\u00e1s valiosos para el crecimiento de su negocio.<\/p>\t\t\t\t\t\t\t\t<\/div>\n\t\t\t\t<\/div>\n\t\t\t\t\t<\/div>\n\t\t<\/div>\n\t\t\t\t<div class=\"elementor-column elementor-col-50 elementor-top-column elementor-element elementor-element-121ea38\" data-id=\"121ea38\" data-element_type=\"column\">\n\t\t\t<div class=\"elementor-widget-wrap elementor-element-populated\">\n\t\t\t\t\t\t<div class=\"elementor-element elementor-element-26b2e57 elementor-widget elementor-widget-text-editor\" data-id=\"26b2e57\" data-element_type=\"widget\" data-widget_type=\"text-editor.default\">\n\t\t\t\t<div class=\"elementor-widget-container\">\n\t\t\t\t\t\t\t\t\t<h2>Arquitectura informacional<\/h2>\t\t\t\t\t\t\t\t<\/div>\n\t\t\t\t<\/div>\n\t\t\t\t<div class=\"elementor-element elementor-element-d56f462 elementor-widget elementor-widget-text-editor\" data-id=\"d56f462\" data-element_type=\"widget\" data-widget_type=\"text-editor.default\">\n\t\t\t\t<div class=\"elementor-widget-container\">\n\t\t\t\t\t\t\t\t\tLa estructura de un sitio web debe ser \u00e1gil y capaz de satisfacer tanto el rastreo de los motores de b\u00fasqueda como la navegaci\u00f3n del usuario.\n\t\t\t\t\t\t\t\t<\/div>\n\t\t\t\t<\/div>\n\t\t\t\t\t<\/div>\n\t\t<\/div>\n\t\t\t\t\t<\/div>\n\t\t<\/section>\n\t\t\t\t<section class=\"elementor-section elementor-top-section elementor-element elementor-element-a840219 elementor-section-boxed elementor-section-height-default elementor-section-height-default\" data-id=\"a840219\" data-element_type=\"section\">\n\t\t\t\t\t\t<div class=\"elementor-container elementor-column-gap-default\">\n\t\t\t\t\t<div class=\"elementor-column elementor-col-50 elementor-top-column elementor-element elementor-element-eaae8b6\" data-id=\"eaae8b6\" data-element_type=\"column\">\n\t\t\t<div class=\"elementor-widget-wrap elementor-element-populated\">\n\t\t\t\t\t\t<div class=\"elementor-element elementor-element-fa6032d elementor-widget elementor-widget-text-editor\" data-id=\"fa6032d\" data-element_type=\"widget\" data-widget_type=\"text-editor.default\">\n\t\t\t\t<div class=\"elementor-widget-container\">\n\t\t\t\t\t\t\t\t\t<h2>Monitoreo de tr\u00e1fico<\/h2>\t\t\t\t\t\t\t\t<\/div>\n\t\t\t\t<\/div>\n\t\t\t\t<div class=\"elementor-element elementor-element-72de39b elementor-widget elementor-widget-text-editor\" data-id=\"72de39b\" data-element_type=\"widget\" data-widget_type=\"text-editor.default\">\n\t\t\t\t<div class=\"elementor-widget-container\">\n\t\t\t\t\t\t\t\t\t<p>Monitoreamos el rendimiento de su sitio analizando las m\u00e9tricas recopiladas a trav\u00e9s de Google Analytics y Search Console. <\/p><p>Estos conocimientos no solo nos muestran el rendimiento de su sitio, sino que tambi\u00e9n pueden abrirnos los ojos a nuevas oportunidades o identificar fallas.<\/p>\t\t\t\t\t\t\t\t<\/div>\n\t\t\t\t<\/div>\n\t\t\t\t\t<\/div>\n\t\t<\/div>\n\t\t\t\t<div class=\"elementor-column elementor-col-50 elementor-top-column elementor-element elementor-element-44c7ae8\" data-id=\"44c7ae8\" data-element_type=\"column\">\n\t\t\t<div class=\"elementor-widget-wrap\">\n\t\t\t\t\t\t\t<\/div>\n\t\t<\/div>\n\t\t\t\t\t<\/div>\n\t\t<\/section>\n\t\t\t\t<\/div>","protected":false},"excerpt":{"rendered":"<p>Aiutiamo le aziende ad aumentare la loro visibilita\u0300 su Google e sugli altri motori di ricerca, i loro contatti e le loro vendite La maggior parte degli utenti di Internet inizia la giornata alla ricerca di qualcosa, che \u00e8 un\u2019esigenza. &#8230; <\/p>\n<p class=\"read-more-container\"><a title=\"Servicios de SEO\" class=\"read-more button\" href=\"https:\/\/www.noitech.net\/es\/consultoria-seo\/#more-208772\" aria-label=\"M\u00e1s en Servizi SEO\">Leer m\u00e1s<\/a><\/p>","protected":false},"author":1,"featured_media":0,"parent":0,"menu_order":0,"comment_status":"closed","ping_status":"closed","template":"","meta":{"footnotes":""},"class_list":{"0":"post-208772","1":"page","2":"type-page","3":"status-publish","5":"no-featured-image-padding"},"_links":{"self":[{"href":"https:\/\/www.noitech.net\/es\/wp-json\/wp\/v2\/pages\/208772","targetHints":{"allow":["GET"]}}],"collection":[{"href":"https:\/\/www.noitech.net\/es\/wp-json\/wp\/v2\/pages"}],"about":[{"href":"https:\/\/www.noitech.net\/es\/wp-json\/wp\/v2\/types\/page"}],"author":[{"embeddable":true,"href":"https:\/\/www.noitech.net\/es\/wp-json\/wp\/v2\/users\/1"}],"replies":[{"embeddable":true,"href":"https:\/\/www.noitech.net\/es\/wp-json\/wp\/v2\/comments?post=208772"}],"version-history":[{"count":1,"href":"https:\/\/www.noitech.net\/es\/wp-json\/wp\/v2\/pages\/208772\/revisions"}],"predecessor-version":[{"id":217447,"href":"https:\/\/www.noitech.net\/es\/wp-json\/wp\/v2\/pages\/208772\/revisions\/217447"}],"wp:attachment":[{"href":"https:\/\/www.noitech.net\/es\/wp-json\/wp\/v2\/media?parent=208772"}],"curies":[{"name":"wp","href":"https:\/\/api.w.org\/{rel}","templated":true}]}}