{"id":208789,"date":"2020-09-24T08:50:19","date_gmt":"2020-09-24T06:50:19","guid":{"rendered":"https:\/\/www.noitech.net\/it\/?page_id=208789"},"modified":"2021-09-24T14:49:26","modified_gmt":"2021-09-24T12:49:26","slug":"realizzazione-landing-page","status":"publish","type":"page","link":"https:\/\/www.noitech.net\/es\/creacion-de-pagina-de-destino\/","title":{"rendered":"Creaci\u00f3n de p\u00e1gina de destino"},"content":{"rendered":"<div data-elementor-type=\"wp-page\" data-elementor-id=\"208789\" class=\"elementor elementor-208789\" data-elementor-post-type=\"page\">\n\t\t\t\t\t\t<section class=\"elementor-section elementor-top-section elementor-element elementor-element-5d3befd1 elementor-section-boxed elementor-section-height-default elementor-section-height-default\" data-id=\"5d3befd1\" data-element_type=\"section\">\n\t\t\t\t\t\t<div class=\"elementor-container elementor-column-gap-default\">\n\t\t\t\t\t<div class=\"elementor-column elementor-col-100 elementor-top-column elementor-element elementor-element-6e7851fc\" data-id=\"6e7851fc\" data-element_type=\"column\">\n\t\t\t<div class=\"elementor-widget-wrap elementor-element-populated\">\n\t\t\t\t\t\t<div class=\"elementor-element elementor-element-36cd623e elementor-widget elementor-widget-text-editor\" data-id=\"36cd623e\" data-element_type=\"widget\" data-widget_type=\"text-editor.default\">\n\t\t\t\t<div class=\"elementor-widget-container\">\n\t\t\t\t\t\t\t\t\t<h2><b>Noitech ayuda a las peque\u00f1as empresas a conectarse con una audiencia, recopilar clientes potenciales y cerrar ventas.<\/b><\/h2>\n<p>A diferencia de la mayor\u00eda de las agencias web, que se ocupan \u00fanica y exclusivamente de atraer tr\u00e1fico a su sitio, nosotros en Noitech nos centramos en un \u00fanico objetivo:<\/p>\n<p><b>Satisfacer las solicitudes de quienes est\u00e1n pr\u00f3ximos a adquirir su producto o servicio, para tener ventas y contactos inmediatos.<\/b><\/p>\n<p>Nuestro viaje se centrar\u00e1 en crear una p\u00e1gina de ventas que convenza a sus usuarios de que necesitan su producto.<\/p>\n<p>Nuestros servicios de p\u00e1ginas de destino est\u00e1n dirigidos a emprendedores que buscan resultados concretos y medibles.<\/p>\n<p><b>La p\u00e1gina de destino est\u00e1 en el centro de todos nuestros proyectos web.<\/b><\/p>\n<p><b>&nbsp;<\/b><\/p>\n<h2><b>\u00bfQu\u00e9 es una p\u00e1gina de destino?<\/b><\/h2>\n<p>En marketing digital, una p\u00e1gina de destino es una p\u00e1gina web independiente en su sitio web, creada espec\u00edficamente con el prop\u00f3sito de una campa\u00f1a de marketing o publicidad.<\/p>\n<p>Las p\u00e1ginas de destino est\u00e1n dise\u00f1adas con un objetivo \u00fanico y enfocado, conocido como llamado a la acci\u00f3n (CTA).<\/p>\n<p>Una p\u00e1gina de destino es una p\u00e1gina de su sitio web donde puede ofrecer un recurso de su empresa a cambio de la informaci\u00f3n de contacto de un visitante.<\/p>\n<p>Los especialistas en marketing pueden capturar esta informaci\u00f3n de contacto mediante un formulario de captura de clientes potenciales, donde los visitantes pueden ingresar detalles como su nombre, direcci\u00f3n de correo electr\u00f3nico y puesto de trabajo.<\/p>\n<p>Las p\u00e1ginas de destino se pueden utilizar para capturar informaci\u00f3n sobre los visitantes del sitio web a cambio de contenido o experiencias de marca. Estos incluyen libros electr\u00f3nicos, boletines informativos, cursos en l\u00ednea, eventos de la industria, pruebas gratuitas de productos, membres\u00edas comunitarias y aplicaciones empresariales.<\/p>\t\t\t\t\t\t\t\t<\/div>\n\t\t\t\t<\/div>\n\t\t\t\t<div class=\"elementor-element elementor-element-71731e2 elementor-widget elementor-widget-text-editor\" data-id=\"71731e2\" data-element_type=\"widget\" data-widget_type=\"text-editor.default\">\n\t\t\t\t<div class=\"elementor-widget-container\">\n\t\t\t\t\t\t\t\t\t<h2><b>Las caracter\u00edsticas fundamentales de una Landing Page eficaz desarrollada por Noitech<\/b><\/h2>\t\t\t\t\t\t\t\t<\/div>\n\t\t\t\t<\/div>\n\t\t\t\t<div class=\"elementor-element elementor-element-1e79758 elementor-widget elementor-widget-toggle\" data-id=\"1e79758\" data-element_type=\"widget\" data-widget_type=\"toggle.default\">\n\t\t\t\t<div class=\"elementor-widget-container\">\n\t\t\t\t\t\t\t<div class=\"elementor-toggle\">\n\t\t\t\t\t\t\t<div class=\"elementor-toggle-item\">\n\t\t\t\t\t<div id=\"elementor-tab-title-3191\" class=\"elementor-tab-title\" data-tab=\"1\" role=\"button\" aria-controls=\"elementor-tab-content-3191\" aria-expanded=\"false\">\n\t\t\t\t\t\t\t\t\t\t\t\t<span class=\"elementor-toggle-icon elementor-toggle-icon-right\" aria-hidden=\"true\">\n\t\t\t\t\t\t\t\t\t\t\t\t\t\t\t<span class=\"elementor-toggle-icon-closed\"><i class=\"fas fa-plus\"><\/i><\/span>\n\t\t\t\t\t\t\t\t<span class=\"elementor-toggle-icon-opened\"><i class=\"elementor-toggle-icon-opened fas fa-minus\"><\/i><\/span>\n\t\t\t\t\t\t\t\t\t\t\t\t\t<\/span>\n\t\t\t\t\t\t\t\t\t\t\t\t<a class=\"elementor-toggle-title\" tabindex=\"0\">Investigaci\u00f3n en profundidad<\/a>\n\t\t\t\t\t<\/div>\n\n\t\t\t\t\t<div id=\"elementor-tab-content-3191\" class=\"elementor-tab-content elementor-clearfix\" data-tab=\"1\" role=\"region\" aria-labelledby=\"elementor-tab-title-3191\"><p>Aprenderemos qu\u00e9 motiva a sus visitantes a convertir y decodificar un viaje atractivo.<\/p><\/div>\n\t\t\t\t<\/div>\n\t\t\t\t\t\t\t<div class=\"elementor-toggle-item\">\n\t\t\t\t\t<div id=\"elementor-tab-title-3192\" class=\"elementor-tab-title\" data-tab=\"2\" role=\"button\" aria-controls=\"elementor-tab-content-3192\" aria-expanded=\"false\">\n\t\t\t\t\t\t\t\t\t\t\t\t<span class=\"elementor-toggle-icon elementor-toggle-icon-right\" aria-hidden=\"true\">\n\t\t\t\t\t\t\t\t\t\t\t\t\t\t\t<span class=\"elementor-toggle-icon-closed\"><i class=\"fas fa-plus\"><\/i><\/span>\n\t\t\t\t\t\t\t\t<span class=\"elementor-toggle-icon-opened\"><i class=\"elementor-toggle-icon-opened fas fa-minus\"><\/i><\/span>\n\t\t\t\t\t\t\t\t\t\t\t\t\t<\/span>\n\t\t\t\t\t\t\t\t\t\t\t\t<a class=\"elementor-toggle-title\" tabindex=\"0\">Psicolog\u00eda del visitante<\/a>\n\t\t\t\t\t<\/div>\n\n\t\t\t\t\t<div id=\"elementor-tab-content-3192\" class=\"elementor-tab-content elementor-clearfix\" data-tab=\"2\" role=\"region\" aria-labelledby=\"elementor-tab-title-3192\"><p>\u00bfLas p\u00e1ginas de varios pasos funcionan mejor que las de un solo paso? Las microconversiones aumentan el impulso.<\/p><\/div>\n\t\t\t\t<\/div>\n\t\t\t\t\t\t\t<div class=\"elementor-toggle-item\">\n\t\t\t\t\t<div id=\"elementor-tab-title-3193\" class=\"elementor-tab-title\" data-tab=\"3\" role=\"button\" aria-controls=\"elementor-tab-content-3193\" aria-expanded=\"false\">\n\t\t\t\t\t\t\t\t\t\t\t\t<span class=\"elementor-toggle-icon elementor-toggle-icon-right\" aria-hidden=\"true\">\n\t\t\t\t\t\t\t\t\t\t\t\t\t\t\t<span class=\"elementor-toggle-icon-closed\"><i class=\"fas fa-plus\"><\/i><\/span>\n\t\t\t\t\t\t\t\t<span class=\"elementor-toggle-icon-opened\"><i class=\"elementor-toggle-icon-opened fas fa-minus\"><\/i><\/span>\n\t\t\t\t\t\t\t\t\t\t\t\t\t<\/span>\n\t\t\t\t\t\t\t\t\t\t\t\t<a class=\"elementor-toggle-title\" tabindex=\"0\">Trabajo personalizado<\/a>\n\t\t\t\t\t<\/div>\n\n\t\t\t\t\t<div id=\"elementor-tab-content-3193\" class=\"elementor-tab-content elementor-clearfix\" data-tab=\"3\" role=\"region\" aria-labelledby=\"elementor-tab-title-3193\"><p>Nunca utilizamos plantillas. Nunca.<\/p><\/div>\n\t\t\t\t<\/div>\n\t\t\t\t\t\t\t\t<\/div>\n\t\t\t\t\t\t<\/div>\n\t\t\t\t<\/div>\n\t\t\t\t\t<\/div>\n\t\t<\/div>\n\t\t\t\t\t<\/div>\n\t\t<\/section>\n\t\t\t\t<\/div>","protected":false},"excerpt":{"rendered":"<p>Noitech aiuta le piccole aziende a connettersi con un pubblico, raccogliere lead e chiudere le vendite. A differenza della maggior parte delle agenzie web, che si occupano solo ed esclusivamente di portare traffico sul tuo sito, noi di Noitech ci &#8230; <\/p>\n<p class=\"read-more-container\"><a title=\"Creaci\u00f3n de p\u00e1gina de destino\" class=\"read-more button\" href=\"https:\/\/www.noitech.net\/es\/creacion-de-pagina-de-destino\/#more-208789\" aria-label=\"M\u00e1s en Realizzazione landing page\">Leer m\u00e1s<\/a><\/p>","protected":false},"author":1,"featured_media":0,"parent":0,"menu_order":0,"comment_status":"closed","ping_status":"closed","template":"","meta":{"footnotes":""},"class_list":{"0":"post-208789","1":"page","2":"type-page","3":"status-publish","5":"no-featured-image-padding"},"_links":{"self":[{"href":"https:\/\/www.noitech.net\/es\/wp-json\/wp\/v2\/pages\/208789","targetHints":{"allow":["GET"]}}],"collection":[{"href":"https:\/\/www.noitech.net\/es\/wp-json\/wp\/v2\/pages"}],"about":[{"href":"https:\/\/www.noitech.net\/es\/wp-json\/wp\/v2\/types\/page"}],"author":[{"embeddable":true,"href":"https:\/\/www.noitech.net\/es\/wp-json\/wp\/v2\/users\/1"}],"replies":[{"embeddable":true,"href":"https:\/\/www.noitech.net\/es\/wp-json\/wp\/v2\/comments?post=208789"}],"version-history":[{"count":0,"href":"https:\/\/www.noitech.net\/es\/wp-json\/wp\/v2\/pages\/208789\/revisions"}],"wp:attachment":[{"href":"https:\/\/www.noitech.net\/es\/wp-json\/wp\/v2\/media?parent=208789"}],"curies":[{"name":"wp","href":"https:\/\/api.w.org\/{rel}","templated":true}]}}