{"id":208800,"date":"2020-09-24T09:12:48","date_gmt":"2020-09-24T07:12:48","guid":{"rendered":"https:\/\/www.noitech.net\/it\/?page_id=208800"},"modified":"2021-09-24T14:48:09","modified_gmt":"2021-09-24T12:48:09","slug":"realizzazione-blog-aziendali","status":"publish","type":"page","link":"https:\/\/www.noitech.net\/es\/creacion-de-blogs-corporativos\/","title":{"rendered":"Creaci\u00f3n de blogs corporativos."},"content":{"rendered":"<div data-elementor-type=\"wp-page\" data-elementor-id=\"208800\" class=\"elementor elementor-208800\" data-elementor-post-type=\"page\">\n\t\t\t\t\t\t<section class=\"elementor-section elementor-top-section elementor-element elementor-element-5d3befd1 elementor-section-boxed elementor-section-height-default elementor-section-height-default\" data-id=\"5d3befd1\" data-element_type=\"section\">\n\t\t\t\t\t\t<div class=\"elementor-container elementor-column-gap-default\">\n\t\t\t\t\t<div class=\"elementor-column elementor-col-100 elementor-top-column elementor-element elementor-element-6e7851fc\" data-id=\"6e7851fc\" data-element_type=\"column\">\n\t\t\t<div class=\"elementor-widget-wrap elementor-element-populated\">\n\t\t\t\t\t\t<div class=\"elementor-element elementor-element-36cd623e elementor-widget elementor-widget-text-editor\" data-id=\"36cd623e\" data-element_type=\"widget\" data-widget_type=\"text-editor.default\">\n\t\t\t\t<div class=\"elementor-widget-container\">\n\t\t\t\t\t\t\t\t\t<h2><b>Blogs corporativos: recurra a verdaderos profesionales<\/b><\/h2><p>\u00bfQuieres generar m\u00e1s tr\u00e1fico a tu sitio? Cree el blog de su empresa y construya la credibilidad de su empresa. Crea una comunidad de usuarios fieles a tu marca.<\/p><p><b>\u00a1Aproveche el marketing de contenidos para hacer crecer su negocio!<\/b><\/p><p>Tener un blog es una manera f\u00e1cil de generar un alto tr\u00e1fico org\u00e1nico a su sitio web con una tasa de conversi\u00f3n extremadamente alta.<\/p><p>All\u00e1 <a href=\"https:\/\/blog.hubspot.com\/customers\/10-reasons-blogging-should-be-part-of-your-2018-content-strategy?__hstc=176020157.59e689d532826369ae582da442c62d74.1560890130275.1560890130275.1560963906987.2&amp;__hssc=176020157.1.1560963906987&amp;__hsfp=3743896709\" target=\"_blank\" rel=\"noopener\">B\u00fasqueda de HubSpot<\/a> revel\u00f3 que las empresas que utilizan blogs tienen 67% m\u00e1s clientes potenciales que las empresas que no lo hacen.<\/p>\t\t\t\t\t\t\t\t<\/div>\n\t\t\t\t<\/div>\n\t\t\t\t<div class=\"elementor-element elementor-element-ae5c1c4 elementor-widget elementor-widget-image\" data-id=\"ae5c1c4\" data-element_type=\"widget\" data-widget_type=\"image.default\">\n\t\t\t\t<div class=\"elementor-widget-container\">\n\t\t\t\t\t\t\t\t\t\t\t\t\t\t\t<img fetchpriority=\"high\" decoding=\"async\" width=\"720\" height=\"535\" src=\"https:\/\/www.noitech.net\/wp-content\/uploads\/2020\/09\/ricerca-hubspot.jpg\" class=\"attachment-large size-large wp-image-208802\" alt=\"hubspot de b\u00fasqueda\" srcset=\"https:\/\/www.noitech.net\/wp-content\/uploads\/2020\/09\/ricerca-hubspot.jpg 720w, https:\/\/www.noitech.net\/wp-content\/uploads\/2020\/09\/ricerca-hubspot-300x223.jpg 300w\" sizes=\"(max-width: 720px) 100vw, 720px\" >\t\t\t\t\t\t\t\t\t\t\t\t\t\t\t<\/div>\n\t\t\t\t<\/div>\n\t\t\t\t<div class=\"elementor-element elementor-element-71731e2 elementor-widget elementor-widget-text-editor\" data-id=\"71731e2\" data-element_type=\"widget\" data-widget_type=\"text-editor.default\">\n\t\t\t\t<div class=\"elementor-widget-container\">\n\t\t\t\t\t\t\t\t\tLo bueno del tr\u00e1fico que obtienes de los blogs es que la mayor parte de la audiencia llega a tu sitio de forma voluntaria sin que tengas que gastar mucho en difundir tu contenido. \t\t\t\t\t\t\t\t<\/div>\n\t\t\t\t<\/div>\n\t\t\t\t<div class=\"elementor-element elementor-element-29b06ba elementor-widget elementor-widget-text-editor\" data-id=\"29b06ba\" data-element_type=\"widget\" data-widget_type=\"text-editor.default\">\n\t\t\t\t<div class=\"elementor-widget-container\">\n\t\t\t\t\t\t\t\t\t<h2><b>\u00bfC\u00f3mo actuar para hacer crecer un blog de empresa?<\/b><\/h2>\nTodo lo que necesita hacer para hacer crecer un blog empresarial es tener un suministro constante de contenido de calidad, y llegar\u00e1 por s\u00ed solo. Tener excelente contenido en tu blog aumentar\u00e1 tu clasificaci\u00f3n en Google. Esto le permitir\u00e1 aumentar el volumen de backlinks obtenidos.\n\n<strong>El marketing de contenidos B2B es absolutamente esencial para las empresas que quieren crecer.<\/strong>\n\t\t\t\t\t\t\t\t<\/div>\n\t\t\t\t<\/div>\n\t\t\t\t<div class=\"elementor-element elementor-element-b31efbd elementor-widget elementor-widget-text-editor\" data-id=\"b31efbd\" data-element_type=\"widget\" data-widget_type=\"text-editor.default\">\n\t\t\t\t<div class=\"elementor-widget-container\">\n\t\t\t\t\t\t\t\t\t<h2><b>\u00bfPor qu\u00e9 necesitas un blog de negocios? 3 razones por las que los blogs deber\u00edan ser parte de tu estrategia de contenidos\n<\/b><\/h2>\t\t\t\t\t\t\t\t<\/div>\n\t\t\t\t<\/div>\n\t\t\t\t<div class=\"elementor-element elementor-element-b37acef elementor-widget elementor-widget-toggle\" data-id=\"b37acef\" data-element_type=\"widget\" data-widget_type=\"toggle.default\">\n\t\t\t\t<div class=\"elementor-widget-container\">\n\t\t\t\t\t\t\t<div class=\"elementor-toggle\">\n\t\t\t\t\t\t\t<div class=\"elementor-toggle-item\">\n\t\t\t\t\t<div id=\"elementor-tab-title-1881\" class=\"elementor-tab-title\" data-tab=\"1\" role=\"button\" aria-controls=\"elementor-tab-content-1881\" aria-expanded=\"false\">\n\t\t\t\t\t\t\t\t\t\t\t\t<span class=\"elementor-toggle-icon elementor-toggle-icon-right\" aria-hidden=\"true\">\n\t\t\t\t\t\t\t\t\t\t\t\t\t\t\t<span class=\"elementor-toggle-icon-closed\"><i class=\"fas fa-plus\"><\/i><\/span>\n\t\t\t\t\t\t\t\t<span class=\"elementor-toggle-icon-opened\"><i class=\"elementor-toggle-icon-opened fas fa-minus\"><\/i><\/span>\n\t\t\t\t\t\t\t\t\t\t\t\t\t<\/span>\n\t\t\t\t\t\t\t\t\t\t\t\t<a class=\"elementor-toggle-title\" tabindex=\"0\">Los blogs siguen siendo esenciales para proporcionar contenido <\/a>\n\t\t\t\t\t<\/div>\n\n\t\t\t\t\t<div id=\"elementor-tab-content-1881\" class=\"elementor-tab-content elementor-clearfix\" data-tab=\"1\" role=\"region\" aria-labelledby=\"elementor-tab-title-1881\"><div class=\"et_pb_tab et_pb_tab_0 clearfix et_pb_active_content et-pb-active-slide\"><div class=\"et_pb_tab_content\"><ul><li><div class=\"et_pb_blurb_description\"><p>Cuando se trata de profundizar m\u00e1s y brindar la mejor respuesta sobre un tema, el contenido extenso (2000 palabras o m\u00e1s) es la mejor opci\u00f3n.<\/p><p>Seg\u00fan Google, esto es especialmente cierto teniendo en cuenta que <a href=\"https:\/\/blog.hubspot.com\/customers\/10-reasons-blogging-should-be-part-of-your-2018-content-strategy?__hstc=176020157.59e689d532826369ae582da442c62d74.1560890130275.1560890130275.1560963906987.2&amp;__hssc=176020157.1.1560963906987&amp;__hsfp=3743896709\" target=\"_blank\" rel=\"noopener\"><strong>Los usuarios encuentran diariamente m\u00e1s de 10% de lo que buscan en los blogs.<\/strong><\/a>.<\/p><\/div><\/li><\/ul><\/div><\/div><\/div>\n\t\t\t\t<\/div>\n\t\t\t\t\t\t\t<div class=\"elementor-toggle-item\">\n\t\t\t\t\t<div id=\"elementor-tab-title-1882\" class=\"elementor-tab-title\" data-tab=\"2\" role=\"button\" aria-controls=\"elementor-tab-content-1882\" aria-expanded=\"false\">\n\t\t\t\t\t\t\t\t\t\t\t\t<span class=\"elementor-toggle-icon elementor-toggle-icon-right\" aria-hidden=\"true\">\n\t\t\t\t\t\t\t\t\t\t\t\t\t\t\t<span class=\"elementor-toggle-icon-closed\"><i class=\"fas fa-plus\"><\/i><\/span>\n\t\t\t\t\t\t\t\t<span class=\"elementor-toggle-icon-opened\"><i class=\"elementor-toggle-icon-opened fas fa-minus\"><\/i><\/span>\n\t\t\t\t\t\t\t\t\t\t\t\t\t<\/span>\n\t\t\t\t\t\t\t\t\t\t\t\t<a class=\"elementor-toggle-title\" tabindex=\"0\">La gente conf\u00eda en los blogs.<\/a>\n\t\t\t\t\t<\/div>\n\n\t\t\t\t\t<div id=\"elementor-tab-content-1882\" class=\"elementor-tab-content elementor-clearfix\" data-tab=\"2\" role=\"region\" aria-labelledby=\"elementor-tab-title-1882\"><div class=\"et_pb_tab et_pb_tab_1 clearfix et-pb-active-slide\"><div class=\"et_pb_tab_content\"><p>Tu blog es el diario digital donde puedes escribir lo que piensas.<\/p><ul><li>Aqu\u00ed es donde explora los problemas y preocupaciones de su audiencia.<\/li><li>Aqu\u00ed es donde la personalidad de tu empresa aumenta junto con el valor de tu marca.\u00a0<\/li><li>Es lo que te diferencia de la competencia.<\/li><\/ul><p>Por eso no es sorprendente saber que yo\u00a0<strong><a href=\"https:\/\/www.searchenginepeople.com\/blog\/925-business-blogging.html\" target=\"_blank\" rel=\"noopener noreferrer\">Los blogs son la quinta fuente m\u00e1s confiable de informaci\u00f3n precisa en l\u00ednea<\/a><\/strong>.<\/p><\/div><\/div><\/div>\n\t\t\t\t<\/div>\n\t\t\t\t\t\t\t<div class=\"elementor-toggle-item\">\n\t\t\t\t\t<div id=\"elementor-tab-title-1883\" class=\"elementor-tab-title\" data-tab=\"3\" role=\"button\" aria-controls=\"elementor-tab-content-1883\" aria-expanded=\"false\">\n\t\t\t\t\t\t\t\t\t\t\t\t<span class=\"elementor-toggle-icon elementor-toggle-icon-right\" aria-hidden=\"true\">\n\t\t\t\t\t\t\t\t\t\t\t\t\t\t\t<span class=\"elementor-toggle-icon-closed\"><i class=\"fas fa-plus\"><\/i><\/span>\n\t\t\t\t\t\t\t\t<span class=\"elementor-toggle-icon-opened\"><i class=\"elementor-toggle-icon-opened fas fa-minus\"><\/i><\/span>\n\t\t\t\t\t\t\t\t\t\t\t\t\t<\/span>\n\t\t\t\t\t\t\t\t\t\t\t\t<a class=\"elementor-toggle-title\" tabindex=\"0\">Los blogs dirigen el tr\u00e1fico a su sitio web<\/a>\n\t\t\t\t\t<\/div>\n\n\t\t\t\t\t<div id=\"elementor-tab-content-1883\" class=\"elementor-tab-content elementor-clearfix\" data-tab=\"3\" role=\"region\" aria-labelledby=\"elementor-tab-title-1883\"><div class=\"et_pb_blurb_description\"><p>Su blog es una colecci\u00f3n en evoluci\u00f3n de art\u00edculos, palabras clave y habilidades necesarias para cualquier campa\u00f1a confiable de optimizaci\u00f3n de motores de b\u00fasqueda (SEO).\u00a0<\/p><p>Las investigaciones muestran que el\u00a0<strong><a href=\"https:\/\/www.slideshare.net\/HubSpot\/marketing-charts-graphsdataapril2010slideshare\" target=\"_blank\" rel=\"noopener noreferrer\">Los usuarios de 75% no pasan de la primera p\u00e1gina de resultados de b\u00fasqueda<\/a><\/strong>.\u00a0<\/p><\/div><\/div>\n\t\t\t\t<\/div>\n\t\t\t\t\t\t\t\t<\/div>\n\t\t\t\t\t\t<\/div>\n\t\t\t\t<\/div>\n\t\t\t\t\t<\/div>\n\t\t<\/div>\n\t\t\t\t\t<\/div>\n\t\t<\/section>\n\t\t\t\t<\/div>","protected":false},"excerpt":{"rendered":"<p>Blog aziendali: rivolgiti a dei veri professionisti Vuoi generare pi\u00f9 traffico verso il tuo sito? Crea il tuo blog aziendale e costruisci la credibilit\u00e0 della tua azienda. Crea una community di utenti affezionati al tuo brand. Sfrutta il content marketing &#8230; <\/p>\n<p class=\"read-more-container\"><a title=\"Creaci\u00f3n de blogs corporativos.\" class=\"read-more button\" href=\"https:\/\/www.noitech.net\/es\/creacion-de-blogs-corporativos\/#more-208800\" aria-label=\"M\u00e1s en Realizzazione blog aziendali\">Leer m\u00e1s<\/a><\/p>","protected":false},"author":1,"featured_media":0,"parent":0,"menu_order":0,"comment_status":"closed","ping_status":"closed","template":"","meta":{"footnotes":""},"class_list":{"0":"post-208800","1":"page","2":"type-page","3":"status-publish","5":"no-featured-image-padding"},"_links":{"self":[{"href":"https:\/\/www.noitech.net\/es\/wp-json\/wp\/v2\/pages\/208800","targetHints":{"allow":["GET"]}}],"collection":[{"href":"https:\/\/www.noitech.net\/es\/wp-json\/wp\/v2\/pages"}],"about":[{"href":"https:\/\/www.noitech.net\/es\/wp-json\/wp\/v2\/types\/page"}],"author":[{"embeddable":true,"href":"https:\/\/www.noitech.net\/es\/wp-json\/wp\/v2\/users\/1"}],"replies":[{"embeddable":true,"href":"https:\/\/www.noitech.net\/es\/wp-json\/wp\/v2\/comments?post=208800"}],"version-history":[{"count":0,"href":"https:\/\/www.noitech.net\/es\/wp-json\/wp\/v2\/pages\/208800\/revisions"}],"wp:attachment":[{"href":"https:\/\/www.noitech.net\/es\/wp-json\/wp\/v2\/media?parent=208800"}],"curies":[{"name":"wp","href":"https:\/\/api.w.org\/{rel}","templated":true}]}}