{"id":212695,"date":"2021-10-14T11:25:39","date_gmt":"2021-10-14T11:25:39","guid":{"rendered":"https:\/\/www.noitech.net\/it\/?page_id=212050"},"modified":"2021-10-14T11:25:39","modified_gmt":"2021-10-14T11:25:39","slug":"realizzazione-siti-web-vicenza","status":"publish","type":"page","link":"https:\/\/www.noitech.net\/es\/creacion-sitios-web-vicenza\/","title":{"rendered":"Creaci\u00f3n de sitios web Vicenza"},"content":{"rendered":"<h2>Creaci\u00f3n de sitios web innovadores en toda Italia.<\/h2>\n<p>Nos especializamos en <b>creaci\u00f3n de sitios web corporativos y profesionales <\/b>con gr\u00e1ficos hechos a medida y un dise\u00f1o atractivo. En todos nuestros proyectos, ya sea un sitio web corporativo, un comercio electr\u00f3nico o un sitio web escaparate, siempre adoptamos un dise\u00f1o responsivo dise\u00f1ado para adaptarse a cualquier computadora de escritorio, tableta y dispositivo m\u00f3vil.<\/p>\n<p>El dise\u00f1o de sitios web corporativos y profesionales es un trabajo que requiere mucho <b>Profesionalismo, experiencia y pasi\u00f3n.<\/b>.<\/p>\n<p><img loading=\"lazy\" decoding=\"async\" src=\"https:\/\/noitech.net\/wp-content\/uploads\/2021\/10\/creazione-siti-web-aziendali-1-1024x621.webp\" alt=\"creacion-de-sitios-web-de-empresa-1\" srcset=\"https:\/\/noitech.net\/wp-content\/uploads\/2021\/10\/creazione-siti-web-aziendali-1-1024x621.webp 1024w, https:\/\/noitech.net\/wp-content\/uploads\/2021\/10\/creazione-siti-web-aziendali-1-300x182.webp 300w, https:\/\/noitech.net\/wp-content\/uploads\/2021\/10\/creazione-siti-web-aziendali-1-768x466.webp 768w, https:\/\/noitech.net\/wp-content\/uploads\/2021\/10\/creazione-siti-web-aziendali-1.webp 1536w\" sizes=\"auto, (max-width: 1024px) 100vw, 1024px\" width=\"1024\" height=\"621\" ><br \/>\n<img loading=\"lazy\" decoding=\"async\" src=\"https:\/\/noitech.net\/wp-content\/uploads\/2021\/10\/creazione-siti-web-aziendali-2-1-1024x621.webp\" alt=\"creacion-de-sitios-web-de-empresa-2\" srcset=\"https:\/\/noitech.net\/wp-content\/uploads\/2021\/10\/creazione-siti-web-aziendali-2-1-1024x621.webp 1024w, https:\/\/noitech.net\/wp-content\/uploads\/2021\/10\/creazione-siti-web-aziendali-2-1-300x182.webp 300w, https:\/\/noitech.net\/wp-content\/uploads\/2021\/10\/creazione-siti-web-aziendali-2-1-768x466.webp 768w, https:\/\/noitech.net\/wp-content\/uploads\/2021\/10\/creazione-siti-web-aziendali-2-1.webp 1536w\" sizes=\"auto, (max-width: 1024px) 100vw, 1024px\" width=\"1024\" height=\"621\" ><\/p>\n<h2>Nuestro objetivo es traer resultados concretos y conversiones a su negocio, sea cual sea.<\/h2>\n<p>Creamos y optimizamos nuestras plataformas con alta capacidad de conversi\u00f3n, ya sean sitios web corporativos, comercio electr\u00f3nico y cualquier otra plataforma \u00fatil para <b>realiza tu idea de negocio<\/b>.<\/p>\n<p>Cu\u00e9ntanos tu idea y desarrollaremos una soluci\u00f3n adecuada a tus necesidades. <strong><a href=\"https:\/\/www.noitech.net\/es\/contactos\/\" target=\"_blank\" rel=\"noopener\">Cont\u00e1ctenos<\/a> <\/strong>ahora para un presupuesto sin compromiso<\/p>\n<h2>Optimizaci\u00f3n SEO, Branding y Marketing Social<\/h2>\n<p>No s\u00f3lo sitios web, nuestro objetivo es llevar su negocio a <strong>\u00e9xito digital<\/strong> aprovechando las t\u00e9cnicas m\u00e1s avanzadas y las mejores herramientas para ofrecer visibilidad a tu negocio.&nbsp;<\/p>\n<p>Dise\u00f1amos y finalizamos todas nuestras plataformas para que se integren perfectamente con soluciones externas como <strong>Anuncios de Google<\/strong>, <strong>Google Mi Negocio<\/strong> Y <strong>Facebook Negocios<\/strong>, para mejorar a\u00fan m\u00e1s la visibilidad de su negocio.<\/p>\n<p><img loading=\"lazy\" decoding=\"async\" src=\"https:\/\/noitech.net\/wp-content\/uploads\/2021\/10\/creazione-siti-web-aziendali-3-1024x621.webp\" alt=\"creacion-de-sitios-web-de-empresa-3\" srcset=\"https:\/\/noitech.net\/wp-content\/uploads\/2021\/10\/creazione-siti-web-aziendali-3-1024x621.webp 1024w, https:\/\/noitech.net\/wp-content\/uploads\/2021\/10\/creazione-siti-web-aziendali-3-300x182.webp 300w, https:\/\/noitech.net\/wp-content\/uploads\/2021\/10\/creazione-siti-web-aziendali-3-768x466.webp 768w, https:\/\/noitech.net\/wp-content\/uploads\/2021\/10\/creazione-siti-web-aziendali-3.webp 1536w\" sizes=\"auto, (max-width: 1024px) 100vw, 1024px\" width=\"1024\" height=\"621\" ><\/p>\n<h2>Desarrollo de sitios web corporativos para tu provincia<\/h2>\n<p><b>Noitech lleva m\u00e1s de 10 a\u00f1os en el sector de la creaci\u00f3n de sitios web corporativos profesionales en WordPress para empresas de cualquier tama\u00f1o, sitios web de comercio electr\u00f3nico y plataformas web con alta capacidad de conversi\u00f3n.<b> <\/b>Entonces, si desea un socio seguro, confiable y profesional, est\u00e1 en el lugar correcto.<\/b><\/p>\n<p>Hoy en d\u00eda un sitio web juega un papel fundamental para cualquier empresa, ayuda a que su empresa sea moderna y perfectamente insertada en su mercado de referencia. Es una inversi\u00f3n ya que te permite abrir un nuevo canal de promoci\u00f3n de la imagen de tu empresa y te permite encontrar nuevos clientes.<\/p>\n<p><a href=\"https:\/\/www.noitech.net\/es\/contactos\/\" role=\"button\"><br \/>\nPONNOS A PRUEBA<br \/>\n<\/a><\/p>","protected":false},"excerpt":{"rendered":"<p>Realizzazione siti web innovativi in tutta italia Siamo specializzati nella realizzazione di siti web aziendali e professionali con una grafica su misura e un design accattivante. In tutti i nostri progetti, che si tratti di un sito web aziendale, un &#8230; <\/p>\n<p class=\"read-more-container\"><a title=\"Creaci\u00f3n de sitios web Vicenza\" class=\"read-more button\" href=\"https:\/\/www.noitech.net\/es\/creacion-sitios-web-vicenza\/#more-212695\" aria-label=\"M\u00e1s en Realizzazione siti web Vicenza\">Leer m\u00e1s<\/a><\/p>","protected":false},"author":1,"featured_media":0,"parent":0,"menu_order":0,"comment_status":"open","ping_status":"open","template":"","meta":{"footnotes":""},"class_list":{"0":"post-212695","1":"page","2":"type-page","3":"status-publish","5":"no-featured-image-padding"},"_links":{"self":[{"href":"https:\/\/www.noitech.net\/es\/wp-json\/wp\/v2\/pages\/212695","targetHints":{"allow":["GET"]}}],"collection":[{"href":"https:\/\/www.noitech.net\/es\/wp-json\/wp\/v2\/pages"}],"about":[{"href":"https:\/\/www.noitech.net\/es\/wp-json\/wp\/v2\/types\/page"}],"author":[{"embeddable":true,"href":"https:\/\/www.noitech.net\/es\/wp-json\/wp\/v2\/users\/1"}],"replies":[{"embeddable":true,"href":"https:\/\/www.noitech.net\/es\/wp-json\/wp\/v2\/comments?post=212695"}],"version-history":[{"count":0,"href":"https:\/\/www.noitech.net\/es\/wp-json\/wp\/v2\/pages\/212695\/revisions"}],"wp:attachment":[{"href":"https:\/\/www.noitech.net\/es\/wp-json\/wp\/v2\/media?parent=212695"}],"curies":[{"name":"wp","href":"https:\/\/api.w.org\/{rel}","templated":true}]}}