{"id":217551,"date":"2022-11-04T12:09:32","date_gmt":"2022-11-04T11:09:32","guid":{"rendered":"https:\/\/www.noitech.net\/?page_id=217551"},"modified":"2023-08-31T11:54:01","modified_gmt":"2023-08-31T09:54:01","slug":"azienda","status":"publish","type":"page","link":"https:\/\/www.noitech.net\/es\/agencia\/","title":{"rendered":"Agencia"},"content":{"rendered":"<div data-elementor-type=\"wp-page\" data-elementor-id=\"217551\" class=\"elementor elementor-217551\" data-elementor-post-type=\"page\">\n\t\t\t\t\t\t<section class=\"elementor-section elementor-top-section elementor-element elementor-element-fdf833c elementor-section-boxed elementor-section-height-default elementor-section-height-default\" data-id=\"fdf833c\" data-element_type=\"section\" data-settings=\"{&quot;background_background&quot;:&quot;classic&quot;}\">\n\t\t\t\t\t\t\t<div class=\"elementor-background-overlay\"><\/div>\n\t\t\t\t\t\t\t<div class=\"elementor-container elementor-column-gap-default\">\n\t\t\t\t\t<div class=\"elementor-column elementor-col-50 elementor-top-column elementor-element elementor-element-185f456\" data-id=\"185f456\" data-element_type=\"column\">\n\t\t\t<div class=\"elementor-widget-wrap elementor-element-populated\">\n\t\t\t\t\t\t<div class=\"elementor-element elementor-element-02f5059 elementor-widget elementor-widget-spacer\" data-id=\"02f5059\" data-element_type=\"widget\" data-widget_type=\"spacer.default\">\n\t\t\t\t<div class=\"elementor-widget-container\">\n\t\t\t\t\t\t\t<div class=\"elementor-spacer\">\n\t\t\t<div class=\"elementor-spacer-inner\"><\/div>\n\t\t<\/div>\n\t\t\t\t\t\t<\/div>\n\t\t\t\t<\/div>\n\t\t\t\t<div class=\"elementor-element elementor-element-33a5f29 elementor-widget__width-auto elementor-widget elementor-widget-text-editor\" data-id=\"33a5f29\" data-element_type=\"widget\" data-widget_type=\"text-editor.default\">\n\t\t\t\t<div class=\"elementor-widget-container\">\n\t\t\t\t\t\t\t\t\t<a href=\"https:\/\/www.noitech.net\/es\/\" style=\"color:#fff\">Hogar<\/a>\t\t\t\t\t\t\t\t<\/div>\n\t\t\t\t<\/div>\n\t\t\t\t<div class=\"elementor-element elementor-element-04dfb37 elementor-widget__width-inherit elementor-widget-tablet__width-auto elementor-widget-mobile__width-inherit animated-fast elementor-widget elementor-widget-text-editor\" data-id=\"04dfb37\" data-element_type=\"widget\" data-settings=\"{&quot;_animation&quot;:&quot;none&quot;}\" data-widget_type=\"text-editor.default\">\n\t\t\t\t<div class=\"elementor-widget-container\">\n\t\t\t\t\t\t\t\t\t<h1 style=\"color: #fff;\">Agencia<\/h1>\t\t\t\t\t\t\t\t<\/div>\n\t\t\t\t<\/div>\n\t\t\t\t<div class=\"elementor-element elementor-element-83be2a0 elementor-widget elementor-widget-text-editor\" data-id=\"83be2a0\" data-element_type=\"widget\" data-widget_type=\"text-editor.default\">\n\t\t\t\t<div class=\"elementor-widget-container\">\n\t\t\t\t\t\t\t\t\tNoitech es una PYME innovadora que acompa\u00f1a a las empresas italianas en los procesos de transformaci\u00f3n digital, creando soluciones altamente innovadoras, capaces de garantizar la optimizaci\u00f3n de los procesos para aumentar la competitividad en el mercado. \t\t\t\t\t\t\t\t<\/div>\n\t\t\t\t<\/div>\n\t\t\t\t<div class=\"elementor-element elementor-element-c119e47 elementor-align-left elementor-tablet-align-left elementor-mobile-align-justify animated-slow elementor-widget elementor-widget-button\" data-id=\"c119e47\" data-element_type=\"widget\" data-settings=\"{&quot;_animation_delay&quot;:0,&quot;_animation&quot;:&quot;none&quot;}\" data-widget_type=\"button.default\">\n\t\t\t\t<div class=\"elementor-widget-container\">\n\t\t\t\t\t\t\t\t\t<div class=\"elementor-button-wrapper\">\n\t\t\t\t\t<a class=\"elementor-button elementor-button-link elementor-size-sm\" href=\"https:\/\/www.noitech.net\/es\/contactos\/\">\n\t\t\t\t\t\t<span class=\"elementor-button-content-wrapper\">\n\t\t\t\t\t\t<span class=\"elementor-button-icon\">\n\t\t\t\t<i aria-hidden=\"true\" class=\"fas fa-arrow-right\"><\/i>\t\t\t<\/span>\n\t\t\t\t\t\t\t\t\t<span class=\"elementor-button-text\">Ponerse en contacto<\/span>\n\t\t\t\t\t<\/span>\n\t\t\t\t\t<\/a>\n\t\t\t\t<\/div>\n\t\t\t\t\t\t\t\t<\/div>\n\t\t\t\t<\/div>\n\t\t\t\t<div class=\"elementor-element elementor-element-39395cd elementor-widget elementor-widget-spacer\" data-id=\"39395cd\" data-element_type=\"widget\" data-widget_type=\"spacer.default\">\n\t\t\t\t<div class=\"elementor-widget-container\">\n\t\t\t\t\t\t\t<div class=\"elementor-spacer\">\n\t\t\t<div class=\"elementor-spacer-inner\"><\/div>\n\t\t<\/div>\n\t\t\t\t\t\t<\/div>\n\t\t\t\t<\/div>\n\t\t\t\t\t<\/div>\n\t\t<\/div>\n\t\t\t\t<div class=\"elementor-column elementor-col-50 elementor-top-column elementor-element elementor-element-b162a75\" data-id=\"b162a75\" data-element_type=\"column\" data-settings=\"{&quot;background_background&quot;:&quot;classic&quot;}\">\n\t\t\t<div class=\"elementor-widget-wrap\">\n\t\t\t\t\t<div class=\"elementor-background-overlay\"><\/div>\n\t\t\t\t\t\t\t<\/div>\n\t\t<\/div>\n\t\t\t\t\t<\/div>\n\t\t<\/section>\n\t\t\t\t<section class=\"elementor-section elementor-top-section elementor-element elementor-element-5d3befd1 elementor-section-boxed elementor-section-height-default elementor-section-height-default\" data-id=\"5d3befd1\" data-element_type=\"section\">\n\t\t\t\t\t\t<div class=\"elementor-container elementor-column-gap-default\">\n\t\t\t\t\t<div class=\"elementor-column elementor-col-50 elementor-top-column elementor-element elementor-element-6e7851fc\" data-id=\"6e7851fc\" data-element_type=\"column\">\n\t\t\t<div class=\"elementor-widget-wrap elementor-element-populated\">\n\t\t\t\t\t\t<div class=\"elementor-element elementor-element-36cd623e elementor-widget elementor-widget-text-editor\" data-id=\"36cd623e\" data-element_type=\"widget\" data-widget_type=\"text-editor.default\">\n\t\t\t\t<div class=\"elementor-widget-container\">\n\t\t\t\t\t\t\t\t\t<p>Noitech es una PYME innovadora que acompa\u00f1a a las empresas italianas en los procesos de transformaci\u00f3n digital, creando soluciones altamente innovadoras, capaces de garantizar la optimizaci\u00f3n de los procesos para aumentar la competitividad en el mercado.<\/p><p>Gracias a un equipo altamente profesional y confiable, Noitech ofrece soluciones orientadas a la presencia digital en la web y transforma los procesos de negocio para alinearlos con el nuevo paradigma de la Transici\u00f3n 4.0.<\/p><p>Presente desde la primera hasta la \u00faltima fase de un proyecto, el equipo de Noitech ha desarrollado competencias con las principales \u201ctecnolog\u00edas habilitadoras\u201d en clave digital, tales como: Inteligencia Artificial, Machine Learning, Big Data, Cloud Computing, Ciberseguridad, Blockchain, Internet de las Cosas, Gemelos Digitales, Impresi\u00f3n 3D, Rob\u00f3tica Avanzada. Ya sean aut\u00f3nomos o micro, peque\u00f1as, medianas y grandes empresas, Noitech puede brindarles las herramientas para proyectarse mejor en el mercado del futuro, cada vez m\u00e1s influenciado por la din\u00e1mica web y la eficiencia corporativa. Noitech ofrece un soporte completo 360\u00b0, con la ventaja, para nuestros clientes, de contar con un \u00fanico interlocutor cualificado en todas las fases de un proyecto de digitalizaci\u00f3n.<\/p><p>A lo largo de los a\u00f1os, esta migraci\u00f3n digital real del mercado, de hecho, ha experimentado una aceleraci\u00f3n exponencial. Estar preparado para enfrentar el desaf\u00edo es imperativo para aquellos que no quieren aislarse de esta revoluci\u00f3n digital y su potencial.<\/p>\t\t\t\t\t\t\t\t<\/div>\n\t\t\t\t<\/div>\n\t\t\t\t\t<\/div>\n\t\t<\/div>\n\t\t\t\t<div class=\"elementor-column elementor-col-50 elementor-top-column elementor-element elementor-element-5068a2f8\" data-id=\"5068a2f8\" data-element_type=\"column\" data-settings=\"{&quot;background_background&quot;:&quot;classic&quot;}\">\n\t\t\t<div class=\"elementor-widget-wrap elementor-element-populated\">\n\t\t\t\t\t\t<section class=\"elementor-section elementor-inner-section elementor-element elementor-element-44ec2ad elementor-section-full_width elementor-section-height-default elementor-section-height-default\" data-id=\"44ec2ad\" data-element_type=\"section\" data-settings=\"{&quot;background_background&quot;:&quot;classic&quot;}\">\n\t\t\t\t\t\t<div class=\"elementor-container elementor-column-gap-default\">\n\t\t\t\t\t<div class=\"elementor-column elementor-col-100 elementor-inner-column elementor-element elementor-element-fe8644a\" data-id=\"fe8644a\" data-element_type=\"column\">\n\t\t\t<div class=\"elementor-widget-wrap elementor-element-populated\">\n\t\t\t\t\t\t<div class=\"elementor-element elementor-element-121eafba elementor-widget elementor-widget-image\" data-id=\"121eafba\" data-element_type=\"widget\" data-widget_type=\"image.default\">\n\t\t\t\t<div class=\"elementor-widget-container\">\n\t\t\t\t\t\t\t\t\t\t\t\t\t\t\t<img fetchpriority=\"high\" decoding=\"async\" width=\"1024\" height=\"576\" src=\"https:\/\/www.noitech.net\/wp-content\/uploads\/2021\/10\/COMPANY-PROFILE-NOITECH-1024x576.webp\" class=\"attachment-large size-large wp-image-212710\" alt=\"PERFIL DE LA EMPRESA NOITECH\" srcset=\"https:\/\/www.noitech.net\/wp-content\/uploads\/2021\/10\/COMPANY-PROFILE-NOITECH-1024x576.webp 1024w, https:\/\/www.noitech.net\/wp-content\/uploads\/2021\/10\/COMPANY-PROFILE-NOITECH-300x169.webp 300w, https:\/\/www.noitech.net\/wp-content\/uploads\/2021\/10\/COMPANY-PROFILE-NOITECH-768x432.webp 768w, https:\/\/www.noitech.net\/wp-content\/uploads\/2021\/10\/COMPANY-PROFILE-NOITECH-1536x864.webp 1536w, https:\/\/www.noitech.net\/wp-content\/uploads\/2021\/10\/COMPANY-PROFILE-NOITECH.webp 1920w\" sizes=\"(max-width: 1024px) 100vw, 1024px\" >\t\t\t\t\t\t\t\t\t\t\t\t\t\t\t<\/div>\n\t\t\t\t<\/div>\n\t\t\t\t<div class=\"elementor-element elementor-element-36d6a33d elementor-widget elementor-widget-heading\" data-id=\"36d6a33d\" data-element_type=\"widget\" data-widget_type=\"heading.default\">\n\t\t\t\t<div class=\"elementor-widget-container\">\n\t\t\t\t\t<p class=\"elementor-heading-title elementor-size-small\"><b>\u00bfQuieres m\u00e1s informaci\u00f3n sobre Noitech.net?<\/b><br><br>Al descargar el perfil de empresa podr\u00e1 conocer de cerca nuestra realidad y conocer m\u00e1s las caracter\u00edsticas de nuestros servicios.<\/p>\t\t\t\t<\/div>\n\t\t\t\t<\/div>\n\t\t\t\t<div class=\"elementor-element elementor-element-3471d5e elementor-align-center elementor-widget elementor-widget-button\" data-id=\"3471d5e\" data-element_type=\"widget\" data-widget_type=\"button.default\">\n\t\t\t\t<div class=\"elementor-widget-container\">\n\t\t\t\t\t\t\t\t\t<div class=\"elementor-button-wrapper\">\n\t\t\t\t\t<a class=\"elementor-button elementor-button-link elementor-size-sm\" href=\"https:\/\/noitech.net\/wp-content\/uploads\/2022\/02\/NOITECH-COMPANY-PROFILE-FINALE-2022.pdf\" target=\"_blank\" rel=\"noopener\">\n\t\t\t\t\t\t<span class=\"elementor-button-content-wrapper\">\n\t\t\t\t\t\t<span class=\"elementor-button-icon\">\n\t\t\t\t<i aria-hidden=\"true\" class=\"fas fa-arrow-right\"><\/i>\t\t\t<\/span>\n\t\t\t\t\t\t\t\t\t<span class=\"elementor-button-text\">Descarga el perfil de la empresa<\/span>\n\t\t\t\t\t<\/span>\n\t\t\t\t\t<\/a>\n\t\t\t\t<\/div>\n\t\t\t\t\t\t\t\t<\/div>\n\t\t\t\t<\/div>\n\t\t\t\t\t<\/div>\n\t\t<\/div>\n\t\t\t\t\t<\/div>\n\t\t<\/section>\n\t\t\t\t\t<\/div>\n\t\t<\/div>\n\t\t\t\t\t<\/div>\n\t\t<\/section>\n\t\t\t\t<\/div>","protected":false},"excerpt":{"rendered":"<p>Home Azienda Noitech \u00e8 una PMI innovativa che accompagna le Aziende italiane nei processi di trasformazione digitale, realizzando soluzioni altamente innovative, capaci di garantire ottimizzazione dei processi per aumentare la competitivit\u00e0 sul mercato. Mettiti in contatto Noitech \u00e8 una PMI &#8230; <\/p>\n<p class=\"read-more-container\"><a title=\"Agencia\" class=\"read-more button\" href=\"https:\/\/www.noitech.net\/es\/agencia\/#more-217551\" aria-label=\"M\u00e1s en Azienda\">Leer m\u00e1s<\/a><\/p>","protected":false},"author":1,"featured_media":217252,"parent":0,"menu_order":0,"comment_status":"closed","ping_status":"closed","template":"","meta":{"footnotes":""},"class_list":{"0":"post-217551","1":"page","2":"type-page","3":"status-publish","4":"has-post-thumbnail","6":"no-featured-image-padding","7":"resize-featured-image"},"_links":{"self":[{"href":"https:\/\/www.noitech.net\/es\/wp-json\/wp\/v2\/pages\/217551","targetHints":{"allow":["GET"]}}],"collection":[{"href":"https:\/\/www.noitech.net\/es\/wp-json\/wp\/v2\/pages"}],"about":[{"href":"https:\/\/www.noitech.net\/es\/wp-json\/wp\/v2\/types\/page"}],"author":[{"embeddable":true,"href":"https:\/\/www.noitech.net\/es\/wp-json\/wp\/v2\/users\/1"}],"replies":[{"embeddable":true,"href":"https:\/\/www.noitech.net\/es\/wp-json\/wp\/v2\/comments?post=217551"}],"version-history":[{"count":21,"href":"https:\/\/www.noitech.net\/es\/wp-json\/wp\/v2\/pages\/217551\/revisions"}],"predecessor-version":[{"id":221710,"href":"https:\/\/www.noitech.net\/es\/wp-json\/wp\/v2\/pages\/217551\/revisions\/221710"}],"wp:featuredmedia":[{"embeddable":true,"href":"https:\/\/www.noitech.net\/es\/wp-json\/wp\/v2\/media\/217252"}],"wp:attachment":[{"href":"https:\/\/www.noitech.net\/es\/wp-json\/wp\/v2\/media?parent=217551"}],"curies":[{"name":"wp","href":"https:\/\/api.w.org\/{rel}","templated":true}]}}