{"id":217605,"date":"2022-11-04T15:34:53","date_gmt":"2022-11-04T14:34:53","guid":{"rendered":"https:\/\/www.noitech.net\/?page_id=217605"},"modified":"2023-08-31T11:58:07","modified_gmt":"2023-08-31T09:58:07","slug":"sede","status":"publish","type":"page","link":"https:\/\/www.noitech.net\/es\/sitio\/","title":{"rendered":"Nuestra sede"},"content":{"rendered":"<div data-elementor-type=\"wp-page\" data-elementor-id=\"217605\" class=\"elementor elementor-217605\" data-elementor-post-type=\"page\">\n\t\t\t\t\t\t<section class=\"elementor-section elementor-top-section elementor-element elementor-element-6581a3b elementor-section-boxed elementor-section-height-default elementor-section-height-default\" data-id=\"6581a3b\" data-element_type=\"section\" data-settings=\"{&quot;background_background&quot;:&quot;classic&quot;}\">\n\t\t\t\t\t\t\t<div class=\"elementor-background-overlay\"><\/div>\n\t\t\t\t\t\t\t<div class=\"elementor-container elementor-column-gap-default\">\n\t\t\t\t\t<div class=\"elementor-column elementor-col-50 elementor-top-column elementor-element elementor-element-f044f1f\" data-id=\"f044f1f\" data-element_type=\"column\">\n\t\t\t<div class=\"elementor-widget-wrap elementor-element-populated\">\n\t\t\t\t\t\t<div class=\"elementor-element elementor-element-e53ff27 elementor-widget elementor-widget-spacer\" data-id=\"e53ff27\" data-element_type=\"widget\" data-widget_type=\"spacer.default\">\n\t\t\t\t<div class=\"elementor-widget-container\">\n\t\t\t\t\t\t\t<div class=\"elementor-spacer\">\n\t\t\t<div class=\"elementor-spacer-inner\"><\/div>\n\t\t<\/div>\n\t\t\t\t\t\t<\/div>\n\t\t\t\t<\/div>\n\t\t\t\t<div class=\"elementor-element elementor-element-c5aca85 elementor-widget__width-auto elementor-widget elementor-widget-text-editor\" data-id=\"c5aca85\" data-element_type=\"widget\" data-widget_type=\"text-editor.default\">\n\t\t\t\t<div class=\"elementor-widget-container\">\n\t\t\t\t\t\t\t\t\t<a href=\"https:\/\/www.noitech.net\/es\/\" style=\"color:#fff\">Hogar<\/a>\t\t\t\t\t\t\t\t<\/div>\n\t\t\t\t<\/div>\n\t\t\t\t<div class=\"elementor-element elementor-element-3233fd2 elementor-widget__width-inherit elementor-widget-tablet__width-auto elementor-widget-mobile__width-inherit animated-fast elementor-widget elementor-widget-text-editor\" data-id=\"3233fd2\" data-element_type=\"widget\" data-settings=\"{&quot;_animation&quot;:&quot;none&quot;}\" data-widget_type=\"text-editor.default\">\n\t\t\t\t<div class=\"elementor-widget-container\">\n\t\t\t\t\t\t\t\t\t<h1 style=\"color: #fff;\">Nuestra sede<\/h1>\t\t\t\t\t\t\t\t<\/div>\n\t\t\t\t<\/div>\n\t\t\t\t<div class=\"elementor-element elementor-element-d69b48e elementor-widget elementor-widget-text-editor\" data-id=\"d69b48e\" data-element_type=\"widget\" data-widget_type=\"text-editor.default\">\n\t\t\t\t<div class=\"elementor-widget-container\">\n\t\t\t\t\t\t\t\t\tDescubra c\u00f3mo llegar hasta nosotros y encontrarnos f\u00edsicamente. Estaremos encantados de recibirle en nuestra sede o en nuestras oficinas. Aqu\u00ed encontrar\u00e1 direcciones, mapas y contactos \u00fatiles para garantizar una reuni\u00f3n o visita sin problemas. Vis\u00edtenos y descubra usted mismo nuestra Software House y el equipo detr\u00e1s de nuestras soluciones innovadoras. \t\t\t\t\t\t\t\t<\/div>\n\t\t\t\t<\/div>\n\t\t\t\t<div class=\"elementor-element elementor-element-2def9d1 elementor-align-left elementor-tablet-align-left elementor-mobile-align-justify animated-slow elementor-widget elementor-widget-button\" data-id=\"2def9d1\" data-element_type=\"widget\" data-settings=\"{&quot;_animation_delay&quot;:0,&quot;_animation&quot;:&quot;none&quot;}\" data-widget_type=\"button.default\">\n\t\t\t\t<div class=\"elementor-widget-container\">\n\t\t\t\t\t\t\t\t\t<div class=\"elementor-button-wrapper\">\n\t\t\t\t\t<a class=\"elementor-button elementor-button-link elementor-size-sm\" href=\"https:\/\/www.noitech.net\/es\/contactos\/\">\n\t\t\t\t\t\t<span class=\"elementor-button-content-wrapper\">\n\t\t\t\t\t\t<span class=\"elementor-button-icon\">\n\t\t\t\t<i aria-hidden=\"true\" class=\"fas fa-arrow-right\"><\/i>\t\t\t<\/span>\n\t\t\t\t\t\t\t\t\t<span class=\"elementor-button-text\">Ponerse en contacto<\/span>\n\t\t\t\t\t<\/span>\n\t\t\t\t\t<\/a>\n\t\t\t\t<\/div>\n\t\t\t\t\t\t\t\t<\/div>\n\t\t\t\t<\/div>\n\t\t\t\t<div class=\"elementor-element elementor-element-c23c28f elementor-widget elementor-widget-spacer\" data-id=\"c23c28f\" data-element_type=\"widget\" data-widget_type=\"spacer.default\">\n\t\t\t\t<div class=\"elementor-widget-container\">\n\t\t\t\t\t\t\t<div class=\"elementor-spacer\">\n\t\t\t<div class=\"elementor-spacer-inner\"><\/div>\n\t\t<\/div>\n\t\t\t\t\t\t<\/div>\n\t\t\t\t<\/div>\n\t\t\t\t\t<\/div>\n\t\t<\/div>\n\t\t\t\t<div class=\"elementor-column elementor-col-50 elementor-top-column elementor-element elementor-element-23ac222\" data-id=\"23ac222\" data-element_type=\"column\" data-settings=\"{&quot;background_background&quot;:&quot;classic&quot;}\">\n\t\t\t<div class=\"elementor-widget-wrap\">\n\t\t\t\t\t<div class=\"elementor-background-overlay\"><\/div>\n\t\t\t\t\t\t\t<\/div>\n\t\t<\/div>\n\t\t\t\t\t<\/div>\n\t\t<\/section>\n\t\t\t\t<section class=\"elementor-section elementor-top-section elementor-element elementor-element-0ab6453 elementor-section-boxed elementor-section-height-default elementor-section-height-default\" data-id=\"0ab6453\" data-element_type=\"section\">\n\t\t\t\t\t\t<div class=\"elementor-container elementor-column-gap-default\">\n\t\t\t\t\t<div class=\"elementor-column elementor-col-50 elementor-top-column elementor-element elementor-element-771d475\" data-id=\"771d475\" data-element_type=\"column\">\n\t\t\t<div class=\"elementor-widget-wrap elementor-element-populated\">\n\t\t\t\t\t\t<div class=\"elementor-element elementor-element-1d72934d elementor-widget elementor-widget-text-editor\" data-id=\"1d72934d\" data-element_type=\"widget\" data-widget_type=\"text-editor.default\">\n\t\t\t\t<div class=\"elementor-widget-container\">\n\t\t\t\t\t\t\t\t\t<p>Noitech SRL | PYME innovadora<br \/>El viaje. Viale Cassiodoro, 6 \u2013 88060 \u2013 Davoli (CZ)<br \/>N\u00famero de IVA y c\u00f3digo fiscal 03353830791<\/p>\t\t\t\t\t\t\t\t<\/div>\n\t\t\t\t<\/div>\n\t\t\t\t<div class=\"elementor-element elementor-element-4f32512 elementor-widget-divider--view-line elementor-widget elementor-widget-divider\" data-id=\"4f32512\" data-element_type=\"widget\" data-widget_type=\"divider.default\">\n\t\t\t\t<div class=\"elementor-widget-container\">\n\t\t\t\t\t\t\t<div class=\"elementor-divider\">\n\t\t\t<span class=\"elementor-divider-separator\">\n\t\t\t\t\t\t<\/span>\n\t\t<\/div>\n\t\t\t\t\t\t<\/div>\n\t\t\t\t<\/div>\n\t\t\t\t<div class=\"elementor-element elementor-element-55398280 elementor-widget elementor-widget-text-editor\" data-id=\"55398280\" data-element_type=\"widget\" data-widget_type=\"text-editor.default\">\n\t\t\t\t<div class=\"elementor-widget-container\">\n\t\t\t\t\t\t\t\t\t<b>Tel\u00e9fono<\/b>: (+39) 0967 620481<br>\n<b>M\u00f3vil \/ Whatsapp<\/b>: (+39) 388 374 2900<br>\n<b>Correo electr\u00f3nico<\/b>: <a href=\"mailto:info@noitech.net\"><b>info@noitech.net<\/b><\/a><br>\n<b>P\u00e9c<\/b>: <a href=\"mailto:noitech@pec.it\"><b>noitech@pec.it<\/b><\/a>\t\t\t\t\t\t\t\t<\/div>\n\t\t\t\t<\/div>\n\t\t\t\t\t<\/div>\n\t\t<\/div>\n\t\t\t\t<div class=\"elementor-column elementor-col-50 elementor-top-column elementor-element elementor-element-0361f60\" data-id=\"0361f60\" data-element_type=\"column\">\n\t\t\t<div class=\"elementor-widget-wrap elementor-element-populated\">\n\t\t\t\t\t\t<div class=\"elementor-element elementor-element-2a75575 elementor-widget elementor-widget-google_maps\" data-id=\"2a75575\" data-element_type=\"widget\" data-widget_type=\"google_maps.default\">\n\t\t\t\t<div class=\"elementor-widget-container\">\n\t\t\t\t\t\t\t<div class=\"elementor-custom-embed\">\n\t\t\t<iframe loading=\"lazy\"\n\t\t\t\t\tsrc=\"https:\/\/maps.google.com\/maps?q=Noitech.net%20%7C%20Digital%20Agency%20%26%20System%20Integrator&#038;t=m&#038;z=19&#038;output=embed&#038;iwloc=near\"\n\t\t\t\t\t\n\t\t\t\t\taria-label=\"Noitech.net | Agencia digital e integrador de sistemas\"\n\t\t\t><\/iframe>\n\t\t<\/div>\n\t\t\t\t\t\t<\/div>\n\t\t\t\t<\/div>\n\t\t\t\t\t<\/div>\n\t\t<\/div>\n\t\t\t\t\t<\/div>\n\t\t<\/section>\n\t\t\t\t<\/div>","protected":false},"excerpt":{"rendered":"<p>Inicio Nuestra sede Descubra c\u00f3mo llegar hasta nosotros y encontrarnos f\u00edsicamente. Estaremos encantados de recibirle en nuestra sede o en nuestras oficinas. Aqu\u00ed encontrar\u00e1 direcciones, mapas y contactos \u00fatiles para garantizar una reuni\u00f3n o visita sin problemas. Ven y vis\u00edtanos\u2026 <\/p>\n<p class=\"read-more-container\"><a title=\"Nuestra sede\" class=\"read-more button\" href=\"https:\/\/www.noitech.net\/es\/sitio\/#more-217605\" aria-label=\"M\u00e1s en Nuestra sede\">Leer m\u00e1s<\/a><\/p>","protected":false},"author":1,"featured_media":0,"parent":0,"menu_order":0,"comment_status":"closed","ping_status":"closed","template":"","meta":{"footnotes":""},"class_list":{"0":"post-217605","1":"page","2":"type-page","3":"status-publish","5":"no-featured-image-padding"},"_links":{"self":[{"href":"https:\/\/www.noitech.net\/es\/wp-json\/wp\/v2\/pages\/217605","targetHints":{"allow":["GET"]}}],"collection":[{"href":"https:\/\/www.noitech.net\/es\/wp-json\/wp\/v2\/pages"}],"about":[{"href":"https:\/\/www.noitech.net\/es\/wp-json\/wp\/v2\/types\/page"}],"author":[{"embeddable":true,"href":"https:\/\/www.noitech.net\/es\/wp-json\/wp\/v2\/users\/1"}],"replies":[{"embeddable":true,"href":"https:\/\/www.noitech.net\/es\/wp-json\/wp\/v2\/comments?post=217605"}],"version-history":[{"count":20,"href":"https:\/\/www.noitech.net\/es\/wp-json\/wp\/v2\/pages\/217605\/revisions"}],"predecessor-version":[{"id":221715,"href":"https:\/\/www.noitech.net\/es\/wp-json\/wp\/v2\/pages\/217605\/revisions\/221715"}],"wp:attachment":[{"href":"https:\/\/www.noitech.net\/es\/wp-json\/wp\/v2\/media?parent=217605"}],"curies":[{"name":"wp","href":"https:\/\/api.w.org\/{rel}","templated":true}]}}