{"id":217798,"date":"2022-11-11T14:55:59","date_gmt":"2022-11-11T13:55:59","guid":{"rendered":"https:\/\/www.noitech.net\/?page_id=217798"},"modified":"2023-08-10T14:49:33","modified_gmt":"2023-08-10T12:49:33","slug":"servizi","status":"publish","type":"page","link":"https:\/\/www.noitech.net\/es\/servicios\/","title":{"rendered":"Nuestros servicios"},"content":{"rendered":"<div data-elementor-type=\"wp-page\" data-elementor-id=\"217798\" class=\"elementor elementor-217798\" data-elementor-post-type=\"page\">\n\t\t\t\t\t\t<section class=\"elementor-section elementor-top-section elementor-element elementor-element-5d3befd1 elementor-section-boxed elementor-section-height-default elementor-section-height-default\" data-id=\"5d3befd1\" data-element_type=\"section\">\n\t\t\t\t\t\t<div class=\"elementor-container elementor-column-gap-default\">\n\t\t\t\t\t<div class=\"elementor-column elementor-col-50 elementor-top-column elementor-element elementor-element-6e7851fc\" data-id=\"6e7851fc\" data-element_type=\"column\">\n\t\t\t<div class=\"elementor-widget-wrap elementor-element-populated\">\n\t\t\t\t\t\t<div class=\"elementor-element elementor-element-36cd623e elementor-widget elementor-widget-text-editor\" data-id=\"36cd623e\" data-element_type=\"widget\" data-widget_type=\"text-editor.default\">\n\t\t\t\t<div class=\"elementor-widget-container\">\n\t\t\t\t\t\t\t\t\tPresente desde la primera hasta la \u00faltima fase de un proyecto, Noitech se estructura con un equipo de m\u00e1s de 20 profesionales entre recursos internos y externos, organizados en 4 departamentos de empresa, para ofrecer un completo soporte 360\u00b0, con la ventaja, para nuestros clientes, de tener un \u00fanico interlocutor cualificado en todas las fases de un proyecto de digitalizaci\u00f3n.\t\t\t\t\t\t\t\t<\/div>\n\t\t\t\t<\/div>\n\t\t\t\t\t<\/div>\n\t\t<\/div>\n\t\t\t\t<div class=\"elementor-column elementor-col-50 elementor-top-column elementor-element elementor-element-2c513f2\" data-id=\"2c513f2\" data-element_type=\"column\">\n\t\t\t<div class=\"elementor-widget-wrap\">\n\t\t\t\t\t\t\t<\/div>\n\t\t<\/div>\n\t\t\t\t\t<\/div>\n\t\t<\/section>\n\t\t\t\t<section class=\"elementor-section elementor-top-section elementor-element elementor-element-58d57d29 elementor-section-stretched elementor-section-boxed elementor-section-height-default elementor-section-height-default\" data-id=\"58d57d29\" data-element_type=\"section\" data-settings=\"{&quot;background_background&quot;:&quot;classic&quot;,&quot;stretch_section&quot;:&quot;section-stretched&quot;}\">\n\t\t\t\t\t\t<div class=\"elementor-container elementor-column-gap-default\">\n\t\t\t\t\t<div class=\"elementor-column elementor-col-50 elementor-top-column elementor-element elementor-element-857b1df\" data-id=\"857b1df\" data-element_type=\"column\" data-settings=\"{&quot;background_background&quot;:&quot;classic&quot;}\">\n\t\t\t<div class=\"elementor-widget-wrap elementor-element-populated\">\n\t\t\t\t\t\t<section class=\"elementor-section elementor-inner-section elementor-element elementor-element-b3943f0 elementor-section-boxed elementor-section-height-default elementor-section-height-default\" data-id=\"b3943f0\" data-element_type=\"section\">\n\t\t\t\t\t\t<div class=\"elementor-container elementor-column-gap-default\">\n\t\t\t\t\t<div class=\"elementor-column elementor-col-50 elementor-inner-column elementor-element elementor-element-26b800d0\" data-id=\"26b800d0\" data-element_type=\"column\">\n\t\t\t<div class=\"elementor-widget-wrap elementor-element-populated\">\n\t\t\t\t\t\t<div class=\"elementor-element elementor-element-1613833 elementor-view-default elementor-widget elementor-widget-icon\" data-id=\"1613833\" data-element_type=\"widget\" data-widget_type=\"icon.default\">\n\t\t\t\t<div class=\"elementor-widget-container\">\n\t\t\t\t\t\t\t<div class=\"elementor-icon-wrapper\">\n\t\t\t<a class=\"elementor-icon\" href=\"https:\/\/www.noitech.net\/es\/digital-services\/\">\n\t\t\t<i aria-hidden=\"true\" class=\"fas fa-chevron-right\"><\/i>\t\t\t<\/a>\n\t\t<\/div>\n\t\t\t\t\t\t<\/div>\n\t\t\t\t<\/div>\n\t\t\t\t\t<\/div>\n\t\t<\/div>\n\t\t\t\t<div class=\"elementor-column elementor-col-50 elementor-inner-column elementor-element elementor-element-858bbd0\" data-id=\"858bbd0\" data-element_type=\"column\">\n\t\t\t<div class=\"elementor-widget-wrap elementor-element-populated\">\n\t\t\t\t\t\t<div class=\"elementor-element elementor-element-a8243f3 elementor-widget elementor-widget-heading\" data-id=\"a8243f3\" data-element_type=\"widget\" data-widget_type=\"heading.default\">\n\t\t\t\t<div class=\"elementor-widget-container\">\n\t\t\t\t\t<h2 class=\"elementor-heading-title elementor-size-default\"><a href=\"https:\/\/www.noitech.net\/es\/digital-services\/\">Servicios digitales<\/a><\/h2>\t\t\t\t<\/div>\n\t\t\t\t<\/div>\n\t\t\t\t<div class=\"elementor-element elementor-element-f9ec5f1 elementor-widget elementor-widget-text-editor\" data-id=\"f9ec5f1\" data-element_type=\"widget\" data-widget_type=\"text-editor.default\">\n\t\t\t\t<div class=\"elementor-widget-container\">\n\t\t\t\t\t\t\t\t\t<p>El departamento de la empresa que se ocupa de todos los servicios relacionados con el mundo de la comunicaci\u00f3n digital y las aplicaciones orientadas a la web. En su interior encontramos servicios como:<\/p><ol><li aria-level=\"1\">Gr\u00e1ficos e identidad digital<\/li><li aria-level=\"1\">Blogs personales, webs corporativas, portales web<\/li><li aria-level=\"1\">Soluciones de comercio electr\u00f3nico y gesti\u00f3n empresarial<\/li><li aria-level=\"1\">Optimizaci\u00f3n de motores de b\u00fasqueda - SEO<\/li><li aria-level=\"1\">Gesti\u00f3n de canales sociales<\/li><li aria-level=\"1\">Campa\u00f1as de Google Ads y Meta Ads\u00a0 <\/li><\/ol>\t\t\t\t\t\t\t\t<\/div>\n\t\t\t\t<\/div>\n\t\t\t\t\t<\/div>\n\t\t<\/div>\n\t\t\t\t\t<\/div>\n\t\t<\/section>\n\t\t\t\t<div class=\"elementor-element elementor-element-553515e4 elementor-widget elementor-widget-html\" data-id=\"553515e4\" data-element_type=\"widget\" data-widget_type=\"html.default\">\n\t\t\t\t<div class=\"elementor-widget-container\">\n\t\t\t\t\t<script> \njQuery(document).ready(function($) { \nvar delay = 100; setTimeout(function() { \n$('.elementor-tab-title').removeClass('elementor-active');\n $('.elementor-tab-content').css('display', 'none'); }, delay); \n}); \n<\/script>\t\t\t\t<\/div>\n\t\t\t\t<\/div>\n\t\t\t\t\t<\/div>\n\t\t<\/div>\n\t\t\t\t<div class=\"elementor-column elementor-col-50 elementor-top-column elementor-element elementor-element-707b548\" data-id=\"707b548\" data-element_type=\"column\" data-settings=\"{&quot;background_background&quot;:&quot;classic&quot;}\">\n\t\t\t<div class=\"elementor-widget-wrap elementor-element-populated\">\n\t\t\t\t\t\t<section class=\"elementor-section elementor-inner-section elementor-element elementor-element-40d6439 elementor-section-boxed elementor-section-height-default elementor-section-height-default\" data-id=\"40d6439\" data-element_type=\"section\">\n\t\t\t\t\t\t<div class=\"elementor-container elementor-column-gap-default\">\n\t\t\t\t\t<div class=\"elementor-column elementor-col-50 elementor-inner-column elementor-element elementor-element-0ea4021\" data-id=\"0ea4021\" data-element_type=\"column\">\n\t\t\t<div class=\"elementor-widget-wrap elementor-element-populated\">\n\t\t\t\t\t\t<div class=\"elementor-element elementor-element-a11ca5e elementor-view-default elementor-widget elementor-widget-icon\" data-id=\"a11ca5e\" data-element_type=\"widget\" data-widget_type=\"icon.default\">\n\t\t\t\t<div class=\"elementor-widget-container\">\n\t\t\t\t\t\t\t<div class=\"elementor-icon-wrapper\">\n\t\t\t<a class=\"elementor-icon\" href=\"https:\/\/www.noitech.net\/es\/integracion-de-sistema\/\">\n\t\t\t<i aria-hidden=\"true\" class=\"fas fa-chevron-right\"><\/i>\t\t\t<\/a>\n\t\t<\/div>\n\t\t\t\t\t\t<\/div>\n\t\t\t\t<\/div>\n\t\t\t\t\t<\/div>\n\t\t<\/div>\n\t\t\t\t<div class=\"elementor-column elementor-col-50 elementor-inner-column elementor-element elementor-element-7f94cf5\" data-id=\"7f94cf5\" data-element_type=\"column\">\n\t\t\t<div class=\"elementor-widget-wrap elementor-element-populated\">\n\t\t\t\t\t\t<div class=\"elementor-element elementor-element-e46a791 elementor-widget elementor-widget-heading\" data-id=\"e46a791\" data-element_type=\"widget\" data-widget_type=\"heading.default\">\n\t\t\t\t<div class=\"elementor-widget-container\">\n\t\t\t\t\t<h2 class=\"elementor-heading-title elementor-size-default\"><a href=\"https:\/\/www.noitech.net\/es\/integracion-de-sistema\/\">Integraci\u00f3n de sistema<\/a><\/h2>\t\t\t\t<\/div>\n\t\t\t\t<\/div>\n\t\t\t\t<div class=\"elementor-element elementor-element-3467fb5 elementor-widget elementor-widget-text-editor\" data-id=\"3467fb5\" data-element_type=\"widget\" data-widget_type=\"text-editor.default\">\n\t\t\t\t<div class=\"elementor-widget-container\">\n\t\t\t\t\t\t\t\t\t<p>El departamento corporativo que se ocupa de los servicios relacionados con la personalizaci\u00f3n de productos de software y la creaci\u00f3n de productos de hardware. En su interior encontramos servicios como:<\/p><ol><li aria-level=\"1\">Desarrollo de software a medida<\/li><li aria-level=\"1\">Desarrollo REST\/API para interconexi\u00f3n de software<\/li><li aria-level=\"1\">Desarrollo de bases de datos y tablero de gesti\u00f3n relacionado.<\/li><li aria-level=\"1\">Desarrollo de soluciones avanzadas de rob\u00f3tica colaborativa<\/li><li aria-level=\"1\">Actividades de integraci\u00f3n de software en soluciones existentes<\/li><li aria-level=\"1\">Actividades de integraci\u00f3n de hardware en soluciones existentes<\/li><\/ol>\t\t\t\t\t\t\t\t<\/div>\n\t\t\t\t<\/div>\n\t\t\t\t\t<\/div>\n\t\t<\/div>\n\t\t\t\t\t<\/div>\n\t\t<\/section>\n\t\t\t\t<div class=\"elementor-element elementor-element-cd35d4b elementor-widget elementor-widget-html\" data-id=\"cd35d4b\" data-element_type=\"widget\" data-widget_type=\"html.default\">\n\t\t\t\t<div class=\"elementor-widget-container\">\n\t\t\t\t\t<script> \njQuery(document).ready(function($) { \nvar delay = 100; setTimeout(function() { \n$('.elementor-tab-title').removeClass('elementor-active');\n $('.elementor-tab-content').css('display', 'none'); }, delay); \n}); \n<\/script>\t\t\t\t<\/div>\n\t\t\t\t<\/div>\n\t\t\t\t\t<\/div>\n\t\t<\/div>\n\t\t\t\t\t<\/div>\n\t\t<\/section>\n\t\t\t\t<section class=\"elementor-section elementor-top-section elementor-element elementor-element-76451c1 elementor-section-stretched elementor-section-boxed elementor-section-height-default elementor-section-height-default\" data-id=\"76451c1\" data-element_type=\"section\" data-settings=\"{&quot;background_background&quot;:&quot;classic&quot;,&quot;stretch_section&quot;:&quot;section-stretched&quot;}\">\n\t\t\t\t\t\t<div class=\"elementor-container elementor-column-gap-default\">\n\t\t\t\t\t<div class=\"elementor-column elementor-col-50 elementor-top-column elementor-element elementor-element-53a1b9c\" data-id=\"53a1b9c\" data-element_type=\"column\" data-settings=\"{&quot;background_background&quot;:&quot;classic&quot;}\">\n\t\t\t<div class=\"elementor-widget-wrap elementor-element-populated\">\n\t\t\t\t\t\t<section class=\"elementor-section elementor-inner-section elementor-element elementor-element-0407936 elementor-section-boxed elementor-section-height-default elementor-section-height-default\" data-id=\"0407936\" data-element_type=\"section\">\n\t\t\t\t\t\t<div class=\"elementor-container elementor-column-gap-default\">\n\t\t\t\t\t<div class=\"elementor-column elementor-col-50 elementor-inner-column elementor-element elementor-element-d63c04e\" data-id=\"d63c04e\" data-element_type=\"column\">\n\t\t\t<div class=\"elementor-widget-wrap elementor-element-populated\">\n\t\t\t\t\t\t<div class=\"elementor-element elementor-element-8963da8 elementor-view-default elementor-widget elementor-widget-icon\" data-id=\"8963da8\" data-element_type=\"widget\" data-widget_type=\"icon.default\">\n\t\t\t\t<div class=\"elementor-widget-container\">\n\t\t\t\t\t\t\t<div class=\"elementor-icon-wrapper\">\n\t\t\t<a class=\"elementor-icon\" href=\"https:\/\/www.noitech.net\/es\/consultoria-de-proyectos\/\">\n\t\t\t<i aria-hidden=\"true\" class=\"fas fa-chevron-right\"><\/i>\t\t\t<\/a>\n\t\t<\/div>\n\t\t\t\t\t\t<\/div>\n\t\t\t\t<\/div>\n\t\t\t\t\t<\/div>\n\t\t<\/div>\n\t\t\t\t<div class=\"elementor-column elementor-col-50 elementor-inner-column elementor-element elementor-element-40847b3\" data-id=\"40847b3\" data-element_type=\"column\">\n\t\t\t<div class=\"elementor-widget-wrap elementor-element-populated\">\n\t\t\t\t\t\t<div class=\"elementor-element elementor-element-eff3d23 elementor-widget elementor-widget-heading\" data-id=\"eff3d23\" data-element_type=\"widget\" data-widget_type=\"heading.default\">\n\t\t\t\t<div class=\"elementor-widget-container\">\n\t\t\t\t\t<h2 class=\"elementor-heading-title elementor-size-default\"><a href=\"https:\/\/www.noitech.net\/es\/consultoria-de-proyectos\/\">Proyecto y Consultor\u00eda<\/a><\/h2>\t\t\t\t<\/div>\n\t\t\t\t<\/div>\n\t\t\t\t<div class=\"elementor-element elementor-element-54a6931 elementor-widget elementor-widget-text-editor\" data-id=\"54a6931\" data-element_type=\"widget\" data-widget_type=\"text-editor.default\">\n\t\t\t\t<div class=\"elementor-widget-container\">\n\t\t\t\t\t\t\t\t\t<p>El departamento de la empresa que se ocupa de los servicios de gesti\u00f3n de proyectos y consultor\u00eda t\u00e9cnica y empresarial tambi\u00e9n en t\u00e9rminos financieros. En su interior encontramos servicios como:\u00a0<\/p><ol><li aria-level=\"1\">Gesti\u00f3n de proyectos<\/li><li aria-level=\"1\">Estudios de dise\u00f1o y factibilidad<\/li><li aria-level=\"1\">Proyectos de formaci\u00f3n de personal.<\/li><li aria-level=\"1\">Consultor\u00eda t\u00e9cnica y tecnol\u00f3gica<\/li><li aria-level=\"1\">Seguridad inform\u00e1tica y an\u00e1lisis de riesgos.<\/li><li aria-level=\"1\">Consultor\u00eda financiera para la sostenibilidad de proyectos<\/li><li aria-level=\"1\">Aviso legal para GDPR y Privacidad<\/li><\/ol>\t\t\t\t\t\t\t\t<\/div>\n\t\t\t\t<\/div>\n\t\t\t\t\t<\/div>\n\t\t<\/div>\n\t\t\t\t\t<\/div>\n\t\t<\/section>\n\t\t\t\t<div class=\"elementor-element elementor-element-41666b6 elementor-widget elementor-widget-html\" data-id=\"41666b6\" data-element_type=\"widget\" data-widget_type=\"html.default\">\n\t\t\t\t<div class=\"elementor-widget-container\">\n\t\t\t\t\t<script> \njQuery(document).ready(function($) { \nvar delay = 100; setTimeout(function() { \n$('.elementor-tab-title').removeClass('elementor-active');\n $('.elementor-tab-content').css('display', 'none'); }, delay); \n}); \n<\/script>\t\t\t\t<\/div>\n\t\t\t\t<\/div>\n\t\t\t\t\t<\/div>\n\t\t<\/div>\n\t\t\t\t<div class=\"elementor-column elementor-col-50 elementor-top-column elementor-element elementor-element-01cc074\" data-id=\"01cc074\" data-element_type=\"column\" data-settings=\"{&quot;background_background&quot;:&quot;classic&quot;}\">\n\t\t\t<div class=\"elementor-widget-wrap elementor-element-populated\">\n\t\t\t\t\t\t<section class=\"elementor-section elementor-inner-section elementor-element elementor-element-3c51aec elementor-section-boxed elementor-section-height-default elementor-section-height-default\" data-id=\"3c51aec\" data-element_type=\"section\">\n\t\t\t\t\t\t<div class=\"elementor-container elementor-column-gap-default\">\n\t\t\t\t\t<div class=\"elementor-column elementor-col-50 elementor-inner-column elementor-element elementor-element-189e102\" data-id=\"189e102\" data-element_type=\"column\">\n\t\t\t<div class=\"elementor-widget-wrap elementor-element-populated\">\n\t\t\t\t\t\t<div class=\"elementor-element elementor-element-79c1888 elementor-view-default elementor-widget elementor-widget-icon\" data-id=\"79c1888\" data-element_type=\"widget\" data-widget_type=\"icon.default\">\n\t\t\t\t<div class=\"elementor-widget-container\">\n\t\t\t\t\t\t\t<div class=\"elementor-icon-wrapper\">\n\t\t\t<a class=\"elementor-icon\" href=\"https:\/\/www.noitech.net\/es\/investigacion-y-desarrollo\/\">\n\t\t\t<i aria-hidden=\"true\" class=\"fas fa-chevron-right\"><\/i>\t\t\t<\/a>\n\t\t<\/div>\n\t\t\t\t\t\t<\/div>\n\t\t\t\t<\/div>\n\t\t\t\t\t<\/div>\n\t\t<\/div>\n\t\t\t\t<div class=\"elementor-column elementor-col-50 elementor-inner-column elementor-element elementor-element-755b0da\" data-id=\"755b0da\" data-element_type=\"column\">\n\t\t\t<div class=\"elementor-widget-wrap elementor-element-populated\">\n\t\t\t\t\t\t<div class=\"elementor-element elementor-element-4736cee elementor-widget elementor-widget-heading\" data-id=\"4736cee\" data-element_type=\"widget\" data-widget_type=\"heading.default\">\n\t\t\t\t<div class=\"elementor-widget-container\">\n\t\t\t\t\t<h2 class=\"elementor-heading-title elementor-size-default\"><a href=\"https:\/\/www.noitech.net\/es\/investigacion-y-desarrollo\/\">Research &amp; Development<\/a><\/h2>\t\t\t\t<\/div>\n\t\t\t\t<\/div>\n\t\t\t\t<div class=\"elementor-element elementor-element-079b9a8 elementor-widget elementor-widget-text-editor\" data-id=\"079b9a8\" data-element_type=\"widget\" data-widget_type=\"text-editor.default\">\n\t\t\t\t<div class=\"elementor-widget-container\">\n\t\t\t\t\t\t\t\t\t<p>El departamento de la empresa que se ocupa de todos los servicios relacionados con la investigaci\u00f3n y el desarrollo de nuevos productos y para todas las actividades de innovaci\u00f3n abierta. En su interior encontramos servicios como:<\/p><p>\u00a0<\/p><ol><li aria-level=\"1\">Estudios de prefactibilidad para proyectos de investigaci\u00f3n que involucren el uso de &quot;Tecnolog\u00edas Habilitantes&quot; digitales: Inteligencia Artificial, Big Data, Cloud Computing, Ciberseguridad, Internet de las Cosas, Gemelos Digitales, Impresi\u00f3n 3D, Rob\u00f3tica Avanzada, otros.<\/li><li aria-level=\"1\">Actividades de investigaci\u00f3n y desarrollo para proyectos de investigaci\u00f3n y desarrollo industrial.<\/li><li aria-level=\"1\">Estudios bibliogr\u00e1ficos, estudios de arte previo, an\u00e1lisis del estado del arte para proyectos en el \u00e1mbito tecnol\u00f3gico.<\/li><li aria-level=\"1\">Patentes de invenci\u00f3n industrial \/ modelos de utilidad.<\/li><\/ol>\t\t\t\t\t\t\t\t<\/div>\n\t\t\t\t<\/div>\n\t\t\t\t\t<\/div>\n\t\t<\/div>\n\t\t\t\t\t<\/div>\n\t\t<\/section>\n\t\t\t\t<div class=\"elementor-element elementor-element-4aadbf8 elementor-widget elementor-widget-html\" data-id=\"4aadbf8\" data-element_type=\"widget\" data-widget_type=\"html.default\">\n\t\t\t\t<div class=\"elementor-widget-container\">\n\t\t\t\t\t<script> \njQuery(document).ready(function($) { \nvar delay = 100; setTimeout(function() { \n$('.elementor-tab-title').removeClass('elementor-active');\n $('.elementor-tab-content').css('display', 'none'); }, delay); \n}); \n<\/script>\t\t\t\t<\/div>\n\t\t\t\t<\/div>\n\t\t\t\t\t<\/div>\n\t\t<\/div>\n\t\t\t\t\t<\/div>\n\t\t<\/section>\n\t\t\t\t<\/div>","protected":false},"excerpt":{"rendered":"<p>Presente desde la primera hasta la \u00faltima fase de un proyecto, Noitech se estructura con un equipo de m\u00e1s de 20 profesionales entre recursos internos y externos, organizados en 4 departamentos de la empresa, para ofrecer un soporte completo de 360\u00b0, con la ventaja, para... <\/p>\n<p class=\"read-more-container\"><a title=\"Nuestros servicios\" class=\"read-more button\" href=\"https:\/\/www.noitech.net\/es\/servicios\/#more-217798\" aria-label=\"M\u00e1s en Nuestros servicios\">Leer m\u00e1s<\/a><\/p>","protected":false},"author":1,"featured_media":0,"parent":0,"menu_order":0,"comment_status":"closed","ping_status":"closed","template":"","meta":{"footnotes":""},"class_list":{"0":"post-217798","1":"page","2":"type-page","3":"status-publish","5":"no-featured-image-padding"},"_links":{"self":[{"href":"https:\/\/www.noitech.net\/es\/wp-json\/wp\/v2\/pages\/217798","targetHints":{"allow":["GET"]}}],"collection":[{"href":"https:\/\/www.noitech.net\/es\/wp-json\/wp\/v2\/pages"}],"about":[{"href":"https:\/\/www.noitech.net\/es\/wp-json\/wp\/v2\/types\/page"}],"author":[{"embeddable":true,"href":"https:\/\/www.noitech.net\/es\/wp-json\/wp\/v2\/users\/1"}],"replies":[{"embeddable":true,"href":"https:\/\/www.noitech.net\/es\/wp-json\/wp\/v2\/comments?post=217798"}],"version-history":[{"count":7,"href":"https:\/\/www.noitech.net\/es\/wp-json\/wp\/v2\/pages\/217798\/revisions"}],"predecessor-version":[{"id":220559,"href":"https:\/\/www.noitech.net\/es\/wp-json\/wp\/v2\/pages\/217798\/revisions\/220559"}],"wp:attachment":[{"href":"https:\/\/www.noitech.net\/es\/wp-json\/wp\/v2\/media?parent=217798"}],"curies":[{"name":"wp","href":"https:\/\/api.w.org\/{rel}","templated":true}]}}