{"id":218440,"date":"2023-05-12T12:20:46","date_gmt":"2023-05-12T10:20:46","guid":{"rendered":"https:\/\/www.noitech.net\/?page_id=218440"},"modified":"2023-05-16T12:45:58","modified_gmt":"2023-05-16T10:45:58","slug":"chatbot-con-intelligenza-artificiale-chat-gpt-based","status":"publish","type":"page","link":"https:\/\/www.noitech.net\/es\/chatbot-con-inteligencia-artificial-basado-en-gpt\/","title":{"rendered":"Chatbot con Inteligencia Artificial (Chat basado en GPT)"},"content":{"rendered":"<div data-elementor-type=\"wp-page\" data-elementor-id=\"218440\" class=\"elementor elementor-218440\" data-elementor-post-type=\"page\">\n\t\t\t\t\t\t<section class=\"elementor-section elementor-top-section elementor-element elementor-element-02ffec5 elementor-section-boxed elementor-section-height-default elementor-section-height-default\" data-id=\"02ffec5\" data-element_type=\"section\">\n\t\t\t\t\t\t<div class=\"elementor-container elementor-column-gap-default\">\n\t\t\t\t\t<div class=\"elementor-column elementor-col-100 elementor-top-column elementor-element elementor-element-5ec3268\" data-id=\"5ec3268\" data-element_type=\"column\">\n\t\t\t<div class=\"elementor-widget-wrap elementor-element-populated\">\n\t\t\t\t\t\t<div class=\"elementor-element elementor-element-fe851e3 elementor-widget__width-initial elementor-widget elementor-widget-text-editor\" data-id=\"fe851e3\" data-element_type=\"widget\" data-widget_type=\"text-editor.default\">\n\t\t\t\t<div class=\"elementor-widget-container\">\n\t\t\t\t\t\t\t\t\t<h2>Noitech crea soluciones personalizadas para la gesti\u00f3n inteligente y autom\u00e1tica del servicio de atenci\u00f3n al cliente.<\/h2><p>Los internautas buscan respuestas <b>r\u00e1pido <\/b>y <b>exhaustivo<\/b>. Esto tambi\u00e9n sucede cuando navegan por su sitio pero, a menudo, no es posible responder inmediatamente a sus solicitudes.<\/p><p>Es por esto que brindamos Chatbots equipados con Inteligencia Artificial basados en GPT Chat.<\/p><p>Nuestros Chatbots inteligentes son un software dise\u00f1ado para simular una conversaci\u00f3n humana efectiva, destinado a responder a las necesidades de cada usuario aprovechando el poder de procesamiento de datos de Chat GPT.<\/p>\t\t\t\t\t\t\t\t<\/div>\n\t\t\t\t<\/div>\n\t\t\t\t\t<\/div>\n\t\t<\/div>\n\t\t\t\t\t<\/div>\n\t\t<\/section>\n\t\t\t\t<section class=\"elementor-section elementor-top-section elementor-element elementor-element-6aa66cf elementor-section-boxed elementor-section-height-default elementor-section-height-default\" data-id=\"6aa66cf\" data-element_type=\"section\">\n\t\t\t\t\t\t<div class=\"elementor-container elementor-column-gap-default\">\n\t\t\t\t\t<div class=\"elementor-column elementor-col-50 elementor-top-column elementor-element elementor-element-0c42a9d\" data-id=\"0c42a9d\" data-element_type=\"column\">\n\t\t\t<div class=\"elementor-widget-wrap elementor-element-populated\">\n\t\t\t\t\t\t<div class=\"elementor-element elementor-element-c2ebff5 elementor-widget__width-initial elementor-widget elementor-widget-text-editor\" data-id=\"c2ebff5\" data-element_type=\"widget\" data-widget_type=\"text-editor.default\">\n\t\t\t\t<div class=\"elementor-widget-container\">\n\t\t\t\t\t\t\t\t\t<h3>\u00bfLas ventajas?<\/h3><ul><li aria-level=\"1\">Un servicio de atenci\u00f3n al cliente activo las 24 horas del d\u00eda, los 7 d\u00edas de la semana;<\/li><li aria-level=\"1\">Posibilidad de recopilar datos fundamentales para su negocio;<\/li><li aria-level=\"1\">Puntualidad y correcci\u00f3n de respuestas propias del Chat GPT.<\/li><\/ul><h3>Nuestro equipo desarrolla e integra Chatbot Chatbot basado en GPT para:<\/h3><ul><li>Sitios de WordPress preexistentes;<\/li><li>Sitios de WordPress creados desde cero y personalizados seg\u00fan las necesidades de su negocio.<\/li><\/ul>\t\t\t\t\t\t\t\t<\/div>\n\t\t\t\t<\/div>\n\t\t\t\t\t<\/div>\n\t\t<\/div>\n\t\t\t\t<div class=\"elementor-column elementor-col-50 elementor-top-column elementor-element elementor-element-140875a\" data-id=\"140875a\" data-element_type=\"column\">\n\t\t\t<div class=\"elementor-widget-wrap elementor-element-populated\">\n\t\t\t\t\t\t<div class=\"elementor-element elementor-element-0576e30 elementor-widget__width-initial elementor-widget elementor-widget-image\" data-id=\"0576e30\" data-element_type=\"widget\" data-widget_type=\"image.default\">\n\t\t\t\t<div class=\"elementor-widget-container\">\n\t\t\t\t\t\t\t\t\t\t\t\t\t\t\t<img fetchpriority=\"high\" decoding=\"async\" width=\"350\" height=\"569\" src=\"https:\/\/www.noitech.net\/wp-content\/uploads\/2023\/05\/wpbot-pro-demo-new-1.png\" class=\"attachment-large size-large wp-image-218442\" alt=\"\" srcset=\"https:\/\/www.noitech.net\/wp-content\/uploads\/2023\/05\/wpbot-pro-demo-new-1.png 350w, https:\/\/www.noitech.net\/wp-content\/uploads\/2023\/05\/wpbot-pro-demo-new-1-185x300.png 185w\" sizes=\"(max-width: 350px) 100vw, 350px\" >\t\t\t\t\t\t\t\t\t\t\t\t\t\t\t<\/div>\n\t\t\t\t<\/div>\n\t\t\t\t\t<\/div>\n\t\t<\/div>\n\t\t\t\t\t<\/div>\n\t\t<\/section>\n\t\t\t\t<\/div>","protected":false},"excerpt":{"rendered":"<p>Noitech realizza soluzioni personalizzate per la gestione intelligente e automatica del servizio clienti. Gli utenti di internet cercano risposte rapide ed esaustive. Questo accade anche quando navigano sul tuo sito ma, spesso, non \u00e8 possibile rispondere con immediatezza alle loro &#8230; <\/p>\n<p class=\"read-more-container\"><a title=\"Chatbot con Inteligencia Artificial (Chat basado en GPT)\" class=\"read-more button\" href=\"https:\/\/www.noitech.net\/es\/chatbot-con-inteligencia-artificial-basado-en-gpt\/#more-218440\" aria-label=\"M\u00e1s en Chatbot con Intelligenza Artificiale (Chat GPT based)\">Leer m\u00e1s<\/a><\/p>","protected":false},"author":1,"featured_media":0,"parent":0,"menu_order":0,"comment_status":"closed","ping_status":"closed","template":"","meta":{"footnotes":""},"class_list":{"0":"post-218440","1":"page","2":"type-page","3":"status-publish","5":"no-featured-image-padding"},"_links":{"self":[{"href":"https:\/\/www.noitech.net\/es\/wp-json\/wp\/v2\/pages\/218440","targetHints":{"allow":["GET"]}}],"collection":[{"href":"https:\/\/www.noitech.net\/es\/wp-json\/wp\/v2\/pages"}],"about":[{"href":"https:\/\/www.noitech.net\/es\/wp-json\/wp\/v2\/types\/page"}],"author":[{"embeddable":true,"href":"https:\/\/www.noitech.net\/es\/wp-json\/wp\/v2\/users\/1"}],"replies":[{"embeddable":true,"href":"https:\/\/www.noitech.net\/es\/wp-json\/wp\/v2\/comments?post=218440"}],"version-history":[{"count":20,"href":"https:\/\/www.noitech.net\/es\/wp-json\/wp\/v2\/pages\/218440\/revisions"}],"predecessor-version":[{"id":218472,"href":"https:\/\/www.noitech.net\/es\/wp-json\/wp\/v2\/pages\/218440\/revisions\/218472"}],"wp:attachment":[{"href":"https:\/\/www.noitech.net\/es\/wp-json\/wp\/v2\/media?parent=218440"}],"curies":[{"name":"wp","href":"https:\/\/api.w.org\/{rel}","templated":true}]}}