{"id":221047,"date":"2023-08-29T11:37:13","date_gmt":"2023-08-29T09:37:13","guid":{"rendered":"https:\/\/www.noitech.net\/?page_id=221047"},"modified":"2023-08-31T12:02:19","modified_gmt":"2023-08-31T10:02:19","slug":"help-desk-asset-management-software","status":"publish","type":"page","link":"https:\/\/www.noitech.net\/es\/software-de-gestion-de-activos-de-servicio-de-ayuda\/","title":{"rendered":"Software de gesti\u00f3n de recursos y mesa de ayuda"},"content":{"rendered":"<div data-elementor-type=\"wp-page\" data-elementor-id=\"221047\" class=\"elementor elementor-221047\" data-elementor-post-type=\"page\">\n\t\t\t\t\t\t<section class=\"elementor-section elementor-top-section elementor-element elementor-element-a341869 elementor-section-boxed elementor-section-height-default elementor-section-height-default\" data-id=\"a341869\" data-element_type=\"section\" data-settings=\"{&quot;background_background&quot;:&quot;classic&quot;}\">\n\t\t\t\t\t\t\t<div class=\"elementor-background-overlay\"><\/div>\n\t\t\t\t\t\t\t<div class=\"elementor-container elementor-column-gap-default\">\n\t\t\t\t\t<div class=\"elementor-column elementor-col-50 elementor-top-column elementor-element elementor-element-64737fb\" data-id=\"64737fb\" data-element_type=\"column\">\n\t\t\t<div class=\"elementor-widget-wrap elementor-element-populated\">\n\t\t\t\t\t\t<div class=\"elementor-element elementor-element-4bafb18 elementor-widget elementor-widget-spacer\" data-id=\"4bafb18\" data-element_type=\"widget\" data-widget_type=\"spacer.default\">\n\t\t\t\t<div class=\"elementor-widget-container\">\n\t\t\t\t\t\t\t<div class=\"elementor-spacer\">\n\t\t\t<div class=\"elementor-spacer-inner\"><\/div>\n\t\t<\/div>\n\t\t\t\t\t\t<\/div>\n\t\t\t\t<\/div>\n\t\t\t\t<div class=\"elementor-element elementor-element-428c274 elementor-widget__width-auto elementor-widget elementor-widget-text-editor\" data-id=\"428c274\" data-element_type=\"widget\" data-widget_type=\"text-editor.default\">\n\t\t\t\t<div class=\"elementor-widget-container\">\n\t\t\t\t\t\t\t\t\tSoluciones\t\t\t\t\t\t\t\t<\/div>\n\t\t\t\t<\/div>\n\t\t\t\t<div class=\"elementor-element elementor-element-9a9122a elementor-widget__width-inherit elementor-widget-tablet__width-auto elementor-widget-mobile__width-inherit animated-fast elementor-widget elementor-widget-text-editor\" data-id=\"9a9122a\" data-element_type=\"widget\" data-settings=\"{&quot;_animation&quot;:&quot;none&quot;}\" data-widget_type=\"text-editor.default\">\n\t\t\t\t<div class=\"elementor-widget-container\">\n\t\t\t\t\t\t\t\t\t<h1 style=\"color:#fff\">Software de gesti\u00f3n de recursos y mesa de ayuda<\/h1>\t\t\t\t\t\t\t\t<\/div>\n\t\t\t\t<\/div>\n\t\t\t\t<div class=\"elementor-element elementor-element-6a5907e elementor-widget elementor-widget-text-editor\" data-id=\"6a5907e\" data-element_type=\"widget\" data-widget_type=\"text-editor.default\">\n\t\t\t\t<div class=\"elementor-widget-container\">\n\t\t\t\t\t\t\t\t\tEl software de gesti\u00f3n de activos y mesa de ayuda es una plataforma avanzada que permite a las empresas brindar atenci\u00f3n al cliente eficiente y administrar de manera \u00f3ptima los recursos internos. \t\t\t\t\t\t\t\t<\/div>\n\t\t\t\t<\/div>\n\t\t\t\t<div class=\"elementor-element elementor-element-741f890 elementor-align-left elementor-tablet-align-left elementor-mobile-align-justify animated-slow elementor-widget elementor-widget-button\" data-id=\"741f890\" data-element_type=\"widget\" data-settings=\"{&quot;_animation_delay&quot;:0,&quot;_animation&quot;:&quot;none&quot;}\" data-widget_type=\"button.default\">\n\t\t\t\t<div class=\"elementor-widget-container\">\n\t\t\t\t\t\t\t\t\t<div class=\"elementor-button-wrapper\">\n\t\t\t\t\t<a class=\"elementor-button elementor-button-link elementor-size-sm\" href=\"https:\/\/www.noitech.net\/es\/contactos\/\">\n\t\t\t\t\t\t<span class=\"elementor-button-content-wrapper\">\n\t\t\t\t\t\t<span class=\"elementor-button-icon\">\n\t\t\t\t<i aria-hidden=\"true\" class=\"fas fa-arrow-right\"><\/i>\t\t\t<\/span>\n\t\t\t\t\t\t\t\t\t<span class=\"elementor-button-text\">Ponerse en contacto<\/span>\n\t\t\t\t\t<\/span>\n\t\t\t\t\t<\/a>\n\t\t\t\t<\/div>\n\t\t\t\t\t\t\t\t<\/div>\n\t\t\t\t<\/div>\n\t\t\t\t<div class=\"elementor-element elementor-element-003250e elementor-widget elementor-widget-spacer\" data-id=\"003250e\" data-element_type=\"widget\" data-widget_type=\"spacer.default\">\n\t\t\t\t<div class=\"elementor-widget-container\">\n\t\t\t\t\t\t\t<div class=\"elementor-spacer\">\n\t\t\t<div class=\"elementor-spacer-inner\"><\/div>\n\t\t<\/div>\n\t\t\t\t\t\t<\/div>\n\t\t\t\t<\/div>\n\t\t\t\t\t<\/div>\n\t\t<\/div>\n\t\t\t\t<div class=\"elementor-column elementor-col-50 elementor-top-column elementor-element elementor-element-046c378\" data-id=\"046c378\" data-element_type=\"column\" data-settings=\"{&quot;background_background&quot;:&quot;classic&quot;}\">\n\t\t\t<div class=\"elementor-widget-wrap\">\n\t\t\t\t\t<div class=\"elementor-background-overlay\"><\/div>\n\t\t\t\t\t\t\t<\/div>\n\t\t<\/div>\n\t\t\t\t\t<\/div>\n\t\t<\/section>\n\t\t\t\t<section class=\"elementor-section elementor-top-section elementor-element elementor-element-22f709a elementor-section-boxed elementor-section-height-default elementor-section-height-default\" data-id=\"22f709a\" data-element_type=\"section\" data-settings=\"{&quot;background_background&quot;:&quot;classic&quot;}\">\n\t\t\t\t\t\t<div class=\"elementor-container elementor-column-gap-default\">\n\t\t\t\t\t<div class=\"elementor-column elementor-col-100 elementor-top-column elementor-element elementor-element-413ce2d\" data-id=\"413ce2d\" data-element_type=\"column\">\n\t\t\t<div class=\"elementor-widget-wrap elementor-element-populated\">\n\t\t\t\t\t\t<div class=\"elementor-element elementor-element-c4e822f elementor-widget elementor-widget-text-editor\" data-id=\"c4e822f\" data-element_type=\"widget\" data-widget_type=\"text-editor.default\">\n\t\t\t\t<div class=\"elementor-widget-container\">\n\t\t\t\t\t\t\t\t\t<p><em><strong>El software de gesti\u00f3n de recursos y mesa de ayuda es una soluci\u00f3n poderosa para las organizaciones que buscan ofrecer soporte al cliente eficiente y administrar los recursos internos de manera \u00f3ptima. Esta herramienta le permite registrar, rastrear y resolver r\u00e1pidamente los problemas de los clientes a trav\u00e9s de un sistema de tickets. Adem\u00e1s, ayuda a planificar y asignar recursos internos como personal y equipos, mejorando la eficiencia operativa. Este software es clave para mejorar la satisfacci\u00f3n del cliente y la eficiencia interna al promover una gesti\u00f3n de activos m\u00e1s inteligente y una respuesta oportuna a las necesidades de los clientes.<\/strong><\/em><\/p>\t\t\t\t\t\t\t\t<\/div>\n\t\t\t\t<\/div>\n\t\t\t\t\t<\/div>\n\t\t<\/div>\n\t\t\t\t\t<\/div>\n\t\t<\/section>\n\t\t\t\t<section class=\"elementor-section elementor-top-section elementor-element elementor-element-07f4c5c elementor-section-boxed elementor-section-height-default elementor-section-height-default\" data-id=\"07f4c5c\" data-element_type=\"section\">\n\t\t\t\t\t\t<div class=\"elementor-container elementor-column-gap-default\">\n\t\t\t\t\t<div class=\"elementor-column elementor-col-100 elementor-top-column elementor-element elementor-element-e7c71eb\" data-id=\"e7c71eb\" data-element_type=\"column\">\n\t\t\t<div class=\"elementor-widget-wrap elementor-element-populated\">\n\t\t\t\t\t\t<div class=\"elementor-element elementor-element-46a3c0a elementor-widget elementor-widget-text-editor\" data-id=\"46a3c0a\" data-element_type=\"widget\" data-widget_type=\"text-editor.default\">\n\t\t\t\t<div class=\"elementor-widget-container\">\n\t\t\t\t\t\t\t\t\t<p>Con un flujo constante de nueva tecnolog\u00eda y preguntas de los clientes, puede resultar complicado gestionar todo y mantenerse al d\u00eda con todas las tareas necesarias para que todo funcione sin problemas. Por ejemplo, el <strong>software de gesti\u00f3n de recursos de mesa de ayuda<\/strong> est\u00e1 dise\u00f1ado para ayudar a proporcionar servicios de soporte de TI a los clientes y, al mismo tiempo, cuidar los recursos de la empresa.<\/p><h2>\u00bfQu\u00e9 es el software de gesti\u00f3n de activos de la mesa de ayuda?<\/h2><p>El software de gesti\u00f3n de activos de la mesa de ayuda combina esencialmente software de emisi\u00f3n de tickets y software de gesti\u00f3n de activos de TI. Este tipo de software tambi\u00e9n incluye elementos del software RMM y ayuda a monitorear y administrar los dispositivos de su organizaci\u00f3n. Adem\u00e1s, proporciona una interfaz \u00fanica donde las empresas pueden gestionar la emisi\u00f3n de tickets y la supervisi\u00f3n y gesti\u00f3n de terminales.<\/p><h2>\u00bfCu\u00e1les son los beneficios del software de gesti\u00f3n de activos y mesa de ayuda (software de gesti\u00f3n de inventario de TI)?<\/h2><p>La combinaci\u00f3n del software de asistencia t\u00e9cnica con el software de gesti\u00f3n de activos (software de gesti\u00f3n de inventario de TI) produce muchos resultados positivos. A continuaci\u00f3n se detallan algunos beneficios del software de mesa de ayuda con funciones de administraci\u00f3n de activos e inventario:<\/p><h3>Una \u00fanica fuente de informaci\u00f3n confiable para TI<\/h3><p>El software de mesa de ayuda proporciona herramientas y datos para gestionar tickets y solicitudes de TI de empleados o clientes. El software de gesti\u00f3n de inventario de TI permite a las organizaciones establecer y seguir pasos y procesos espec\u00edficos para gestionar sus activos de TI. La combinaci\u00f3n de datos de ambos sistemas en su empresa le permite acceder a toda la informaci\u00f3n desde un \u00fanico panel, creando as\u00ed una fuente centralizada de informaci\u00f3n confiable para TI.<\/p><h3>Mejor visibilidad<\/h3><p>Con el software de gesti\u00f3n de activos de la mesa de ayuda, puede realizar un seguimiento de todos sus activos, ver su rendimiento y controlar su estado general. Tambi\u00e9n puede supervisar mejor todas las actividades de TI esenciales dentro de su organizaci\u00f3n. Este tipo de visibilidad le permite tomar decisiones r\u00e1pidas y bien informadas sobre la gesti\u00f3n de cualquier problema que surja en su entorno de TI.<\/p><h3>Eficiencia mejorada<\/h3><p>Una ubicaci\u00f3n \u00fanica para todos los datos significa que el cambio entre contextos es menos frecuente, lo que ahorra tiempo y energ\u00eda. Los dos tipos de software proporcionan informaci\u00f3n diferente, pero comparten un \u00fanico prop\u00f3sito: ayudarlo a administrar sus recursos de TI y tomar medidas para resolver posibles problemas. Cada software contiene informaci\u00f3n que puede ayudarle a ser m\u00e1s consciente de los datos \u00fatiles para una actividad y otra, y a comprender mejor c\u00f3mo interact\u00faan. Al combinarlos, se reduce el tiempo empleado en cambiar de un programa a otro.<\/p><h3>Productividad incrementada<\/h3><p>La combinaci\u00f3n de software de mesa de ayuda y software de gesti\u00f3n de activos proporciona todas las herramientas que necesita para gestionar eficazmente los recursos de TI, al tiempo que garantiza la satisfacci\u00f3n del usuario final y mejora la productividad. Tambi\u00e9n te ofrece la oportunidad de hacer m\u00e1s por tu empresa, haci\u00e9ndola m\u00e1s competitiva y aumentando su capacidad de producci\u00f3n. De este modo podr\u00e1 realizar operaciones en ambas \u00e1reas de inter\u00e9s al mismo tiempo y asegurarse de que no se pierda nada.<\/p><h3>ciberseguridad<\/h3><p>Puede resultar complicado garantizar la seguridad de todos los activos del entorno de TI de su organizaci\u00f3n. El software de gesti\u00f3n de activos de la mesa de ayuda facilita esta tarea porque le permite monitorear la seguridad de sus dispositivos. Tambi\u00e9n puede resolver tickets r\u00e1pidamente, para nunca comprometer la seguridad de sus dispositivos.<\/p><h2>El software de gesti\u00f3n de activos de mesa de ayuda para su negocio<\/h2><p>El software de gesti\u00f3n de activos de la mesa de ayuda puede convertirse en una fuente \u00fanica de informaci\u00f3n confiable para su entorno de TI. Con informaci\u00f3n sobre cada recurso de TI dentro de su organizaci\u00f3n e informaci\u00f3n recopilada a trav\u00e9s de la mesa de ayuda y la generaci\u00f3n de tickets, podr\u00e1 tomar decisiones informadas sobre c\u00f3mo ayudar a usuarios individuales o a toda su organizaci\u00f3n.<\/p>\t\t\t\t\t\t\t\t<\/div>\n\t\t\t\t<\/div>\n\t\t\t\t\t<\/div>\n\t\t<\/div>\n\t\t\t\t\t<\/div>\n\t\t<\/section>\n\t\t\t\t<\/div>","protected":false},"excerpt":{"rendered":"<p>Soluciones de software de gesti\u00f3n de activos y mesa de ayuda El software de gesti\u00f3n de activos y mesa de ayuda es una plataforma avanzada que permite a las empresas brindar atenci\u00f3n al cliente eficiente y administrar de manera \u00f3ptima... <\/p>\n<p class=\"read-more-container\"><a title=\"Software de gesti\u00f3n de recursos y mesa de ayuda\" class=\"read-more button\" href=\"https:\/\/www.noitech.net\/es\/software-de-gestion-de-activos-de-servicio-de-ayuda\/#more-221047\" aria-label=\"M\u00e1s en Software de gesti\u00f3n de recursos y mesa de ayuda\">Leer m\u00e1s<\/a><\/p>","protected":false},"author":1,"featured_media":0,"parent":0,"menu_order":0,"comment_status":"closed","ping_status":"closed","template":"","meta":{"footnotes":""},"class_list":{"0":"post-221047","1":"page","2":"type-page","3":"status-publish","5":"no-featured-image-padding"},"_links":{"self":[{"href":"https:\/\/www.noitech.net\/es\/wp-json\/wp\/v2\/pages\/221047","targetHints":{"allow":["GET"]}}],"collection":[{"href":"https:\/\/www.noitech.net\/es\/wp-json\/wp\/v2\/pages"}],"about":[{"href":"https:\/\/www.noitech.net\/es\/wp-json\/wp\/v2\/types\/page"}],"author":[{"embeddable":true,"href":"https:\/\/www.noitech.net\/es\/wp-json\/wp\/v2\/users\/1"}],"replies":[{"embeddable":true,"href":"https:\/\/www.noitech.net\/es\/wp-json\/wp\/v2\/comments?post=221047"}],"version-history":[{"count":38,"href":"https:\/\/www.noitech.net\/es\/wp-json\/wp\/v2\/pages\/221047\/revisions"}],"predecessor-version":[{"id":221724,"href":"https:\/\/www.noitech.net\/es\/wp-json\/wp\/v2\/pages\/221047\/revisions\/221724"}],"wp:attachment":[{"href":"https:\/\/www.noitech.net\/es\/wp-json\/wp\/v2\/media?parent=221047"}],"curies":[{"name":"wp","href":"https:\/\/api.w.org\/{rel}","templated":true}]}}