{"id":221334,"date":"2023-08-29T18:07:33","date_gmt":"2023-08-29T16:07:33","guid":{"rendered":"https:\/\/www.noitech.net\/?page_id=221334"},"modified":"2023-08-31T11:59:18","modified_gmt":"2023-08-31T09:59:18","slug":"software-di-creazione-form-e-compilazione-documenti","status":"publish","type":"page","link":"https:\/\/www.noitech.net\/es\/software-de-creacion-de-formularios-y-compilacion-de-documentos\/","title":{"rendered":"Software de creaci\u00f3n de formularios y compilaci\u00f3n de documentos."},"content":{"rendered":"<div data-elementor-type=\"wp-page\" data-elementor-id=\"221334\" class=\"elementor elementor-221334\" data-elementor-post-type=\"page\">\n\t\t\t\t\t\t<section class=\"elementor-section elementor-top-section elementor-element elementor-element-a341869 elementor-section-boxed elementor-section-height-default elementor-section-height-default\" data-id=\"a341869\" data-element_type=\"section\" data-settings=\"{&quot;background_background&quot;:&quot;classic&quot;}\">\n\t\t\t\t\t\t\t<div class=\"elementor-background-overlay\"><\/div>\n\t\t\t\t\t\t\t<div class=\"elementor-container elementor-column-gap-default\">\n\t\t\t\t\t<div class=\"elementor-column elementor-col-50 elementor-top-column elementor-element elementor-element-64737fb\" data-id=\"64737fb\" data-element_type=\"column\">\n\t\t\t<div class=\"elementor-widget-wrap elementor-element-populated\">\n\t\t\t\t\t\t<div class=\"elementor-element elementor-element-4bafb18 elementor-widget elementor-widget-spacer\" data-id=\"4bafb18\" data-element_type=\"widget\" data-widget_type=\"spacer.default\">\n\t\t\t\t<div class=\"elementor-widget-container\">\n\t\t\t\t\t\t\t<div class=\"elementor-spacer\">\n\t\t\t<div class=\"elementor-spacer-inner\"><\/div>\n\t\t<\/div>\n\t\t\t\t\t\t<\/div>\n\t\t\t\t<\/div>\n\t\t\t\t<div class=\"elementor-element elementor-element-428c274 elementor-widget__width-auto elementor-widget elementor-widget-text-editor\" data-id=\"428c274\" data-element_type=\"widget\" data-widget_type=\"text-editor.default\">\n\t\t\t\t<div class=\"elementor-widget-container\">\n\t\t\t\t\t\t\t\t\tSoluciones\t\t\t\t\t\t\t\t<\/div>\n\t\t\t\t<\/div>\n\t\t\t\t<div class=\"elementor-element elementor-element-9a9122a elementor-widget__width-inherit elementor-widget-tablet__width-auto elementor-widget-mobile__width-inherit animated-fast elementor-widget elementor-widget-text-editor\" data-id=\"9a9122a\" data-element_type=\"widget\" data-settings=\"{&quot;_animation&quot;:&quot;none&quot;}\" data-widget_type=\"text-editor.default\">\n\t\t\t\t<div class=\"elementor-widget-container\">\n\t\t\t\t\t\t\t\t\t<h1 style=\"color: #fff;\">Software de creaci\u00f3n de formularios y compilaci\u00f3n de documentos.<\/h1>\t\t\t\t\t\t\t\t<\/div>\n\t\t\t\t<\/div>\n\t\t\t\t<div class=\"elementor-element elementor-element-6a5907e elementor-widget elementor-widget-text-editor\" data-id=\"6a5907e\" data-element_type=\"widget\" data-widget_type=\"text-editor.default\">\n\t\t\t\t<div class=\"elementor-widget-container\">\n\t\t\t\t\t\t\t\t\tEl software de creaci\u00f3n de formularios y compilaci\u00f3n de documentos simplifica el dise\u00f1o de formularios digitales y la automatizaci\u00f3n de la compilaci\u00f3n de documentos, mejorando la eficiencia y reduciendo errores. Es esencial para las empresas que necesitan gestionar documentos de forma r\u00e1pida y precisa.\t\t\t\t\t\t\t\t<\/div>\n\t\t\t\t<\/div>\n\t\t\t\t<div class=\"elementor-element elementor-element-741f890 elementor-align-left elementor-tablet-align-left elementor-mobile-align-justify animated-slow elementor-widget elementor-widget-button\" data-id=\"741f890\" data-element_type=\"widget\" data-settings=\"{&quot;_animation_delay&quot;:0,&quot;_animation&quot;:&quot;none&quot;}\" data-widget_type=\"button.default\">\n\t\t\t\t<div class=\"elementor-widget-container\">\n\t\t\t\t\t\t\t\t\t<div class=\"elementor-button-wrapper\">\n\t\t\t\t\t<a class=\"elementor-button elementor-button-link elementor-size-sm\" href=\"https:\/\/www.noitech.net\/es\/contactos\/\">\n\t\t\t\t\t\t<span class=\"elementor-button-content-wrapper\">\n\t\t\t\t\t\t<span class=\"elementor-button-icon\">\n\t\t\t\t<i aria-hidden=\"true\" class=\"fas fa-arrow-right\"><\/i>\t\t\t<\/span>\n\t\t\t\t\t\t\t\t\t<span class=\"elementor-button-text\">Ponerse en contacto<\/span>\n\t\t\t\t\t<\/span>\n\t\t\t\t\t<\/a>\n\t\t\t\t<\/div>\n\t\t\t\t\t\t\t\t<\/div>\n\t\t\t\t<\/div>\n\t\t\t\t<div class=\"elementor-element elementor-element-003250e elementor-widget elementor-widget-spacer\" data-id=\"003250e\" data-element_type=\"widget\" data-widget_type=\"spacer.default\">\n\t\t\t\t<div class=\"elementor-widget-container\">\n\t\t\t\t\t\t\t<div class=\"elementor-spacer\">\n\t\t\t<div class=\"elementor-spacer-inner\"><\/div>\n\t\t<\/div>\n\t\t\t\t\t\t<\/div>\n\t\t\t\t<\/div>\n\t\t\t\t\t<\/div>\n\t\t<\/div>\n\t\t\t\t<div class=\"elementor-column elementor-col-50 elementor-top-column elementor-element elementor-element-046c378\" data-id=\"046c378\" data-element_type=\"column\" data-settings=\"{&quot;background_background&quot;:&quot;classic&quot;}\">\n\t\t\t<div class=\"elementor-widget-wrap\">\n\t\t\t\t\t<div class=\"elementor-background-overlay\"><\/div>\n\t\t\t\t\t\t\t<\/div>\n\t\t<\/div>\n\t\t\t\t\t<\/div>\n\t\t<\/section>\n\t\t\t\t<section class=\"elementor-section elementor-top-section elementor-element elementor-element-22f709a elementor-section-boxed elementor-section-height-default elementor-section-height-default\" data-id=\"22f709a\" data-element_type=\"section\" data-settings=\"{&quot;background_background&quot;:&quot;classic&quot;}\">\n\t\t\t\t\t\t<div class=\"elementor-container elementor-column-gap-default\">\n\t\t\t\t\t<div class=\"elementor-column elementor-col-100 elementor-top-column elementor-element elementor-element-413ce2d\" data-id=\"413ce2d\" data-element_type=\"column\">\n\t\t\t<div class=\"elementor-widget-wrap elementor-element-populated\">\n\t\t\t\t\t\t<div class=\"elementor-element elementor-element-c4e822f elementor-widget elementor-widget-text-editor\" data-id=\"c4e822f\" data-element_type=\"widget\" data-widget_type=\"text-editor.default\">\n\t\t\t\t<div class=\"elementor-widget-container\">\n\t\t\t\t\t\t\t\t\tEl software de creaci\u00f3n de formularios y compilaci\u00f3n de documentos es una herramienta esencial para simplificar la creaci\u00f3n y gesti\u00f3n de documentos personalizados. Este software permite a los usuarios dise\u00f1ar f\u00e1cilmente formularios digitales, integrando elementos como cuadros de texto, men\u00fas desplegables y casillas de verificaci\u00f3n. Una vez creados los formularios, puede completarlos de manera eficiente con datos espec\u00edficos, lo que reduce los errores y aumenta la productividad. Estos datos se pueden extraer autom\u00e1ticamente y utilizar para generar documentos personalizados, como contratos, informes o cartas. Esta herramienta es invaluable para empresas, despachos de abogados y organizaciones que requieren una gesti\u00f3n de documentos precisa y eficiente.\t\t\t\t\t\t\t\t<\/div>\n\t\t\t\t<\/div>\n\t\t\t\t\t<\/div>\n\t\t<\/div>\n\t\t\t\t\t<\/div>\n\t\t<\/section>\n\t\t\t\t<\/div>","protected":false},"excerpt":{"rendered":"<p>Soluzioni Software di creazione form e compilazione documenti Un software di creazione form e compilazione documenti semplifica la progettazione di moduli digitali e l&#8217;automazione della compilazione dei documenti, migliorando l&#8217;efficienza e riducendo gli errori. \u00c8 essenziale per aziende che necessitano &#8230; <\/p>\n<p class=\"read-more-container\"><a title=\"Software de creaci\u00f3n de formularios y compilaci\u00f3n de documentos.\" class=\"read-more button\" href=\"https:\/\/www.noitech.net\/es\/software-de-creacion-de-formularios-y-compilacion-de-documentos\/#more-221334\" aria-label=\"M\u00e1s en Software di creazione form e compilazione documenti\">Leer m\u00e1s<\/a><\/p>","protected":false},"author":1,"featured_media":0,"parent":0,"menu_order":0,"comment_status":"closed","ping_status":"closed","template":"","meta":{"footnotes":""},"class_list":{"0":"post-221334","1":"page","2":"type-page","3":"status-publish","5":"no-featured-image-padding"},"_links":{"self":[{"href":"https:\/\/www.noitech.net\/es\/wp-json\/wp\/v2\/pages\/221334","targetHints":{"allow":["GET"]}}],"collection":[{"href":"https:\/\/www.noitech.net\/es\/wp-json\/wp\/v2\/pages"}],"about":[{"href":"https:\/\/www.noitech.net\/es\/wp-json\/wp\/v2\/types\/page"}],"author":[{"embeddable":true,"href":"https:\/\/www.noitech.net\/es\/wp-json\/wp\/v2\/users\/1"}],"replies":[{"embeddable":true,"href":"https:\/\/www.noitech.net\/es\/wp-json\/wp\/v2\/comments?post=221334"}],"version-history":[{"count":7,"href":"https:\/\/www.noitech.net\/es\/wp-json\/wp\/v2\/pages\/221334\/revisions"}],"predecessor-version":[{"id":221718,"href":"https:\/\/www.noitech.net\/es\/wp-json\/wp\/v2\/pages\/221334\/revisions\/221718"}],"wp:attachment":[{"href":"https:\/\/www.noitech.net\/es\/wp-json\/wp\/v2\/media?parent=221334"}],"curies":[{"name":"wp","href":"https:\/\/api.w.org\/{rel}","templated":true}]}}