{"id":221343,"date":"2023-08-29T18:10:52","date_gmt":"2023-08-29T16:10:52","guid":{"rendered":"https:\/\/www.noitech.net\/?page_id=221343"},"modified":"2023-08-31T11:59:37","modified_gmt":"2023-08-31T09:59:37","slug":"software-gestionale-con-videocall-integrata","status":"publish","type":"page","link":"https:\/\/www.noitech.net\/es\/software-de-gestion-con-videollamada-integrada\/","title":{"rendered":"Software de gesti\u00f3n con videollamada integrada"},"content":{"rendered":"<div data-elementor-type=\"wp-page\" data-elementor-id=\"221343\" class=\"elementor elementor-221343\" data-elementor-post-type=\"page\">\n\t\t\t\t\t\t<section class=\"elementor-section elementor-top-section elementor-element elementor-element-a341869 elementor-section-boxed elementor-section-height-default elementor-section-height-default\" data-id=\"a341869\" data-element_type=\"section\" data-settings=\"{&quot;background_background&quot;:&quot;classic&quot;}\">\n\t\t\t\t\t\t\t<div class=\"elementor-background-overlay\"><\/div>\n\t\t\t\t\t\t\t<div class=\"elementor-container elementor-column-gap-default\">\n\t\t\t\t\t<div class=\"elementor-column elementor-col-50 elementor-top-column elementor-element elementor-element-64737fb\" data-id=\"64737fb\" data-element_type=\"column\">\n\t\t\t<div class=\"elementor-widget-wrap elementor-element-populated\">\n\t\t\t\t\t\t<div class=\"elementor-element elementor-element-4bafb18 elementor-widget elementor-widget-spacer\" data-id=\"4bafb18\" data-element_type=\"widget\" data-widget_type=\"spacer.default\">\n\t\t\t\t<div class=\"elementor-widget-container\">\n\t\t\t\t\t\t\t<div class=\"elementor-spacer\">\n\t\t\t<div class=\"elementor-spacer-inner\"><\/div>\n\t\t<\/div>\n\t\t\t\t\t\t<\/div>\n\t\t\t\t<\/div>\n\t\t\t\t<div class=\"elementor-element elementor-element-428c274 elementor-widget__width-auto elementor-widget elementor-widget-text-editor\" data-id=\"428c274\" data-element_type=\"widget\" data-widget_type=\"text-editor.default\">\n\t\t\t\t<div class=\"elementor-widget-container\">\n\t\t\t\t\t\t\t\t\tSoluciones\t\t\t\t\t\t\t\t<\/div>\n\t\t\t\t<\/div>\n\t\t\t\t<div class=\"elementor-element elementor-element-9a9122a elementor-widget__width-inherit elementor-widget-tablet__width-auto elementor-widget-mobile__width-inherit animated-fast elementor-widget elementor-widget-text-editor\" data-id=\"9a9122a\" data-element_type=\"widget\" data-settings=\"{&quot;_animation&quot;:&quot;none&quot;}\" data-widget_type=\"text-editor.default\">\n\t\t\t\t<div class=\"elementor-widget-container\">\n\t\t\t\t\t\t\t\t\t<h1 style=\"color: #fff;\">Software de gesti\u00f3n con videollamada integrada<\/h1>\t\t\t\t\t\t\t\t<\/div>\n\t\t\t\t<\/div>\n\t\t\t\t<div class=\"elementor-element elementor-element-6a5907e elementor-widget elementor-widget-text-editor\" data-id=\"6a5907e\" data-element_type=\"widget\" data-widget_type=\"text-editor.default\">\n\t\t\t\t<div class=\"elementor-widget-container\">\n\t\t\t\t\t\t\t\t\tEl software de gesti\u00f3n con videollamadas integradas combina la gesti\u00f3n empresarial y la comunicaci\u00f3n en tiempo real, facilitando las reuniones virtuales y mejorando la colaboraci\u00f3n interna y externa, todo desde una \u00fanica plataforma centralizada. \t\t\t\t\t\t\t\t<\/div>\n\t\t\t\t<\/div>\n\t\t\t\t<div class=\"elementor-element elementor-element-741f890 elementor-align-left elementor-tablet-align-left elementor-mobile-align-justify animated-slow elementor-widget elementor-widget-button\" data-id=\"741f890\" data-element_type=\"widget\" data-settings=\"{&quot;_animation_delay&quot;:0,&quot;_animation&quot;:&quot;none&quot;}\" data-widget_type=\"button.default\">\n\t\t\t\t<div class=\"elementor-widget-container\">\n\t\t\t\t\t\t\t\t\t<div class=\"elementor-button-wrapper\">\n\t\t\t\t\t<a class=\"elementor-button elementor-button-link elementor-size-sm\" href=\"https:\/\/www.noitech.net\/es\/contactos\/\">\n\t\t\t\t\t\t<span class=\"elementor-button-content-wrapper\">\n\t\t\t\t\t\t<span class=\"elementor-button-icon\">\n\t\t\t\t<i aria-hidden=\"true\" class=\"fas fa-arrow-right\"><\/i>\t\t\t<\/span>\n\t\t\t\t\t\t\t\t\t<span class=\"elementor-button-text\">Ponerse en contacto<\/span>\n\t\t\t\t\t<\/span>\n\t\t\t\t\t<\/a>\n\t\t\t\t<\/div>\n\t\t\t\t\t\t\t\t<\/div>\n\t\t\t\t<\/div>\n\t\t\t\t<div class=\"elementor-element elementor-element-003250e elementor-widget elementor-widget-spacer\" data-id=\"003250e\" data-element_type=\"widget\" data-widget_type=\"spacer.default\">\n\t\t\t\t<div class=\"elementor-widget-container\">\n\t\t\t\t\t\t\t<div class=\"elementor-spacer\">\n\t\t\t<div class=\"elementor-spacer-inner\"><\/div>\n\t\t<\/div>\n\t\t\t\t\t\t<\/div>\n\t\t\t\t<\/div>\n\t\t\t\t\t<\/div>\n\t\t<\/div>\n\t\t\t\t<div class=\"elementor-column elementor-col-50 elementor-top-column elementor-element elementor-element-046c378\" data-id=\"046c378\" data-element_type=\"column\" data-settings=\"{&quot;background_background&quot;:&quot;classic&quot;}\">\n\t\t\t<div class=\"elementor-widget-wrap\">\n\t\t\t\t\t<div class=\"elementor-background-overlay\"><\/div>\n\t\t\t\t\t\t\t<\/div>\n\t\t<\/div>\n\t\t\t\t\t<\/div>\n\t\t<\/section>\n\t\t\t\t<section class=\"elementor-section elementor-top-section elementor-element elementor-element-22f709a elementor-section-boxed elementor-section-height-default elementor-section-height-default\" data-id=\"22f709a\" data-element_type=\"section\" data-settings=\"{&quot;background_background&quot;:&quot;classic&quot;}\">\n\t\t\t\t\t\t<div class=\"elementor-container elementor-column-gap-default\">\n\t\t\t\t\t<div class=\"elementor-column elementor-col-100 elementor-top-column elementor-element elementor-element-413ce2d\" data-id=\"413ce2d\" data-element_type=\"column\">\n\t\t\t<div class=\"elementor-widget-wrap elementor-element-populated\">\n\t\t\t\t\t\t<div class=\"elementor-element elementor-element-c4e822f elementor-widget elementor-widget-text-editor\" data-id=\"c4e822f\" data-element_type=\"widget\" data-widget_type=\"text-editor.default\">\n\t\t\t\t<div class=\"elementor-widget-container\">\n\t\t\t\t\t\t\t\t\tEl software de gesti\u00f3n con videollamada integrada es una soluci\u00f3n avanzada que combina la gesti\u00f3n empresarial con la comunicaci\u00f3n en tiempo real. Esta herramienta permite a las empresas gestionar las operaciones diarias, incluida la contabilidad, el inventario y la gesti\u00f3n de personal, al tiempo que ofrece la posibilidad de realizar videollamadas directamente desde la plataforma. Esta integraci\u00f3n simplifica las comunicaciones internas y externas, permitiendo reuniones y negociaciones virtuales en un entorno centralizado. Es una soluci\u00f3n ideal para mejorar la colaboraci\u00f3n y la eficiencia empresarial en un mundo cada vez m\u00e1s conectado.\t\t\t\t\t\t\t\t<\/div>\n\t\t\t\t<\/div>\n\t\t\t\t\t<\/div>\n\t\t<\/div>\n\t\t\t\t\t<\/div>\n\t\t<\/section>\n\t\t\t\t<\/div>","protected":false},"excerpt":{"rendered":"<p>Soluzioni Software gestionale con videocall integrata Un software gestionale con videocall integrata unisce gestione aziendale e comunicazione in tempo reale, agevolando riunioni virtuali e migliorando la collaborazione interna ed esterna, il tutto da un&#8217;unica piattaforma centralizzata. Mettiti in contatto Un &#8230; <\/p>\n<p class=\"read-more-container\"><a title=\"Software de gesti\u00f3n con videollamada integrada\" class=\"read-more button\" href=\"https:\/\/www.noitech.net\/es\/software-de-gestion-con-videollamada-integrada\/#more-221343\" aria-label=\"M\u00e1s en Software gestionale con videocall integrata\">Leer m\u00e1s<\/a><\/p>","protected":false},"author":1,"featured_media":0,"parent":0,"menu_order":0,"comment_status":"closed","ping_status":"closed","template":"","meta":{"footnotes":""},"class_list":{"0":"post-221343","1":"page","2":"type-page","3":"status-publish","5":"no-featured-image-padding"},"_links":{"self":[{"href":"https:\/\/www.noitech.net\/es\/wp-json\/wp\/v2\/pages\/221343","targetHints":{"allow":["GET"]}}],"collection":[{"href":"https:\/\/www.noitech.net\/es\/wp-json\/wp\/v2\/pages"}],"about":[{"href":"https:\/\/www.noitech.net\/es\/wp-json\/wp\/v2\/types\/page"}],"author":[{"embeddable":true,"href":"https:\/\/www.noitech.net\/es\/wp-json\/wp\/v2\/users\/1"}],"replies":[{"embeddable":true,"href":"https:\/\/www.noitech.net\/es\/wp-json\/wp\/v2\/comments?post=221343"}],"version-history":[{"count":7,"href":"https:\/\/www.noitech.net\/es\/wp-json\/wp\/v2\/pages\/221343\/revisions"}],"predecessor-version":[{"id":221721,"href":"https:\/\/www.noitech.net\/es\/wp-json\/wp\/v2\/pages\/221343\/revisions\/221721"}],"wp:attachment":[{"href":"https:\/\/www.noitech.net\/es\/wp-json\/wp\/v2\/media?parent=221343"}],"curies":[{"name":"wp","href":"https:\/\/api.w.org\/{rel}","templated":true}]}}